{"id":2282,"date":"2025-08-12T23:15:39","date_gmt":"2025-08-12T20:15:39","guid":{"rendered":"https:\/\/www.tektrade.ee\/lt\/?post_type=product&#038;p=2282"},"modified":"2025-08-19T22:04:04","modified_gmt":"2025-08-19T19:04:04","slug":"ikamsos","status":"publish","type":"product","link":"https:\/\/www.tektrade.ee\/lt\/prekes\/tarpines-ir-sandarinimo-medziagos\/velenu-ir-siurbliu-sandarikliai\/ikamsos\/","title":{"rendered":"\u012ekam\u0161os"},"content":{"rendered":"\n<p>\u012ekam\u0161os \u2013 tai pinti keturkampio skerspj\u016bvio sandarikliai, skirti besisukantiems velenams, pirmyn ir atgal judantiems st\u016bmokliams, statin\u0117ms jung\u0117ms \/ liukams ir vo\u017etuv\u0173 stiebams sandarinti.<\/p>\n\n\n\n<div class=\"wp-block-group is-nowrap is-layout-flex wp-container-core-group-is-layout-ad2f72ca wp-block-group-is-layout-flex\">\n<figure class=\"wp-block-image size-full\"><img loading=\"lazy\" decoding=\"async\" width=\"284\" height=\"200\" src=\"https:\/\/www.tektrade.ee\/lt\/wp-content\/uploads\/sites\/7\/2025\/08\/ResizedImage284200-Erinevad-topendid.jpg\" alt=\"\" class=\"wp-image-2493\"\/><figcaption class=\"wp-element-caption\">\u012evairios \u012fkam\u0161os<br><\/figcaption><\/figure>\n<\/div>\n\n\n\n<div style=\"height:30px\" aria-hidden=\"true\" class=\"wp-block-spacer\"><\/div>\n\n\n\n<p>\u012ekam\u0161\u0173 r\u016b\u0161ys:<br><strong>1. P.A.N. (poliakrinitrilo) pluo\u0161to ir PTFE ar anglies pluo\u0161to derinys<\/strong><br>Temperat\u016bros intervalas: nuo -40 \u00b0C iki +250 \u00b0C<br>Sl\u0117gis: iki 100 bar<br>Greitis: iki 18 m\/s<br><br><strong>2. Stiklo pluo\u0161to ir PTFE, \u201eInconel\u201c ar grafito pluo\u0161to derinys<\/strong><br>Temperat\u016bros intervalas: nuo -100 \u00b0C iki +550 \u00b0C<br>Sl\u0117gis: iki 250 bar<br>Greitis: iki 12 m\/s<\/p>\n\n\n\n<p><strong>3. \u201eKevlar\u201c, \u0161iurk\u0161\u010diam poveikiui atsparaus aramido pluo\u0161to ir PTFE arba grafito pluo\u0161to derinys<\/strong><br>Temperat\u016bros intervalas: nuo -100 \u00b0C iki +280 \u00b0C<br>Sl\u0117gis: iki 400 bar<br>Greitis: iki 20 m\/s<br><br><strong>4. PTFE pluo\u0161tas<\/strong><br>Temperat\u016bros intervalas: nuo -200 \u00b0C iki +280 \u00b0C<br>Sl\u0117gis: iki 200 bar<br>Greitis: iki 12 m\/s<br><br><strong>5. GORE\u00ae&nbsp;pluo\u0161tas ar kitas kombinuotas&nbsp;PTFE \/ grafito pluo\u0161tas<\/strong><br>Temperat\u016bros intervalas: nuo -200 \u00b0C iki +280 \u00b0C (inertini\u0173 duj\u0173 aplinkoje \u2013 iki +2760 \u00b0C)<br>Sl\u0117gis: iki 150 bar<br>Greitis: iki 25 m\/s<br><br><strong>6. Anglies ir grafito pluo\u0161tas&nbsp;<\/strong><br>Temperat\u016bros intervalas: nuo -150 \u00b0C iki +650 \u00b0C<br>Sl\u0117gis: iki 300 bar<br>Greitis: iki 30 m\/s<br><br><strong>7. Termi\u0161kai i\u0161pl\u0117sto grafito pluo\u0161to ir \u201eGrafan\u201c derinys<\/strong><br>Temperat\u016bros intervalas: nuo -200 \u00b0C iki +600 \u00b0C (inertini\u0173 duj\u0173 aplinkoje \u2013 iki +3000 \u00b0C)<br>Sl\u0117gis: iki 360 bar<br>Greitis: iki 30 m\/s<br><br><strong>8. Nat\u016bralus pluo\u0161to (medviln\u0117, \u201eRamie\u201c, linas)&nbsp; ir PTFE ar grafito pluo\u0161to derinys<\/strong><br>Temperat\u016bros intervalas: nuo -30 \u00b0C iki +120 \u00b0C&nbsp;<br>Sl\u0117gis: iki 130 bar<br>Greitis: iki 12 m\/s<\/p>\n\n\n\n<p><br>Sen\u0105 \u012fkam\u0161\u0105 galite i\u0161traukti naudodami kam\u0161\u010diatraukius, arba ekstraktorius.<\/p>\n\n\n\n<div class=\"wp-block-group is-nowrap is-layout-flex wp-container-core-group-is-layout-ad2f72ca wp-block-group-is-layout-flex\">\n<figure class=\"wp-block-image size-full\"><img loading=\"lazy\" decoding=\"async\" width=\"200\" height=\"200\" src=\"https:\/\/www.tektrade.ee\/lt\/wp-content\/uploads\/sites\/7\/2025\/08\/ResizedImage200200-Ekstraktor.jpg\" alt=\"\" class=\"wp-image-2494\" srcset=\"https:\/\/www.tektrade.ee\/lt\/wp-content\/uploads\/sites\/7\/2025\/08\/ResizedImage200200-Ekstraktor.jpg 200w, https:\/\/www.tektrade.ee\/lt\/wp-content\/uploads\/sites\/7\/2025\/08\/ResizedImage200200-Ekstraktor-150x150.jpg 150w, https:\/\/www.tektrade.ee\/lt\/wp-content\/uploads\/sites\/7\/2025\/08\/ResizedImage200200-Ekstraktor-100x100.jpg 100w\" sizes=\"auto, (max-width: 200px) 100vw, 200px\" \/><figcaption class=\"wp-element-caption\"><em>Ekstraktoriai<br><br><\/em><\/figcaption><\/figure>\n<\/div>\n","protected":false},"featured_media":0,"parent":2278,"menu_order":15,"template":"","class_list":["post-2282","product","type-product","status-publish","hentry"],"acf":[],"_links":{"self":[{"href":"https:\/\/www.tektrade.ee\/lt\/wp-json\/wp\/v2\/product\/2282","targetHints":{"allow":["GET"]}}],"collection":[{"href":"https:\/\/www.tektrade.ee\/lt\/wp-json\/wp\/v2\/product"}],"about":[{"href":"https:\/\/www.tektrade.ee\/lt\/wp-json\/wp\/v2\/types\/product"}],"version-history":[{"count":3,"href":"https:\/\/www.tektrade.ee\/lt\/wp-json\/wp\/v2\/product\/2282\/revisions"}],"predecessor-version":[{"id":3090,"href":"https:\/\/www.tektrade.ee\/lt\/wp-json\/wp\/v2\/product\/2282\/revisions\/3090"}],"up":[{"embeddable":true,"href":"https:\/\/www.tektrade.ee\/lt\/wp-json\/wp\/v2\/product\/2278"}],"wp:attachment":[{"href":"https:\/\/www.tektrade.ee\/lt\/wp-json\/wp\/v2\/media?parent=2282"}],"curies":[{"name":"wp","href":"https:\/\/api.w.org\/{rel}","templated":true}]}}