{"id":2280,"date":"2025-08-12T23:15:22","date_gmt":"2025-08-12T20:15:22","guid":{"rendered":"https:\/\/www.tektrade.ee\/lt\/?post_type=product&#038;p=2280"},"modified":"2025-08-19T22:03:23","modified_gmt":"2025-08-19T19:03:23","slug":"mechaniniai-sandarikliai","status":"publish","type":"product","link":"https:\/\/www.tektrade.ee\/lt\/prekes\/tarpines-ir-sandarinimo-medziagos\/velenu-ir-siurbliu-sandarikliai\/mechaniniai-sandarikliai\/","title":{"rendered":"Mechaniniai sandarikliai"},"content":{"rendered":"\n<p>Siurbli\u0173 ir mai\u0161ytuv\u0173 velenams bei korpusams skirti sandarikliai b\u016bna dviej\u0173 r\u016b\u0161i\u0173: vidiniai ir i\u0161oriniai (kasetiniai).<\/p>\n\n\n\n<p>Velenams skirt\u0173 mechanini\u0173 sandarikli\u0173 darbiniai pavir\u0161iai gali b\u016bti i\u0161 \u0161i\u0173 med\u017eiag\u0173: keramikos, anglies, silicio karbido ar volframo karbido.<br>Sandarikliuose &nbsp;naudojami \u0161i\u0173 med\u017eiag\u0173 elastomerai ir plastikin\u0117s detal\u0117s: EPDM, NBR, FPM (vitono) ar chemi\u0161kai atspari\u0173 PTFE, FEP ar PFA.<br>Tinkamos sandarikli\u0173 med\u017eiagos pasirinkimas priklauso nuo siurbiam\u0173 skys\u010di\u0173 savybi\u0173, skys\u010di\u0173 temperat\u016bros ir darbinio sl\u0117gio.<\/p>\n\n\n\n<div style=\"height:30px\" aria-hidden=\"true\" class=\"wp-block-spacer\"><\/div>\n\n\n\n<div class=\"wp-block-group is-layout-grid wp-container-core-group-is-layout-6be84c55 wp-block-group-is-layout-grid\">\n<div class=\"wp-block-group is-content-justification-left is-layout-constrained wp-container-core-group-is-layout-8c890d92 wp-block-group-is-layout-constrained\">\n<figure class=\"wp-block-image aligncenter size-full\"><img loading=\"lazy\" decoding=\"async\" width=\"283\" height=\"187\" src=\"https:\/\/www.tektrade.ee\/lt\/wp-content\/uploads\/sites\/7\/2025\/08\/ResizedImage283187-Keerdvedruga-vollitihend.jpg\" alt=\"\" class=\"wp-image-2479\"\/><figcaption class=\"wp-element-caption\">Veleno sandariklis su sraigtine spyruokle<br><\/figcaption><\/figure>\n<\/div>\n\n\n\n<div class=\"wp-block-group is-layout-constrained wp-block-group-is-layout-constrained\">\n<figure class=\"wp-block-image aligncenter size-full\"><img loading=\"lazy\" decoding=\"async\" width=\"180\" height=\"185\" src=\"https:\/\/www.tektrade.ee\/lt\/wp-content\/uploads\/sites\/7\/2025\/08\/ResizedImage180185-Lainelise-vedruga-vollitihend.jpg\" alt=\"\" class=\"wp-image-2480\"\/><figcaption class=\"wp-element-caption\">Veleno sandariklis su bangine spyruokle<br><\/figcaption><\/figure>\n<\/div>\n\n\n\n<div class=\"wp-block-group is-layout-constrained wp-block-group-is-layout-constrained\">\n<figure class=\"wp-block-image aligncenter size-full\"><img loading=\"lazy\" decoding=\"async\" width=\"164\" height=\"184\" src=\"https:\/\/www.tektrade.ee\/lt\/wp-content\/uploads\/sites\/7\/2025\/08\/ResizedImage164184-Kassett-tihend.jpg\" alt=\"\" class=\"wp-image-2481\"\/><figcaption class=\"wp-element-caption\">Kasetinis sandariklis<br><\/figcaption><\/figure>\n<\/div>\n<\/div>\n\n\n\n<div style=\"height:30px\" aria-hidden=\"true\" class=\"wp-block-spacer\"><\/div>\n\n\n\n<div class=\"wp-block-file\"><a id=\"wp-block-file--media-8b8384da-d810-4e73-a97b-0f8b94d6abdc\" href=\"https:\/\/www.tektrade.ee\/lt\/wp-content\/uploads\/sites\/7\/2025\/08\/VULCAN-kataloog-Mehaanilised-tihendid.pdf\" target=\"_blank\" rel=\"noreferrer noopener\">VULCAN\u00ae katalogas \u2013 mechaniniai velen\u0173 sandarikliai<\/a><\/div>\n\n\n\n<div class=\"wp-block-file\"><a id=\"wp-block-file--media-e7ef9620-9153-45a7-ba30-a9dd92a5f2ac\" href=\"https:\/\/www.tektrade.ee\/lt\/wp-content\/uploads\/sites\/7\/2025\/08\/ANGA-Mechanical-Seals_catalogue_ENG_2015-.pdf\" target=\"_blank\" rel=\"noreferrer noopener\">ANGA katalogas &#8211; mechaniniai sandarikliai\u00a0<\/a><\/div>\n\n\n\n<p>Kartu su kasetiniais sandarikliais si\u016blome \u012fsigyti pagalbini\u0173 prietais\u0173, turin\u010di\u0173 sl\u0117gio arba au\u0161inimo funkcij\u0105, ar abi \u0161ias funkcijas.<\/p>\n\n\n\n<p>Siekiant didesnio mechanini\u0173 sandarikli\u0173 veiksmingumo, darbin\u0117je aplinkoje da\u017enai naudojami pagalbiniai prietaisai. Jie leid\u017eia anksti aptikti sandarikli\u0173 pa\u017eeidimus ir sekti sistemos veikim\u0105.<\/p>\n\n\n\n<p>Papildomos sistemos komponentai parenkami atsi\u017evelgiant \u012f sandariklio naudojimo s\u0105lygas ir galutinio vartotojo keliamus reikalavimus. Pavyzd\u017eiui, jei bus siurbiamas nema\u017eai ter\u0161al\u0173 turintis skystis, rekomenduojama sumontuoti filtr\u0105 \/ atskirtuv\u0105, tuomet ter\u0161alai nesikaups ant sandariklio pavir\u0161iaus. Tuo tarpu, jei numatyta siurbti auk\u0161tos temperat\u016bros skyst\u012f, patartina pajungti au\u0161inimo sistem\u0105, ji suma\u017eins sandarikliui perduodam\u0105 \u0161ilumos kiek\u012f. Papildomai galima naudoti steb\u0117senos sistem\u0105, ji apskai\u010diuos nutek\u0117jusio skys\u010dio kiek\u012f ar sandariklio veikimo trikd\u017ei\u0173 skai\u010di\u0173. Steb\u0117senos sistema pad\u0117s nuolat sekti sandariklio b\u016bkl\u0119 ir taip i\u0161vengti neplanuot\u0173 i\u0161laid\u0173.<\/p>\n\n\n\n<div style=\"height:30px\" aria-hidden=\"true\" class=\"wp-block-spacer\"><\/div>\n\n\n\n<div class=\"wp-block-group is-nowrap is-layout-flex wp-container-core-group-is-layout-ad2f72ca wp-block-group-is-layout-flex\">\n<figure class=\"wp-block-image size-full\"><img loading=\"lazy\" decoding=\"async\" width=\"320\" height=\"240\" src=\"https:\/\/www.tektrade.ee\/lt\/wp-content\/uploads\/sites\/7\/2025\/08\/ResizedImage320240-Abiseade-kassett-tihendile.jpg\" alt=\"\" class=\"wp-image-2489\" srcset=\"https:\/\/www.tektrade.ee\/lt\/wp-content\/uploads\/sites\/7\/2025\/08\/ResizedImage320240-Abiseade-kassett-tihendile.jpg 320w, https:\/\/www.tektrade.ee\/lt\/wp-content\/uploads\/sites\/7\/2025\/08\/ResizedImage320240-Abiseade-kassett-tihendile-300x225.jpg 300w\" sizes=\"auto, (max-width: 320px) 100vw, 320px\" \/><figcaption class=\"wp-element-caption\">Kasetinio sandariklio papildomas prietaisas<br><\/figcaption><\/figure>\n<\/div>\n\n\n\n<p>Taip pat si\u016blome kasetini\u0173 sandarikli\u0173 prie\u017ei\u016bros paslaug\u0105 ir organizuojame nusid\u0117v\u0117jusi\u0173 mechanini\u0173 dali\u0173 remont\u0105 tose \u012fmon\u0117se, kur jos buvo pagamintos.<\/p>\n\n\n\n<div class=\"wp-block-file\"><a id=\"wp-block-file--media-f9a00fde-8059-47ce-bd48-877a8dba1e2a\" href=\"https:\/\/www.tektrade.ee\/lt\/wp-content\/uploads\/sites\/7\/2025\/08\/K-INFO-EN-form1.pdf\" target=\"_blank\" rel=\"noreferrer noopener\">\u201eANGA\u201c u\u017eklausos puslapis<\/a><\/div>\n","protected":false},"featured_media":0,"parent":2278,"menu_order":14,"template":"","class_list":["post-2280","product","type-product","status-publish","hentry"],"acf":[],"_links":{"self":[{"href":"https:\/\/www.tektrade.ee\/lt\/wp-json\/wp\/v2\/product\/2280","targetHints":{"allow":["GET"]}}],"collection":[{"href":"https:\/\/www.tektrade.ee\/lt\/wp-json\/wp\/v2\/product"}],"about":[{"href":"https:\/\/www.tektrade.ee\/lt\/wp-json\/wp\/v2\/types\/product"}],"version-history":[{"count":8,"href":"https:\/\/www.tektrade.ee\/lt\/wp-json\/wp\/v2\/product\/2280\/revisions"}],"predecessor-version":[{"id":3089,"href":"https:\/\/www.tektrade.ee\/lt\/wp-json\/wp\/v2\/product\/2280\/revisions\/3089"}],"up":[{"embeddable":true,"href":"https:\/\/www.tektrade.ee\/lt\/wp-json\/wp\/v2\/product\/2278"}],"wp:attachment":[{"href":"https:\/\/www.tektrade.ee\/lt\/wp-json\/wp\/v2\/media?parent=2280"}],"curies":[{"name":"wp","href":"https:\/\/api.w.org\/{rel}","templated":true}]}}