{"id":2276,"date":"2025-08-12T23:14:39","date_gmt":"2025-08-12T20:14:39","guid":{"rendered":"https:\/\/www.tektrade.ee\/lt\/?post_type=product&#038;p=2276"},"modified":"2025-08-19T22:01:29","modified_gmt":"2025-08-19T19:01:29","slug":"tarpikliu-gamyba","status":"publish","type":"product","link":"https:\/\/www.tektrade.ee\/lt\/prekes\/tarpines-ir-sandarinimo-medziagos\/jungiu-tarpikliai-ir-sandarikliai\/tarpikliu-gamyba\/","title":{"rendered":"Tarpikli\u0173 gamyba"},"content":{"rendered":"\n<div class=\"wp-block-group is-nowrap is-layout-flex wp-container-core-group-is-layout-64989fb1 wp-block-group-is-layout-flex\">\n<div class=\"wp-block-group is-layout-constrained wp-block-group-is-layout-constrained\">\n<p>Pagal kliento pageidavimus gaminame \u012fvairius jungi\u0173 tarpiklius.&nbsp;Taip pat si\u016blome \u012fsigyti mechaniniu ar elektriniu b\u016bdu veikian\u010dius \u012frenginius rankiniam tarpikli\u0173 pjaustymui.<\/p>\n<\/div>\n\n\n\n<div class=\"wp-block-group is-layout-flow wp-block-group-is-layout-flow\">\n<figure class=\"wp-block-image size-full is-resized wp-container-content-69bc4bdf\"><img loading=\"lazy\" decoding=\"async\" width=\"215\" height=\"161\" src=\"https:\/\/www.tektrade.ee\/lt\/wp-content\/uploads\/sites\/7\/2025\/08\/ResizedImage215161-IMG-1212.jpg\" alt=\"\" class=\"wp-image-2475\" style=\"aspect-ratio:4\/3;object-fit:cover;width:300px\"\/><figcaption class=\"wp-element-caption\">Pjaustyti jungi\u0173 tarpikliai<br><\/figcaption><\/figure>\n<\/div>\n<\/div>\n","protected":false},"featured_media":0,"parent":2254,"menu_order":12,"template":"","class_list":["post-2276","product","type-product","status-publish","hentry"],"acf":[],"_links":{"self":[{"href":"https:\/\/www.tektrade.ee\/lt\/wp-json\/wp\/v2\/product\/2276","targetHints":{"allow":["GET"]}}],"collection":[{"href":"https:\/\/www.tektrade.ee\/lt\/wp-json\/wp\/v2\/product"}],"about":[{"href":"https:\/\/www.tektrade.ee\/lt\/wp-json\/wp\/v2\/types\/product"}],"version-history":[{"count":5,"href":"https:\/\/www.tektrade.ee\/lt\/wp-json\/wp\/v2\/product\/2276\/revisions"}],"predecessor-version":[{"id":3086,"href":"https:\/\/www.tektrade.ee\/lt\/wp-json\/wp\/v2\/product\/2276\/revisions\/3086"}],"up":[{"embeddable":true,"href":"https:\/\/www.tektrade.ee\/lt\/wp-json\/wp\/v2\/product\/2254"}],"wp:attachment":[{"href":"https:\/\/www.tektrade.ee\/lt\/wp-json\/wp\/v2\/media?parent=2276"}],"curies":[{"name":"wp","href":"https:\/\/api.w.org\/{rel}","templated":true}]}}