{"id":2274,"date":"2025-08-12T23:14:28","date_gmt":"2025-08-12T20:14:28","guid":{"rendered":"https:\/\/www.tektrade.ee\/lt\/?post_type=product&#038;p=2274"},"modified":"2025-08-29T16:12:46","modified_gmt":"2025-08-29T13:12:46","slug":"techniniai-veltiniai","status":"publish","type":"product","link":"https:\/\/www.tektrade.ee\/lt\/prekes\/tarpines-ir-sandarinimo-medziagos\/jungiu-tarpikliai-ir-sandarikliai\/techniniai-veltiniai\/","title":{"rendered":"Techniniai veltiniai"},"content":{"rendered":"\n<div class=\"wp-block-group is-nowrap is-layout-flex wp-container-core-group-is-layout-ad2f72ca wp-block-group-is-layout-flex\">\n<div class=\"wp-block-group is-layout-constrained wp-block-group-is-layout-constrained\">\n<figure class=\"wp-block-image alignleft size-full\"><img loading=\"lazy\" decoding=\"async\" width=\"300\" height=\"200\" src=\"https:\/\/www.tektrade.ee\/lt\/wp-content\/uploads\/sites\/7\/2025\/08\/Tehniline-vilt.jpg\" alt=\"\" class=\"wp-image-2472\" \/><figcaption class=\"wp-element-caption\">Techniniai veltiniai<br><\/figcaption><\/figure>\n<\/div>\n<\/div>\n\n\n\n<div style=\"height:30px\" aria-hidden=\"true\" class=\"wp-block-spacer\"><\/div>\n\n\n\n<p>TekTrade Baltic tootevalikus on naturaalsest villast ja ka s\u00fcnteetilistest kiududest tehnilised vildid. Viltmaterjalid on saadaval erineva tiheduse ja \u201eTekTrade Baltic\u201c asortimente yra technini\u0173 veltini\u0173 i\u0161 nat\u016bralios vilnos, taip pat i\u0161 sintetinio pluo\u0161to. \u0160i\u0173 gamini\u0173 si\u016blome \u012fvairaus tankio ir storio.<\/p>\n\n\n\n<p>Naudojimo sritys:&nbsp;<\/p>\n\n\n\n<ul class=\"wp-block-list\">\n<li>\u012frengini\u0173 gamyba;<\/li>\n\n\n\n<li>elektros ir elektronikos pramon\u0117;<\/li>\n\n\n\n<li>stiklo, popieriaus ir keramikos pramon\u0117;<\/li>\n\n\n\n<li>\u0161ilumos technologijos;<\/li>\n\n\n\n<li>plieno gamyba;<\/li>\n\n\n\n<li>bald\u0173 gamyba.<\/li>\n<\/ul>\n\n\n\n<p>Sand\u0117liuojame:<\/p>\n\n\n\n<ul class=\"wp-block-list\">\n<li>Nat\u016bralios vilnos veltin\u012f storiais 3 mm, 5 mm, 6 mm, 8 mm, 10 mm, 15 mm ir 20 mm; plotis 1500 mm; tankis 0,42 g\/cm\u00b3; spalva \u2013 balta.<\/li>\n\n\n\n<li>PES sintetini\u0173 pluo\u0161t\u0173 veltin\u012f storiais 3 mm, 5 mm ir 10 mm; plotis 2000 mm ir 1700 mm; tankis 0,25 g\/cm\u00b3; spalva \u2013 balta.<br><br>Detales ir kitus gaminius i\u0161 veltini\u0173 galime paruo\u0161ti pagal u\u017esakym\u0105.<\/li>\n<\/ul>\n","protected":false},"featured_media":0,"parent":2254,"menu_order":11,"template":"","class_list":["post-2274","product","type-product","status-publish","hentry"],"acf":[],"_links":{"self":[{"href":"https:\/\/www.tektrade.ee\/lt\/wp-json\/wp\/v2\/product\/2274","targetHints":{"allow":["GET"]}}],"collection":[{"href":"https:\/\/www.tektrade.ee\/lt\/wp-json\/wp\/v2\/product"}],"about":[{"href":"https:\/\/www.tektrade.ee\/lt\/wp-json\/wp\/v2\/types\/product"}],"version-history":[{"count":6,"href":"https:\/\/www.tektrade.ee\/lt\/wp-json\/wp\/v2\/product\/2274\/revisions"}],"predecessor-version":[{"id":3222,"href":"https:\/\/www.tektrade.ee\/lt\/wp-json\/wp\/v2\/product\/2274\/revisions\/3222"}],"up":[{"embeddable":true,"href":"https:\/\/www.tektrade.ee\/lt\/wp-json\/wp\/v2\/product\/2254"}],"wp:attachment":[{"href":"https:\/\/www.tektrade.ee\/lt\/wp-json\/wp\/v2\/media?parent=2274"}],"curies":[{"name":"wp","href":"https:\/\/api.w.org\/{rel}","templated":true}]}}