{"id":2272,"date":"2025-08-12T23:14:18","date_gmt":"2025-08-12T20:14:18","guid":{"rendered":"https:\/\/www.tektrade.ee\/lt\/?post_type=product&#038;p=2272"},"modified":"2025-08-19T22:00:45","modified_gmt":"2025-08-19T19:00:45","slug":"silumokaiciu-tarpines","status":"publish","type":"product","link":"https:\/\/www.tektrade.ee\/lt\/prekes\/tarpines-ir-sandarinimo-medziagos\/jungiu-tarpikliai-ir-sandarikliai\/silumokaiciu-tarpines\/","title":{"rendered":"\u0160ilumokai\u010di\u0173 tarpin\u0117s"},"content":{"rendered":"\n<p>\u201eTekTrade Baltic\u201c asortimente yra tarpini\u0173 i\u0161ardomiems \u0161ilumokai\u010diams.<\/p>\n\n\n\n<p>Vamzdinams ir plok\u0161teliniams \u0161ilumokai\u010diams skirti sandarikliai:<\/p>\n\n\n\n<ul class=\"wp-block-list\">\n<li>tarp korpuso dali\u0173 naudojamos tarpin\u0117s (si\u016blome tarpini\u0173 i\u0161 \u012fvairi\u0173 med\u017eiag\u0173: metalo, neasbestinio sandarinimo kartono ir tt.);<\/li>\n\n\n\n<li>tarp dang\u010dio ir korpuso naudojamos metalin\u0117s tarpin\u0117s: spiralin\u0117s tarpin\u0117s, dantyti tarpikliai, dengiamosios tarpin\u0117s\u00a0 (gaminamos pagal tarpin\u0117s br\u0117\u017ein\u012f);<\/li>\n\n\n\n<li>jungi\u0173 tarpikliai vamzd\u017ei\u0173 sand\u016broms.<br>\u00a0<\/li>\n<\/ul>\n\n\n\n<p>Gumini\u0173 tarpini\u0173 profiliai ir \u017eiedai plok\u0161teliniams \u0161ilumokai\u010diams:<\/p>\n\n\n\n<ul class=\"wp-block-list\">\n<li>u\u017edarymo tarpin\u0117s;<\/li>\n\n\n\n<li>tarp plok\u0161\u010di\u0173 naudojamos tarpin\u0117s (tiek klijuojamos, tiek sujungiamos spaustukais).<\/li>\n<\/ul>\n\n\n\n<p>J\u016bs\u0173 pasirinkimui si\u016blome sandariklius skirting\u0173 gamintoj\u0173 plok\u0161teliniams \u0161ilumokai\u010diams.<\/p>\n\n\n\n<div style=\"height:30px\" aria-hidden=\"true\" class=\"wp-block-spacer\"><\/div>\n\n\n\n<div class=\"wp-block-file\"><a id=\"wp-block-file--media-035dedc7-3309-46cb-b06a-65241ee16ebf\" href=\"https:\/\/www.tektrade.ee\/lt\/wp-content\/uploads\/sites\/7\/2025\/08\/Heat-Exchanger-gaskets.pdf\" target=\"_blank\" rel=\"noreferrer noopener\">Preki\u0173 katalogas<\/a><\/div>\n\n\n\n<p><\/p>\n","protected":false},"featured_media":0,"parent":2254,"menu_order":10,"template":"","class_list":["post-2272","product","type-product","status-publish","hentry"],"acf":[],"_links":{"self":[{"href":"https:\/\/www.tektrade.ee\/lt\/wp-json\/wp\/v2\/product\/2272","targetHints":{"allow":["GET"]}}],"collection":[{"href":"https:\/\/www.tektrade.ee\/lt\/wp-json\/wp\/v2\/product"}],"about":[{"href":"https:\/\/www.tektrade.ee\/lt\/wp-json\/wp\/v2\/types\/product"}],"version-history":[{"count":3,"href":"https:\/\/www.tektrade.ee\/lt\/wp-json\/wp\/v2\/product\/2272\/revisions"}],"predecessor-version":[{"id":3084,"href":"https:\/\/www.tektrade.ee\/lt\/wp-json\/wp\/v2\/product\/2272\/revisions\/3084"}],"up":[{"embeddable":true,"href":"https:\/\/www.tektrade.ee\/lt\/wp-json\/wp\/v2\/product\/2254"}],"wp:attachment":[{"href":"https:\/\/www.tektrade.ee\/lt\/wp-json\/wp\/v2\/media?parent=2272"}],"curies":[{"name":"wp","href":"https:\/\/api.w.org\/{rel}","templated":true}]}}