{"id":2270,"date":"2025-08-12T23:14:06","date_gmt":"2025-08-12T20:14:06","guid":{"rendered":"https:\/\/www.tektrade.ee\/lt\/?post_type=product&#038;p=2270"},"modified":"2025-08-19T22:00:21","modified_gmt":"2025-08-19T19:00:21","slug":"sandarinimo-juostos","status":"publish","type":"product","link":"https:\/\/www.tektrade.ee\/lt\/prekes\/tarpines-ir-sandarinimo-medziagos\/jungiu-tarpikliai-ir-sandarikliai\/sandarinimo-juostos\/","title":{"rendered":"Sandarinimo juostos"},"content":{"rendered":"\n<p>Sandarinimo juostas lipniu pavir\u0161iumi da\u017enai naudojamos dideli\u0173 matmen\u0173 jung\u0117ms ir liukams sandarinti. Sand\u0117lyje turime termi\u0161kai i\u0161pl\u0117sto PTFE juost\u0173, kar\u0161\u010diui atspari\u0173 stiklo pluo\u0161to&nbsp;\/keraminio pluo\u0161to juost\u0173 ir pint\u0173 sandarinimo juost\u0173 i\u0161 lankstaus grafito.<\/p>\n\n\n\n<div class=\"wp-block-group is-layout-grid wp-container-core-group-is-layout-baef362d wp-block-group-is-layout-grid\">\n<div class=\"wp-block-group is-content-justification-left is-layout-constrained wp-container-core-group-is-layout-8c890d92 wp-block-group-is-layout-constrained\">\n<figure class=\"wp-block-image aligncenter size-full\"><img loading=\"lazy\" decoding=\"async\" width=\"300\" height=\"225\" src=\"https:\/\/www.tektrade.ee\/lt\/wp-content\/uploads\/sites\/7\/2025\/08\/ResizedImage300225-tihenduspaelad.jpg\" alt=\"\" class=\"wp-image-2466\"\/><figcaption class=\"wp-element-caption\">Kar\u0161\u010diui atsparios juostos<br><\/figcaption><\/figure>\n<\/div>\n\n\n\n<div class=\"wp-block-group is-layout-constrained wp-block-group-is-layout-constrained\">\n<figure class=\"wp-block-image aligncenter size-full\"><img loading=\"lazy\" decoding=\"async\" width=\"300\" height=\"225\" src=\"https:\/\/www.tektrade.ee\/lt\/wp-content\/uploads\/sites\/7\/2025\/08\/ResizedImage300225-tihenduspaelad2.jpg\" alt=\"\" class=\"wp-image-2467\"\/><figcaption class=\"wp-element-caption\">Sandarinimo juostos i\u0161 PTFE ir grafito<br><\/figcaption><\/figure>\n<\/div>\n<\/div>\n\n\n\n<p><\/p>\n","protected":false},"featured_media":0,"parent":2254,"menu_order":9,"template":"","class_list":["post-2270","product","type-product","status-publish","hentry"],"acf":[],"_links":{"self":[{"href":"https:\/\/www.tektrade.ee\/lt\/wp-json\/wp\/v2\/product\/2270","targetHints":{"allow":["GET"]}}],"collection":[{"href":"https:\/\/www.tektrade.ee\/lt\/wp-json\/wp\/v2\/product"}],"about":[{"href":"https:\/\/www.tektrade.ee\/lt\/wp-json\/wp\/v2\/types\/product"}],"version-history":[{"count":5,"href":"https:\/\/www.tektrade.ee\/lt\/wp-json\/wp\/v2\/product\/2270\/revisions"}],"predecessor-version":[{"id":3083,"href":"https:\/\/www.tektrade.ee\/lt\/wp-json\/wp\/v2\/product\/2270\/revisions\/3083"}],"up":[{"embeddable":true,"href":"https:\/\/www.tektrade.ee\/lt\/wp-json\/wp\/v2\/product\/2254"}],"wp:attachment":[{"href":"https:\/\/www.tektrade.ee\/lt\/wp-json\/wp\/v2\/media?parent=2270"}],"curies":[{"name":"wp","href":"https:\/\/api.w.org\/{rel}","templated":true}]}}