{"id":2266,"date":"2025-08-12T23:13:41","date_gmt":"2025-08-12T20:13:41","guid":{"rendered":"https:\/\/www.tektrade.ee\/lt\/?post_type=product&#038;p=2266"},"modified":"2025-08-19T21:58:33","modified_gmt":"2025-08-19T18:58:33","slug":"chevron-tarpikliai-is-gumos-ir-plieno-wd-tipas","status":"publish","type":"product","link":"https:\/\/www.tektrade.ee\/lt\/prekes\/tarpines-ir-sandarinimo-medziagos\/jungiu-tarpikliai-ir-sandarikliai\/chevron-tarpikliai-is-gumos-ir-plieno-wd-tipas\/","title":{"rendered":"\u201eChevron\u201c tarpikliai i\u0161 gumos ir plieno \u2013 WD tipas"},"content":{"rendered":"\n<p>Tarpiklis susideda i\u0161 dviej\u0173 dali\u0173, turin\u010di\u0173 4\u00b0\u00a0pavir\u0161iaus nuolyd\u012f. Abi dalys tarpusavyje sujungtos \u201egaubiamojo\u201c tipo jungtimi. Toks sprendimas leid\u017eia sujungti tarpiklius iki 8\u00b0 kampu. Tarpiklio dali\u0173 jungtys ypa\u010d atsparios aplinkos s\u0105lygoms. Standartin\u0117 \u0161i\u0173 tarpikli\u0173 med\u017eiaga \u2013 EPDM guma, pagal atskir\u0105 u\u017esakym\u0105 galime pagaminti ir tarpikli\u0173 i\u0161 FPM ar silikono gumos. Dyd\u017eiai: DN32\u2013 DN500.\u00a0<\/p>\n\n\n\n<div class=\"wp-block-group is-layout-grid wp-container-core-group-is-layout-baef362d wp-block-group-is-layout-grid\">\n<div class=\"wp-block-group is-content-justification-left is-layout-constrained wp-container-core-group-is-layout-8c890d92 wp-block-group-is-layout-constrained\">\n<figure class=\"wp-block-image aligncenter size-full\"><img loading=\"lazy\" decoding=\"async\" width=\"200\" height=\"200\" src=\"https:\/\/www.tektrade.ee\/lt\/wp-content\/uploads\/sites\/7\/2025\/08\/ResizedImage200200-WD-tihend.jpg\" alt=\"\" class=\"wp-image-2453\" srcset=\"https:\/\/www.tektrade.ee\/lt\/wp-content\/uploads\/sites\/7\/2025\/08\/ResizedImage200200-WD-tihend.jpg 200w, https:\/\/www.tektrade.ee\/lt\/wp-content\/uploads\/sites\/7\/2025\/08\/ResizedImage200200-WD-tihend-150x150.jpg 150w, https:\/\/www.tektrade.ee\/lt\/wp-content\/uploads\/sites\/7\/2025\/08\/ResizedImage200200-WD-tihend-100x100.jpg 100w\" sizes=\"auto, (max-width: 200px) 100vw, 200px\" \/><figcaption class=\"wp-element-caption\">WD tipo tarpiklis<br><\/figcaption><\/figure>\n<\/div>\n\n\n\n<div class=\"wp-block-group is-layout-constrained wp-block-group-is-layout-constrained\">\n<figure class=\"wp-block-image aligncenter size-full\"><img loading=\"lazy\" decoding=\"async\" width=\"200\" height=\"200\" src=\"https:\/\/www.tektrade.ee\/lt\/wp-content\/uploads\/sites\/7\/2025\/08\/ResizedImage200200-WD-tihend-paigas.jpg\" alt=\"\" class=\"wp-image-2454\" srcset=\"https:\/\/www.tektrade.ee\/lt\/wp-content\/uploads\/sites\/7\/2025\/08\/ResizedImage200200-WD-tihend-paigas.jpg 200w, https:\/\/www.tektrade.ee\/lt\/wp-content\/uploads\/sites\/7\/2025\/08\/ResizedImage200200-WD-tihend-paigas-150x150.jpg 150w, https:\/\/www.tektrade.ee\/lt\/wp-content\/uploads\/sites\/7\/2025\/08\/ResizedImage200200-WD-tihend-paigas-100x100.jpg 100w\" sizes=\"auto, (max-width: 200px) 100vw, 200px\" \/><figcaption class=\"wp-element-caption\">Sumontuotas WD tipo tarpiklis<br><\/figcaption><\/figure>\n<\/div>\n<\/div>\n","protected":false},"featured_media":0,"parent":2254,"menu_order":7,"template":"","class_list":["post-2266","product","type-product","status-publish","hentry"],"acf":[],"_links":{"self":[{"href":"https:\/\/www.tektrade.ee\/lt\/wp-json\/wp\/v2\/product\/2266","targetHints":{"allow":["GET"]}}],"collection":[{"href":"https:\/\/www.tektrade.ee\/lt\/wp-json\/wp\/v2\/product"}],"about":[{"href":"https:\/\/www.tektrade.ee\/lt\/wp-json\/wp\/v2\/types\/product"}],"version-history":[{"count":6,"href":"https:\/\/www.tektrade.ee\/lt\/wp-json\/wp\/v2\/product\/2266\/revisions"}],"predecessor-version":[{"id":3081,"href":"https:\/\/www.tektrade.ee\/lt\/wp-json\/wp\/v2\/product\/2266\/revisions\/3081"}],"up":[{"embeddable":true,"href":"https:\/\/www.tektrade.ee\/lt\/wp-json\/wp\/v2\/product\/2254"}],"wp:attachment":[{"href":"https:\/\/www.tektrade.ee\/lt\/wp-json\/wp\/v2\/media?parent=2266"}],"curies":[{"name":"wp","href":"https:\/\/api.w.org\/{rel}","templated":true}]}}