{"id":2264,"date":"2025-08-12T23:13:29","date_gmt":"2025-08-12T20:13:29","guid":{"rendered":"https:\/\/www.tektrade.ee\/lt\/?post_type=product&#038;p=2264"},"modified":"2025-08-19T21:57:36","modified_gmt":"2025-08-19T18:57:36","slug":"epdm-ja-nbr-kumm-teras-aarikutihendid","status":"publish","type":"product","link":"https:\/\/www.tektrade.ee\/lt\/prekes\/tarpines-ir-sandarinimo-medziagos\/jungiu-tarpikliai-ir-sandarikliai\/epdm-ja-nbr-kumm-teras-aarikutihendid\/","title":{"rendered":"EPDM ir NBR jungi\u0173 tarpikliai i\u0161 gumos ir plieno"},"content":{"rendered":"\n<p>Metalltugevdusega kummist tihendid tagavad turvalise tsentreerimise ja ideaalse tihendamise.<br>Guminiai tarpikliai su metalo dalimi u\u017etikrina saugumo centravim\u0105 ir puik\u0173 sandarum\u0105.<br>Si\u016blome DN15\u2013DN1200 matmen\u0173 ir PN6\u2013PN40 sl\u0117gio klasi\u0173 tarpiklius.&nbsp;<br>Privalumai:<\/p>\n\n\n\n<ul class=\"wp-block-list\">\n<li>priver\u017eiant var\u017etus, sukimo momentas yra ma\u017eas ir nereikalauja dideli\u0173 pastang\u0173;<\/li>\n\n\n\n<li>\u0161io tipo tarpikliai taip pat tinka paslankiosioms jungtims ir emaliuot\u0173 bei pa\u017eeist\u0173 pavir\u0161i\u0173 jung\u0117ms, kadangi var\u017et\u0173 \u012ftempimo sl\u0117gis tolygiai pasiskirsto jungi\u0173 pavir\u0161iuose.\u00a0<\/li>\n<\/ul>\n\n\n\n<p>\u0160ie tirpikliai pagal profil\u012f tinka naudoti kaip alternatyv\u0105 \u017eiediniams tarpikliams (O-tarpikliams).&nbsp;<br>NBR guminiai tarpikliai yra patvirtinti sertifikatu kaip tinkami naudoti DIN-DVGW duj\u0173 vamzdyn\u0173 sandarinimui. EPDM guminiai tarpikliai atitinka KTW D1\/D2 geriamo vandens standart\u0105.<\/p>\n\n\n\n<div style=\"height:30px\" aria-hidden=\"true\" class=\"wp-block-spacer\"><\/div>\n\n\n\n<div class=\"wp-block-group is-layout-grid wp-container-core-group-is-layout-baef362d wp-block-group-is-layout-grid\">\n<div class=\"wp-block-group is-content-justification-center is-layout-constrained wp-block-group-is-layout-constrained\">\n<figure class=\"wp-block-image aligncenter size-full\"><img loading=\"lazy\" decoding=\"async\" width=\"179\" height=\"150\" src=\"https:\/\/www.tektrade.ee\/lt\/wp-content\/uploads\/sites\/7\/2025\/08\/ResizedImage179150-Gasket-1.jpg\" alt=\"\" class=\"wp-image-2448\"\/><figcaption class=\"wp-element-caption\">Gumos ir plieno tarpiklis<br><\/figcaption><\/figure>\n<\/div>\n\n\n\n<div class=\"wp-block-group is-layout-constrained wp-block-group-is-layout-constrained\">\n<figure class=\"wp-block-image aligncenter size-full\"><img loading=\"lazy\" decoding=\"async\" width=\"345\" height=\"150\" src=\"https:\/\/www.tektrade.ee\/lt\/wp-content\/uploads\/sites\/7\/2025\/08\/ResizedImage345150-Gasket-2.jpg\" alt=\"\" class=\"wp-image-2449\" srcset=\"https:\/\/www.tektrade.ee\/lt\/wp-content\/uploads\/sites\/7\/2025\/08\/ResizedImage345150-Gasket-2.jpg 345w, https:\/\/www.tektrade.ee\/lt\/wp-content\/uploads\/sites\/7\/2025\/08\/ResizedImage345150-Gasket-2-300x130.jpg 300w\" sizes=\"auto, (max-width: 345px) 100vw, 345px\" \/><figcaption class=\"wp-element-caption\">Tarpiklio profilis<br><\/figcaption><\/figure>\n<\/div>\n<\/div>\n","protected":false},"featured_media":0,"parent":2254,"menu_order":6,"template":"","class_list":["post-2264","product","type-product","status-publish","hentry"],"acf":[],"_links":{"self":[{"href":"https:\/\/www.tektrade.ee\/lt\/wp-json\/wp\/v2\/product\/2264","targetHints":{"allow":["GET"]}}],"collection":[{"href":"https:\/\/www.tektrade.ee\/lt\/wp-json\/wp\/v2\/product"}],"about":[{"href":"https:\/\/www.tektrade.ee\/lt\/wp-json\/wp\/v2\/types\/product"}],"version-history":[{"count":9,"href":"https:\/\/www.tektrade.ee\/lt\/wp-json\/wp\/v2\/product\/2264\/revisions"}],"predecessor-version":[{"id":3080,"href":"https:\/\/www.tektrade.ee\/lt\/wp-json\/wp\/v2\/product\/2264\/revisions\/3080"}],"up":[{"embeddable":true,"href":"https:\/\/www.tektrade.ee\/lt\/wp-json\/wp\/v2\/product\/2254"}],"wp:attachment":[{"href":"https:\/\/www.tektrade.ee\/lt\/wp-json\/wp\/v2\/media?parent=2264"}],"curies":[{"name":"wp","href":"https:\/\/api.w.org\/{rel}","templated":true}]}}