{"id":2262,"date":"2025-08-12T23:13:15","date_gmt":"2025-08-12T20:13:15","guid":{"rendered":"https:\/\/www.tektrade.ee\/lt\/?post_type=product&#038;p=2262"},"modified":"2025-08-19T21:57:11","modified_gmt":"2025-08-19T18:57:11","slug":"metaliniai-jungiu-tarpikliai","status":"publish","type":"product","link":"https:\/\/www.tektrade.ee\/lt\/prekes\/tarpines-ir-sandarinimo-medziagos\/jungiu-tarpikliai-ir-sandarikliai\/metaliniai-jungiu-tarpikliai\/","title":{"rendered":"Metaliniai jungi\u0173 tarpikliai"},"content":{"rendered":"\n<p>Asortimentas labai platus \u2013 nuo dantyt\u0173 tarpikli\u0173 iki speciali\u0173j\u0173, vien i\u0161 metalo pagamint\u0173 sandarikli\u0173.<\/p>\n\n\n\n<div class=\"wp-block-file\"><a id=\"wp-block-file--media-e0c2e847-b0d2-4dce-a9cb-3926b39b58de\" href=\"https:\/\/www.tektrade.ee\/lt\/wp-content\/uploads\/sites\/7\/2025\/08\/Spetech-Static-seals.pdf\" target=\"_blank\" rel=\"noreferrer noopener\">Spetech\u00ae katalogas<\/a><\/div>\n\n\n\n<p><\/p>\n\n\n\n<div class=\"wp-block-group is-nowrap is-layout-flex wp-container-core-group-is-layout-64989fb1 wp-block-group-is-layout-flex\">\n<div class=\"wp-block-group is-layout-constrained wp-block-group-is-layout-constrained\">\n<p><strong>Dantyti tarpikliai<\/strong>\u00a0\u2013\u00a0viena geriausi\u0173 pramonei tinkam\u0173 sandarinimo med\u017eiag\u0173. Dantyt\u0173 tarpikli\u0173 yra labai \u012fvairi\u0173 r\u016b\u0161i\u0173. Pasirinkus teising\u0105 r\u016b\u0161\u012f, dantytus tarpiklius galima naudoti \u012fvairi\u0173 tip\u0173 jungi\u0173 sand\u016broms skirtingomis aplinkos s\u0105lygomis. Tarpikli\u0173 dant\u0173 tipas priklauso nuo numatytos naudojimo vietoje esan\u010dios aplinkos ir tarpiklio veikimui keliam\u0173 reikalavim\u0173, ta\u010diau labiausiai paplitusios \u2013 \u012flaidinio sun\u0117rimo (\u201etongue and groove\u201d) ir gaubiamojo (\u201emale and female\u201d) tip\u0173 jung\u0117s, kuri\u0173 did\u017eiausias i\u0161orinis skersmuo 5000 mm.<br>Sand\u0117lyje turime tre\u010dios kartos \u201eDryFlex\u00ae\u201c tipo dantyt\u0173 tarpikli\u0173 su kei\u010diamu i\u0161oriniu atraminiu \u017eiedu. J\u012f galima pritaikyti reikiamai sl\u0117gio klasei. Vadinasi, tarpiklis tinka tam pa\u010diam vardiniam skersmeniui nepriklausomai nuo sl\u0117gio klas\u0117s. Standartinis tarpiklio storis yra 4,0 mm (3,0 mm metalin\u0117 dalis ir 2&#215;0,5\u00a0mm sandarinimo dalis), jis pagamintas pagal EN 1514-6 (DN ir PN) standarto reikalavimus.<\/p>\n<\/div>\n\n\n\n<div class=\"wp-block-group is-layout-flow wp-block-group-is-layout-flow\">\n<figure class=\"wp-block-image size-full wp-container-content-69bc4bdf\"><img loading=\"lazy\" decoding=\"async\" width=\"160\" height=\"100\" src=\"https:\/\/www.tektrade.ee\/lt\/wp-content\/uploads\/sites\/7\/2025\/08\/ResizedImage160100-Metalltihend-DryFlex.jpg\" alt=\"\" class=\"wp-image-2422\" style=\"aspect-ratio:4\/3;object-fit:cover\"\/><figcaption class=\"wp-element-caption\"><em>Dantyti tarpikliai \u201eDryFlex \u00ae\u201c<br><\/em><\/figcaption><\/figure>\n<\/div>\n<\/div>\n\n\n\n<p><a  href=\"https:\/\/www.youtube.com\/watch?v=LQtspdIVovg\"  target=\"_blank\" rel=\"noreferrer noopener\" target=\"_blank\">Vaizdo med\u017eiaga apie dantytus tarpiklius<\/a><\/p>\n\n\n\n<div class=\"wp-block-group is-nowrap is-layout-flex wp-container-core-group-is-layout-64989fb1 wp-block-group-is-layout-flex\">\n<div class=\"wp-block-group is-layout-constrained wp-block-group-is-layout-constrained\">\n<p><strong>Spiralin\u0117s tarpin\u0117s\u00a0<\/strong>\u2013 pramon\u0117s srityje paplitusi taupi alternatyva dantytiems tarpikliams. Spiralin\u0119 tarpin\u0119 sudaro V formos metalin\u0117 juostel\u0117 ir spirale susukta u\u017epildo med\u017eiaga. Juostel\u0117 da\u017eniausiai b\u016bna pagaminta i\u0161 316L metalo, u\u017epildui paprastai naudojamas grafitas ir PTFE (politetrafluoroetilenas). Naudojamas taip pat i\u0161orinis ir \/ ar vidinis metalinis atraminis \u017eiedas, suteikiantis tarpinei mechanin\u012f tvirtum\u0105. Atraminio \u017eiedo med\u017eiagos pasirinkimas priklauso nuo to, kokioje aplinkoje tarpin\u0117 bus naudojama.<\/p>\n<\/div>\n\n\n\n<div class=\"wp-block-group is-layout-flow wp-block-group-is-layout-flow\">\n<figure class=\"wp-block-image size-full wp-container-content-69bc4bdf\"><img loading=\"lazy\" decoding=\"async\" width=\"160\" height=\"100\" src=\"https:\/\/www.tektrade.ee\/lt\/wp-content\/uploads\/sites\/7\/2025\/08\/ResizedImage160100-Metalltihend-SPETOSPIR.jpg\" alt=\"\" class=\"wp-image-2426\" style=\"aspect-ratio:4\/3;object-fit:cover\"\/><figcaption class=\"wp-element-caption\"><em>Spiralin\u0117s tarpin\u0117s<br><\/em><\/figcaption><\/figure>\n<\/div>\n<\/div>\n\n\n\n<p>Pagrindiniai spiralini\u0173 tarpini\u0173 tipai:&nbsp;<br>1)&nbsp;&nbsp; &nbsp;be atramini\u0173 \u017eied\u0173 \u2013&nbsp;R tipas;<br>2)&nbsp;&nbsp; &nbsp;su vidiniu atraminiu \u017eiedu \u2013&nbsp;RIR tipas;<br>3)&nbsp;&nbsp; &nbsp;su i\u0161oriniu atraminiu \u017eiedu \u2013&nbsp;C\/O tipas;<br>4)&nbsp;&nbsp; &nbsp;su vidiniu ir i\u0161oriniu atraminiu \u017eiedu \u2013&nbsp;C\/I tipas.<\/p>\n\n\n\n<p>Sandarinimo dalies storis paprastai b\u016bna 3,2 mm, 4,5 mm ar 6,1 mm,<br>Atraminio \u017eiedo storis 2,0 mm.<\/p>\n\n\n\n<div style=\"height:30px\" aria-hidden=\"true\" class=\"wp-block-spacer\"><\/div>\n\n\n\n<div class=\"wp-block-group is-layout-grid wp-container-core-group-is-layout-4d858cb8 wp-block-group-is-layout-grid\">\n<div class=\"wp-block-group is-content-justification-left is-layout-constrained wp-container-core-group-is-layout-8c890d92 wp-block-group-is-layout-constrained\">\n<div class=\"wp-block-group is-layout-constrained wp-block-group-is-layout-constrained\">\n<figure class=\"wp-block-image aligncenter size-full\"><img loading=\"lazy\" decoding=\"async\" width=\"179\" height=\"73\" src=\"https:\/\/www.tektrade.ee\/lt\/wp-content\/uploads\/sites\/7\/2025\/08\/ResizedImage17973-tugirongasteta-tueuep-R.gif\" alt=\"\" class=\"wp-image-2428\"\/><figcaption class=\"wp-element-caption\">Be atramini\u0173 \u017eied\u0173 \u2013 R tipas<br><\/figcaption><\/figure>\n<\/div>\n<\/div>\n\n\n\n<div class=\"wp-block-group is-layout-constrained wp-block-group-is-layout-constrained\">\n<figure class=\"wp-block-image aligncenter size-full\"><img loading=\"lazy\" decoding=\"async\" width=\"179\" height=\"73\" src=\"https:\/\/www.tektrade.ee\/lt\/wp-content\/uploads\/sites\/7\/2025\/08\/ResizedImage17973-sisemise-tugirongaga-tueuep-RIR.gif\" alt=\"\" class=\"wp-image-2429\"\/><figcaption class=\"wp-element-caption\">Su vidiniu atraminiu \u017eiedu \u2013 RIR tipas<br><\/figcaption><\/figure>\n<\/div>\n\n\n\n<div class=\"wp-block-group is-layout-constrained wp-block-group-is-layout-constrained\">\n<figure class=\"wp-block-image aligncenter size-full\"><img loading=\"lazy\" decoding=\"async\" width=\"178\" height=\"63\" src=\"https:\/\/www.tektrade.ee\/lt\/wp-content\/uploads\/sites\/7\/2025\/08\/ResizedImage17863-vaelimise-tugirongaga-tueuep-CO.gif\" alt=\"\" class=\"wp-image-2430\"\/><figcaption class=\"wp-element-caption\">Su i\u0161oriniu atraminiu \u017eiedu \u2013 C\/O tipas<br><\/figcaption><\/figure>\n<\/div>\n\n\n\n<div class=\"wp-block-group is-layout-constrained wp-block-group-is-layout-constrained\">\n<figure class=\"wp-block-image aligncenter size-full\"><img loading=\"lazy\" decoding=\"async\" width=\"180\" height=\"63\" src=\"https:\/\/www.tektrade.ee\/lt\/wp-content\/uploads\/sites\/7\/2025\/08\/ResizedImage18063-sisemise-ja-vaelimise-tugirongaga-tueuep-CI.gif\" alt=\"\" class=\"wp-image-2431\"\/><figcaption class=\"wp-element-caption\">Su vidiniu ir atraminiu \u017eiedu \u2013 C\/I tipas<br><\/figcaption><\/figure>\n<\/div>\n<\/div>\n\n\n\n<div style=\"height:30px\" aria-hidden=\"true\" class=\"wp-block-spacer\"><\/div>\n\n\n\n<p><\/p>\n\n\n\n<p><strong>Metalin\u0117s \u201edengiamosios tarpin\u0117s\u201c<\/strong>&nbsp;\u2013 metalo tarpin\u0117s su mink\u0161tu u\u017epildu, naudojamos \u0161ilumokai\u010di\u0173 dang\u010diams sandarinti, taip pat katil\u0173 liukams ir vamzd\u017ei\u0173 jungtims hermetizuoti.&nbsp;<\/p>\n\n\n\n<p><\/p>\n\n\n\n<div class=\"wp-block-group is-nowrap is-layout-flex wp-container-core-group-is-layout-ad2f72ca wp-block-group-is-layout-flex\">\n<figure class=\"wp-block-image alignleft size-full\"><img loading=\"lazy\" decoding=\"async\" width=\"250\" height=\"167\" src=\"https:\/\/www.tektrade.ee\/lt\/wp-content\/uploads\/sites\/7\/2025\/08\/ResizedImage250167-Metallist-manteltihend.jpg\" alt=\"\" class=\"wp-image-2433\"\/><figcaption class=\"wp-element-caption\">Metalo \u201edengiamosios tarpin\u0117s\u201c<br><\/figcaption><\/figure>\n<\/div>\n\n\n\n<div style=\"height:30px\" aria-hidden=\"true\" class=\"wp-block-spacer\"><\/div>\n\n\n\n<p><strong>GUS 600\u00a0metalin\u0117s tarpin\u0117s<\/strong>\u00a0\u2013 skirtos naudoti ekstremaliomis s\u0105lygomis, kadangi atlaiko labai didelius kr\u016bvius. Jos atsparios stipriam tempimui, vibracijai ir sm\u016bgiams. GUS 600 tarpin\u0117s tinka, pvz., siurbli\u0173, kompresori\u0173, sklend\u017ei\u0173 ir kt. jung\u0117ms sandarinti. Jei sandarinimo dalies storis parinktas teisingai, jungi\u0173 pavir\u0161iaus savybi\u0173 nebereikia atkurti, nuolat i\u0161laikomas puikus jung\u0117s lankstumas ir tokiu b\u016bdu kompensuojamas var\u017et\u0173 atlaisv\u0117jimas laikui b\u0117gant. GUS 600 tarpin\u0117 yra atspari i\u0161oriniams sm\u016bgiams ir turi puikias sandarinimo savybes.<\/p>\n\n\n\n<div style=\"height:30px\" aria-hidden=\"true\" class=\"wp-block-spacer\"><\/div>\n\n\n\n<div class=\"wp-block-group is-nowrap is-layout-flex wp-container-core-group-is-layout-ad2f72ca wp-block-group-is-layout-flex\">\n<figure class=\"wp-block-image size-full\"><img loading=\"lazy\" decoding=\"async\" width=\"250\" height=\"166\" src=\"https:\/\/www.tektrade.ee\/lt\/wp-content\/uploads\/sites\/7\/2025\/08\/ResizedImage250166-GUS-660.jpeg\" alt=\"\" class=\"wp-image-2443\"\/><figcaption class=\"wp-element-caption\">GUS 660<\/figcaption><\/figure>\n<\/div>\n\n\n\n<div style=\"height:30px\" aria-hidden=\"true\" class=\"wp-block-spacer\"><\/div>\n\n\n\n<p><a  href=\"https:\/\/www.youtube.com\/watch?v=Ahc5tVoI6ck\"  target=\"_blank\" rel=\"noreferrer noopener\" target=\"_blank\">Vaizdo med\u017eiaga apie \u201eGUS 660\u201c<\/a><\/p>\n\n\n\n<div style=\"height:30px\" aria-hidden=\"true\" class=\"wp-block-spacer\"><\/div>\n\n\n\n<p><strong>\u201eRing\u201d tipo tarpin\u0117s\u00a0<\/strong>\u2013 a\u0161tuoniakampio ar ovalaus skerspj\u016bvio metalin\u0117s tarpin\u0117s \u012fleistinio tipo jung\u0117ms. \u0160ios tarpin\u0117s skirtos naudoti didelio sl\u0117gio s\u0105lygomis.<\/p>\n\n\n\n<div class=\"wp-block-group is-nowrap is-layout-flex wp-container-core-group-is-layout-ad2f72ca wp-block-group-is-layout-flex\">\n<figure class=\"wp-block-image size-full\"><img loading=\"lazy\" decoding=\"async\" width=\"250\" height=\"167\" src=\"https:\/\/www.tektrade.ee\/lt\/wp-content\/uploads\/sites\/7\/2025\/08\/ResizedImage250167-Ring-tuupi-tihend.jpg\" alt=\"\" class=\"wp-image-2445\"\/><figcaption class=\"wp-element-caption\">\u201eRing\u201c tipo tarpin\u0117s<br><\/figcaption><\/figure>\n<\/div>\n\n\n\n<div style=\"height:30px\" aria-hidden=\"true\" class=\"wp-block-spacer\"><\/div>\n\n\n\n<p><strong>Metalin\u0117s tarpin\u0117s \u0161ilumokai\u010diams<\/strong>\u00a0\u2013 jos gali b\u016bti ir dantyto tarpiklio, ir \u00a0spiralin\u0117s tarpin\u0117s, ir dengiamosios tarpin\u0117s tipo. Si\u016blome \u012fvairi\u0173 konfig\u016bracij\u0173 tarpini\u0173\u00a0\u2013 pagal labiausiai paplitusius tipus. Prireikus galima u\u017esakyti ir specialios formos bei matmen\u0173 tarpin\u0119. Med\u017eiagos \u2013 visi populiariausi metalai ir u\u017epildai.\u00a0<\/p>\n\n\n\n<div class=\"wp-block-group is-nowrap is-layout-flex wp-container-core-group-is-layout-ad2f72ca wp-block-group-is-layout-flex\">\n<figure class=\"wp-block-image size-full\"><img loading=\"lazy\" decoding=\"async\" width=\"149\" height=\"181\" src=\"https:\/\/www.tektrade.ee\/lt\/wp-content\/uploads\/sites\/7\/2025\/08\/ResizedImage149181-Soojusvahetite-tihendid.png\" alt=\"\" class=\"wp-image-2446\"\/><figcaption class=\"wp-element-caption\">Metalin\u0117s tarpin\u0117s \u0161ilumokai\u010diams<br><br><br><\/figcaption><\/figure>\n<\/div>\n","protected":false},"featured_media":0,"parent":2254,"menu_order":5,"template":"","class_list":["post-2262","product","type-product","status-publish","hentry"],"acf":[],"_links":{"self":[{"href":"https:\/\/www.tektrade.ee\/lt\/wp-json\/wp\/v2\/product\/2262","targetHints":{"allow":["GET"]}}],"collection":[{"href":"https:\/\/www.tektrade.ee\/lt\/wp-json\/wp\/v2\/product"}],"about":[{"href":"https:\/\/www.tektrade.ee\/lt\/wp-json\/wp\/v2\/types\/product"}],"version-history":[{"count":15,"href":"https:\/\/www.tektrade.ee\/lt\/wp-json\/wp\/v2\/product\/2262\/revisions"}],"predecessor-version":[{"id":3079,"href":"https:\/\/www.tektrade.ee\/lt\/wp-json\/wp\/v2\/product\/2262\/revisions\/3079"}],"up":[{"embeddable":true,"href":"https:\/\/www.tektrade.ee\/lt\/wp-json\/wp\/v2\/product\/2254"}],"wp:attachment":[{"href":"https:\/\/www.tektrade.ee\/lt\/wp-json\/wp\/v2\/media?parent=2262"}],"curies":[{"name":"wp","href":"https:\/\/api.w.org\/{rel}","templated":true}]}}