{"id":2260,"date":"2025-08-12T23:12:59","date_gmt":"2025-08-12T20:12:59","guid":{"rendered":"https:\/\/www.tektrade.ee\/lt\/?post_type=product&#038;p=2260"},"modified":"2025-09-26T13:45:13","modified_gmt":"2025-09-26T10:45:13","slug":"grafitiniai-jungiu-tarpikliai","status":"publish","type":"product","link":"https:\/\/www.tektrade.ee\/lt\/prekes\/tarpines-ir-sandarinimo-medziagos\/jungiu-tarpikliai-ir-sandarikliai\/grafitiniai-jungiu-tarpikliai\/","title":{"rendered":"Grafitiniai jungi\u0173 tarpikliai"},"content":{"rendered":"\n<div class=\"wp-block-group is-nowrap is-layout-flex wp-container-core-group-is-layout-64989fb1 wp-block-group-is-layout-flex\">\n<div class=\"wp-block-group is-content-justification-left is-layout-constrained wp-container-core-group-is-layout-8c890d92 wp-block-group-is-layout-constrained\">\n<p>Pjaustyti ar \u0161tampuoti tarpikliai i\u0161 termi\u0161kai i\u0161pl\u0117sto grafito naudojami popieriaus pramon\u0117je, elektros ir \u0161ilumos gamyboje, chemijos pramon\u0117je ir kt. srityse, kur sandarinimui b\u016btina naudoti didelio atsparumo kar\u0161\u010diui ir patikimo cheminio patvarumo med\u017eiagas, vadinamuosius \u201egar\u0173 sandariklius\u201c.&nbsp;<br>\u0160ie tarpikliai da\u017eniausiai gaminami pagal EN1514-1 ir ASME 16.21 standartus, j\u0173 temperat\u016bros intervalas \u2013 nuo -200 \u00b0C iki +650 \u00b0C. M\u016bs\u0173 asortimente taip pat yra sandarikli\u0173 su AISI316 metalo \u017eiedu (\u201eEyelet\u201c tipo). Sand\u0117lyje turime DN15\u2013DN250 PN16-40 dyd\u017ei\u0173, DN300-DN500 PN16 dyd\u017ei\u0173 ir \u201eEyelet\u201c DN15-DN150 PN16 dyd\u017ei\u0173 grafitinius tarpiklius.<\/p>\n\n\n\n<div class=\"wp-block-file\"><a id=\"wp-block-file--media-f9a61d6c-278f-458e-9faa-ecc2c3f332e0\" href=\"https:\/\/www.tektrade.ee\/lt\/wp-content\/uploads\/sites\/7\/2025\/08\/DONIT_Grafilit-datasheets.pdf\">\u201eGrafilit\u00ae\u201c gamini\u0173 lapai<\/a><\/div>\n<\/div>\n\n\n\n<div class=\"wp-block-group is-layout-flow wp-block-group-is-layout-flow\">\n<figure class=\"wp-block-image size-frontpage-thumbnail is-resized wp-container-content-69bc4bdf\"><img loading=\"lazy\" decoding=\"async\" width=\"280\" height=\"225\" src=\"https:\/\/www.tektrade.ee\/lt\/wp-content\/uploads\/sites\/7\/2025\/08\/ResizedImage300225-Grafiidist-aeaerikutihendid-280x225.jpg\" alt=\"\" class=\"wp-image-2415\" style=\"aspect-ratio:4\/3;object-fit:cover;width:480px\" \/><figcaption class=\"wp-element-caption\">Grafitiniai jungi\u0173 tarpikliai<br><\/figcaption><\/figure>\n<\/div>\n<\/div>\n","protected":false},"featured_media":0,"parent":2254,"menu_order":4,"template":"","class_list":["post-2260","product","type-product","status-publish","hentry"],"acf":[],"_links":{"self":[{"href":"https:\/\/www.tektrade.ee\/lt\/wp-json\/wp\/v2\/product\/2260","targetHints":{"allow":["GET"]}}],"collection":[{"href":"https:\/\/www.tektrade.ee\/lt\/wp-json\/wp\/v2\/product"}],"about":[{"href":"https:\/\/www.tektrade.ee\/lt\/wp-json\/wp\/v2\/types\/product"}],"version-history":[{"count":6,"href":"https:\/\/www.tektrade.ee\/lt\/wp-json\/wp\/v2\/product\/2260\/revisions"}],"predecessor-version":[{"id":3226,"href":"https:\/\/www.tektrade.ee\/lt\/wp-json\/wp\/v2\/product\/2260\/revisions\/3226"}],"up":[{"embeddable":true,"href":"https:\/\/www.tektrade.ee\/lt\/wp-json\/wp\/v2\/product\/2254"}],"wp:attachment":[{"href":"https:\/\/www.tektrade.ee\/lt\/wp-json\/wp\/v2\/media?parent=2260"}],"curies":[{"name":"wp","href":"https:\/\/api.w.org\/{rel}","templated":true}]}}