{"id":2258,"date":"2025-08-12T23:12:46","date_gmt":"2025-08-12T20:12:46","guid":{"rendered":"https:\/\/www.tektrade.ee\/lt\/?post_type=product&#038;p=2258"},"modified":"2025-08-19T21:55:24","modified_gmt":"2025-08-19T18:55:24","slug":"neasbestiniai-jungiu-tarpikliai","status":"publish","type":"product","link":"https:\/\/www.tektrade.ee\/lt\/prekes\/tarpines-ir-sandarinimo-medziagos\/jungiu-tarpikliai-ir-sandarikliai\/neasbestiniai-jungiu-tarpikliai\/","title":{"rendered":"Neasbestiniai jungi\u0173 tarpikliai"},"content":{"rendered":"\n<div class=\"wp-block-group is-nowrap is-layout-flex wp-container-core-group-is-layout-64989fb1 wp-block-group-is-layout-flex\">\n<div class=\"wp-block-group is-layout-constrained wp-block-group-is-layout-constrained\">\n<p>\u017diediniai jungi\u0173 tarpikliai, pagaminti i\u0161 asbesto neturin\u010dios med\u017eiagos, pla\u010diai naudojami visose pramon\u0117s srityse, \u0161ilumos \u016bkiuose, laivuose.<br><br>Labiausiai paplit\u0119 jungi\u0173 tarpikli\u0173 matmen\u0173 standartai \u2013 EN 1514-1 ir ASME B 16.5. Mes si\u016blome \u012fsigyti ir pagal EN 1514-1, ir pagal ASME standart\u0105 supjaustyt\u0173 neasbestini\u0173 jungi\u0173 tarpikli\u0173. Sand\u0117lyje turime \u017eiedinius jungi\u0173 tarpiklius, pagamintus supjaus\u010dius \u201eDonit BA50\u201c med\u017eiag\u0105. \u0160ie tarpikliai atitinka EN1514-1 standarto ir PN16 sl\u0117gio klas\u0117s reikalavimus, tarpikli\u0173 storis 2 mm, matmen\u0173 intervalas DN15\u2013DN800.<\/p>\n\n\n\n<p>Be pjaustini\u0173 jungi\u0173 tarpikli\u0173 sand\u0117lyje turime ir &nbsp;4 mm storio daugiasluoksnes PTFE sandariklius.<br>Kitiems standartams atitinkan\u010di\u0173 matmen\u0173 sandariklius galima u\u017esisakyti.<\/p>\n<\/div>\n\n\n\n<div class=\"wp-block-group is-layout-flow wp-block-group-is-layout-flow\">\n<figure class=\"wp-block-image size-frontpage-thumbnail is-resized wp-container-content-69bc4bdf\"><img loading=\"lazy\" decoding=\"async\" width=\"280\" height=\"225\" src=\"https:\/\/www.tektrade.ee\/lt\/wp-content\/uploads\/sites\/7\/2025\/08\/ResizedImage300225-Asbestivabad-aeaerikutihendid-280x225.jpg\" alt=\"\" class=\"wp-image-2388\" style=\"aspect-ratio:4\/3;object-fit:cover;width:480px\"\/><figcaption class=\"wp-element-caption\">Neasbestiniai jungi\u0173 tarpikliai<br><\/figcaption><\/figure>\n<\/div>\n<\/div>\n\n\n\n<div class=\"wp-block-file\"><a id=\"wp-block-file--media-37f5ba5d-2341-4d55-9910-998125ada1e8\" href=\"https:\/\/www.tektrade.ee\/lt\/wp-content\/uploads\/sites\/7\/2025\/08\/TESNIT-BA-50.pdf\" target=\"_blank\" rel=\"noreferrer noopener\">Tesnit\u00ae BA50 &#8211; informacij\u0105 apie gamin\u012f<\/a><\/div>\n\n\n\n<p><\/p>\n\n\n\n<div class=\"wp-block-file\"><a id=\"wp-block-file--media-052918a8-ec8a-4ecb-89e6-7cf89c6b8422\" href=\"https:\/\/www.tektrade.ee\/lt\/wp-content\/uploads\/sites\/7\/2025\/08\/PTFE-Envelope-gaskets.pdf\" target=\"_blank\" rel=\"noreferrer noopener\">Daugiasluoksn\u0117 PTFE\u00a0sandariklius- informacij\u0105 apie gamin\u012f<\/a><\/div>\n","protected":false},"featured_media":0,"parent":2254,"menu_order":3,"template":"","class_list":["post-2258","product","type-product","status-publish","hentry"],"acf":[],"_links":{"self":[{"href":"https:\/\/www.tektrade.ee\/lt\/wp-json\/wp\/v2\/product\/2258","targetHints":{"allow":["GET"]}}],"collection":[{"href":"https:\/\/www.tektrade.ee\/lt\/wp-json\/wp\/v2\/product"}],"about":[{"href":"https:\/\/www.tektrade.ee\/lt\/wp-json\/wp\/v2\/types\/product"}],"version-history":[{"count":21,"href":"https:\/\/www.tektrade.ee\/lt\/wp-json\/wp\/v2\/product\/2258\/revisions"}],"predecessor-version":[{"id":3076,"href":"https:\/\/www.tektrade.ee\/lt\/wp-json\/wp\/v2\/product\/2258\/revisions\/3076"}],"up":[{"embeddable":true,"href":"https:\/\/www.tektrade.ee\/lt\/wp-json\/wp\/v2\/product\/2254"}],"wp:attachment":[{"href":"https:\/\/www.tektrade.ee\/lt\/wp-json\/wp\/v2\/media?parent=2258"}],"curies":[{"name":"wp","href":"https:\/\/api.w.org\/{rel}","templated":true}]}}