{"id":14,"date":"2024-10-03T10:42:27","date_gmt":"2024-10-03T10:42:27","guid":{"rendered":"https:\/\/www.tektrade.ee\/lt\/?page_id=14"},"modified":"2025-08-19T23:10:04","modified_gmt":"2025-08-19T20:10:04","slug":"avaleht","status":"publish","type":"page","link":"https:\/\/www.tektrade.ee\/lt\/","title":{"rendered":"Pradinis puslapis"},"content":{"rendered":"\n<div class=\"wp-block-group is-vertical is-layout-flex wp-container-core-group-is-layout-8cf370e7 wp-block-group-is-layout-flex\">\n<div class=\"wp-block-group card-group is-nowrap is-layout-flex wp-container-core-group-is-layout-ad2f72ca wp-block-group-is-layout-flex\">\n<div class=\"wp-block-media-text is-stacked-on-mobile card\"><figure class=\"wp-block-media-text__media\"><a href=\"https:\/\/www.tektrade.ee\/lt\/prekes\/tarpines-ir-sandarinimo-medziagos\/\"><img loading=\"lazy\" decoding=\"async\" width=\"280\" height=\"280\" src=\"https:\/\/www.tektrade.ee\/lt\/wp-content\/uploads\/sites\/7\/2025\/08\/tihendid-uus-280x280.png\" alt=\"\" class=\"wp-image-2198 size-frontpage-thumbnail\" srcset=\"https:\/\/www.tektrade.ee\/lt\/wp-content\/uploads\/sites\/7\/2025\/08\/tihendid-uus-280x280.png 280w, https:\/\/www.tektrade.ee\/lt\/wp-content\/uploads\/sites\/7\/2025\/08\/tihendid-uus-300x300.png 300w, https:\/\/www.tektrade.ee\/lt\/wp-content\/uploads\/sites\/7\/2025\/08\/tihendid-uus-150x150.png 150w, https:\/\/www.tektrade.ee\/lt\/wp-content\/uploads\/sites\/7\/2025\/08\/tihendid-uus-768x768.png 768w, https:\/\/www.tektrade.ee\/lt\/wp-content\/uploads\/sites\/7\/2025\/08\/tihendid-uus-480x480.png 480w, https:\/\/www.tektrade.ee\/lt\/wp-content\/uploads\/sites\/7\/2025\/08\/tihendid-uus-600x600.png 600w, https:\/\/www.tektrade.ee\/lt\/wp-content\/uploads\/sites\/7\/2025\/08\/tihendid-uus-400x400.png 400w, https:\/\/www.tektrade.ee\/lt\/wp-content\/uploads\/sites\/7\/2025\/08\/tihendid-uus-350x350.png 350w, https:\/\/www.tektrade.ee\/lt\/wp-content\/uploads\/sites\/7\/2025\/08\/tihendid-uus-100x100.png 100w, https:\/\/www.tektrade.ee\/lt\/wp-content\/uploads\/sites\/7\/2025\/08\/tihendid-uus.png 805w\" sizes=\"auto, (max-width: 280px) 100vw, 280px\" \/><\/a><\/figure><div class=\"wp-block-media-text__content\">\n<h2 class=\"wp-block-heading\">Tarpin\u0117s ir sandarinimo med\u017eiagos<br><\/h2>\n<\/div><\/div>\n\n\n\n<div class=\"wp-block-media-text is-stacked-on-mobile card\"><figure class=\"wp-block-media-text__media\"><a href=\"https:\/\/www.tektrade.ee\/lt\/prekes\/filtrai-ir-separatoriai\/\"><img loading=\"lazy\" decoding=\"async\" width=\"280\" height=\"280\" src=\"https:\/\/www.tektrade.ee\/lt\/wp-content\/uploads\/sites\/7\/2025\/08\/SetWidth805-Filtrid-ja-separaatorid-1-280x280.png\" alt=\"\" class=\"wp-image-2190 size-frontpage-thumbnail\" srcset=\"https:\/\/www.tektrade.ee\/lt\/wp-content\/uploads\/sites\/7\/2025\/08\/SetWidth805-Filtrid-ja-separaatorid-1-280x280.png 280w, https:\/\/www.tektrade.ee\/lt\/wp-content\/uploads\/sites\/7\/2025\/08\/SetWidth805-Filtrid-ja-separaatorid-1-150x150.png 150w, https:\/\/www.tektrade.ee\/lt\/wp-content\/uploads\/sites\/7\/2025\/08\/SetWidth805-Filtrid-ja-separaatorid-1-480x480.png 480w, https:\/\/www.tektrade.ee\/lt\/wp-content\/uploads\/sites\/7\/2025\/08\/SetWidth805-Filtrid-ja-separaatorid-1-400x400.png 400w, https:\/\/www.tektrade.ee\/lt\/wp-content\/uploads\/sites\/7\/2025\/08\/SetWidth805-Filtrid-ja-separaatorid-1-350x350.png 350w, https:\/\/www.tektrade.ee\/lt\/wp-content\/uploads\/sites\/7\/2025\/08\/SetWidth805-Filtrid-ja-separaatorid-1-100x100.png 100w\" sizes=\"auto, (max-width: 280px) 100vw, 280px\" \/><\/a><\/figure><div class=\"wp-block-media-text__content\">\n<h2 class=\"wp-block-heading\">Filtrai ir separatoriai<br><\/h2>\n<\/div><\/div>\n\n\n\n<div class=\"wp-block-media-text is-stacked-on-mobile card\"><figure class=\"wp-block-media-text__media\"><a href=\"https:\/\/www.tektrade.ee\/lt\/prekes\/vamzdynu-komponentai\/\"><img loading=\"lazy\" decoding=\"async\" width=\"280\" height=\"280\" src=\"https:\/\/www.tektrade.ee\/lt\/wp-content\/uploads\/sites\/7\/2025\/08\/SetWidth805-torustike-komponendid-esi-280x280.png\" alt=\"\" class=\"wp-image-2191 size-frontpage-thumbnail\" srcset=\"https:\/\/www.tektrade.ee\/lt\/wp-content\/uploads\/sites\/7\/2025\/08\/SetWidth805-torustike-komponendid-esi-280x280.png 280w, https:\/\/www.tektrade.ee\/lt\/wp-content\/uploads\/sites\/7\/2025\/08\/SetWidth805-torustike-komponendid-esi-300x300.png 300w, https:\/\/www.tektrade.ee\/lt\/wp-content\/uploads\/sites\/7\/2025\/08\/SetWidth805-torustike-komponendid-esi-150x150.png 150w, https:\/\/www.tektrade.ee\/lt\/wp-content\/uploads\/sites\/7\/2025\/08\/SetWidth805-torustike-komponendid-esi-768x768.png 768w, https:\/\/www.tektrade.ee\/lt\/wp-content\/uploads\/sites\/7\/2025\/08\/SetWidth805-torustike-komponendid-esi-480x480.png 480w, https:\/\/www.tektrade.ee\/lt\/wp-content\/uploads\/sites\/7\/2025\/08\/SetWidth805-torustike-komponendid-esi-600x600.png 600w, https:\/\/www.tektrade.ee\/lt\/wp-content\/uploads\/sites\/7\/2025\/08\/SetWidth805-torustike-komponendid-esi-400x400.png 400w, https:\/\/www.tektrade.ee\/lt\/wp-content\/uploads\/sites\/7\/2025\/08\/SetWidth805-torustike-komponendid-esi-350x350.png 350w, https:\/\/www.tektrade.ee\/lt\/wp-content\/uploads\/sites\/7\/2025\/08\/SetWidth805-torustike-komponendid-esi-100x100.png 100w, https:\/\/www.tektrade.ee\/lt\/wp-content\/uploads\/sites\/7\/2025\/08\/SetWidth805-torustike-komponendid-esi.png 805w\" sizes=\"auto, (max-width: 280px) 100vw, 280px\" \/><\/a><\/figure><div class=\"wp-block-media-text__content\">\n<h2 class=\"wp-block-heading\">Vamzdyn\u0173 komponentai<br><\/h2>\n<\/div><\/div>\n\n\n\n<div class=\"wp-block-media-text is-stacked-on-mobile card\"><figure class=\"wp-block-media-text__media\"><a href=\"https:\/\/www.tektrade.ee\/lt\/prekes\/silumokaiciai-ir-mases-perdavimo-technologija\/\"><img loading=\"lazy\" decoding=\"async\" width=\"280\" height=\"280\" src=\"https:\/\/www.tektrade.ee\/lt\/wp-content\/uploads\/sites\/7\/2025\/08\/soojusvahetid-280x280.png\" alt=\"\" class=\"wp-image-2192 size-frontpage-thumbnail\" srcset=\"https:\/\/www.tektrade.ee\/lt\/wp-content\/uploads\/sites\/7\/2025\/08\/soojusvahetid-280x280.png 280w, https:\/\/www.tektrade.ee\/lt\/wp-content\/uploads\/sites\/7\/2025\/08\/soojusvahetid-300x300.png 300w, https:\/\/www.tektrade.ee\/lt\/wp-content\/uploads\/sites\/7\/2025\/08\/soojusvahetid-150x150.png 150w, https:\/\/www.tektrade.ee\/lt\/wp-content\/uploads\/sites\/7\/2025\/08\/soojusvahetid-768x768.png 768w, https:\/\/www.tektrade.ee\/lt\/wp-content\/uploads\/sites\/7\/2025\/08\/soojusvahetid-480x480.png 480w, https:\/\/www.tektrade.ee\/lt\/wp-content\/uploads\/sites\/7\/2025\/08\/soojusvahetid-600x600.png 600w, https:\/\/www.tektrade.ee\/lt\/wp-content\/uploads\/sites\/7\/2025\/08\/soojusvahetid-400x400.png 400w, https:\/\/www.tektrade.ee\/lt\/wp-content\/uploads\/sites\/7\/2025\/08\/soojusvahetid-350x350.png 350w, https:\/\/www.tektrade.ee\/lt\/wp-content\/uploads\/sites\/7\/2025\/08\/soojusvahetid-100x100.png 100w, https:\/\/www.tektrade.ee\/lt\/wp-content\/uploads\/sites\/7\/2025\/08\/soojusvahetid.png 805w\" sizes=\"auto, (max-width: 280px) 100vw, 280px\" \/><\/a><\/figure><div class=\"wp-block-media-text__content\">\n<h2 class=\"wp-block-heading\">\u0160ilumokai\u010diai ir mas\u0117s perdavimo technologija<br><\/h2>\n<\/div><\/div>\n<\/div>\n\n\n\n<div class=\"wp-block-group card-group is-nowrap is-layout-flex wp-container-core-group-is-layout-ad2f72ca wp-block-group-is-layout-flex\">\n<div class=\"wp-block-media-text is-stacked-on-mobile card\"><figure class=\"wp-block-media-text__media\"><a href=\"https:\/\/www.tektrade.ee\/lt\/prekes\/saugos-iranga\/\"><img loading=\"lazy\" decoding=\"async\" width=\"280\" height=\"280\" src=\"https:\/\/www.tektrade.ee\/lt\/wp-content\/uploads\/sites\/7\/2025\/08\/SetWidth805-Ohutusseadmed-esileht1-280x280.png\" alt=\"\" class=\"wp-image-2193 size-frontpage-thumbnail\" srcset=\"https:\/\/www.tektrade.ee\/lt\/wp-content\/uploads\/sites\/7\/2025\/08\/SetWidth805-Ohutusseadmed-esileht1-280x280.png 280w, https:\/\/www.tektrade.ee\/lt\/wp-content\/uploads\/sites\/7\/2025\/08\/SetWidth805-Ohutusseadmed-esileht1-300x300.png 300w, https:\/\/www.tektrade.ee\/lt\/wp-content\/uploads\/sites\/7\/2025\/08\/SetWidth805-Ohutusseadmed-esileht1-150x150.png 150w, https:\/\/www.tektrade.ee\/lt\/wp-content\/uploads\/sites\/7\/2025\/08\/SetWidth805-Ohutusseadmed-esileht1-768x768.png 768w, https:\/\/www.tektrade.ee\/lt\/wp-content\/uploads\/sites\/7\/2025\/08\/SetWidth805-Ohutusseadmed-esileht1-480x480.png 480w, https:\/\/www.tektrade.ee\/lt\/wp-content\/uploads\/sites\/7\/2025\/08\/SetWidth805-Ohutusseadmed-esileht1-600x600.png 600w, https:\/\/www.tektrade.ee\/lt\/wp-content\/uploads\/sites\/7\/2025\/08\/SetWidth805-Ohutusseadmed-esileht1-400x400.png 400w, https:\/\/www.tektrade.ee\/lt\/wp-content\/uploads\/sites\/7\/2025\/08\/SetWidth805-Ohutusseadmed-esileht1-350x350.png 350w, https:\/\/www.tektrade.ee\/lt\/wp-content\/uploads\/sites\/7\/2025\/08\/SetWidth805-Ohutusseadmed-esileht1-100x100.png 100w, https:\/\/www.tektrade.ee\/lt\/wp-content\/uploads\/sites\/7\/2025\/08\/SetWidth805-Ohutusseadmed-esileht1.png 805w\" sizes=\"auto, (max-width: 280px) 100vw, 280px\" \/><\/a><\/figure><div class=\"wp-block-media-text__content\">\n<h2 class=\"wp-block-heading\">Saugos \u012franga<br><\/h2>\n<\/div><\/div>\n\n\n\n<div class=\"wp-block-media-text is-stacked-on-mobile card\"><figure class=\"wp-block-media-text__media\"><a href=\"https:\/\/www.tektrade.ee\/lt\/prekes\/siurbliai\/\"><img loading=\"lazy\" decoding=\"async\" width=\"280\" height=\"280\" src=\"https:\/\/www.tektrade.ee\/lt\/wp-content\/uploads\/sites\/7\/2025\/08\/SetWidth805-pumbad-esileht1-280x280.png\" alt=\"\" class=\"wp-image-2194 size-frontpage-thumbnail\" srcset=\"https:\/\/www.tektrade.ee\/lt\/wp-content\/uploads\/sites\/7\/2025\/08\/SetWidth805-pumbad-esileht1-280x280.png 280w, https:\/\/www.tektrade.ee\/lt\/wp-content\/uploads\/sites\/7\/2025\/08\/SetWidth805-pumbad-esileht1-150x150.png 150w, https:\/\/www.tektrade.ee\/lt\/wp-content\/uploads\/sites\/7\/2025\/08\/SetWidth805-pumbad-esileht1-480x480.png 480w, https:\/\/www.tektrade.ee\/lt\/wp-content\/uploads\/sites\/7\/2025\/08\/SetWidth805-pumbad-esileht1-400x400.png 400w, https:\/\/www.tektrade.ee\/lt\/wp-content\/uploads\/sites\/7\/2025\/08\/SetWidth805-pumbad-esileht1-350x350.png 350w, https:\/\/www.tektrade.ee\/lt\/wp-content\/uploads\/sites\/7\/2025\/08\/SetWidth805-pumbad-esileht1-100x100.png 100w\" sizes=\"auto, (max-width: 280px) 100vw, 280px\" \/><\/a><\/figure><div class=\"wp-block-media-text__content\">\n<h2 class=\"wp-block-heading\">Siurbliai<\/h2>\n<\/div><\/div>\n\n\n\n<div class=\"wp-block-media-text is-stacked-on-mobile card\"><figure class=\"wp-block-media-text__media\"><a href=\"https:\/\/www.tektrade.ee\/lt\/prekes\/irenginiai-darbui-su-milteliais\/\"><img loading=\"lazy\" decoding=\"async\" width=\"280\" height=\"280\" src=\"https:\/\/www.tektrade.ee\/lt\/wp-content\/uploads\/sites\/7\/2025\/08\/SetWidth805-Pulbrite-kaesitlemise-seadmed-280x280.png\" alt=\"\" class=\"wp-image-2195 size-frontpage-thumbnail\" srcset=\"https:\/\/www.tektrade.ee\/lt\/wp-content\/uploads\/sites\/7\/2025\/08\/SetWidth805-Pulbrite-kaesitlemise-seadmed-280x280.png 280w, https:\/\/www.tektrade.ee\/lt\/wp-content\/uploads\/sites\/7\/2025\/08\/SetWidth805-Pulbrite-kaesitlemise-seadmed-300x300.png 300w, https:\/\/www.tektrade.ee\/lt\/wp-content\/uploads\/sites\/7\/2025\/08\/SetWidth805-Pulbrite-kaesitlemise-seadmed-150x150.png 150w, https:\/\/www.tektrade.ee\/lt\/wp-content\/uploads\/sites\/7\/2025\/08\/SetWidth805-Pulbrite-kaesitlemise-seadmed-768x768.png 768w, https:\/\/www.tektrade.ee\/lt\/wp-content\/uploads\/sites\/7\/2025\/08\/SetWidth805-Pulbrite-kaesitlemise-seadmed-480x480.png 480w, https:\/\/www.tektrade.ee\/lt\/wp-content\/uploads\/sites\/7\/2025\/08\/SetWidth805-Pulbrite-kaesitlemise-seadmed-600x600.png 600w, https:\/\/www.tektrade.ee\/lt\/wp-content\/uploads\/sites\/7\/2025\/08\/SetWidth805-Pulbrite-kaesitlemise-seadmed-400x400.png 400w, https:\/\/www.tektrade.ee\/lt\/wp-content\/uploads\/sites\/7\/2025\/08\/SetWidth805-Pulbrite-kaesitlemise-seadmed-350x350.png 350w, https:\/\/www.tektrade.ee\/lt\/wp-content\/uploads\/sites\/7\/2025\/08\/SetWidth805-Pulbrite-kaesitlemise-seadmed-100x100.png 100w, https:\/\/www.tektrade.ee\/lt\/wp-content\/uploads\/sites\/7\/2025\/08\/SetWidth805-Pulbrite-kaesitlemise-seadmed.png 805w\" sizes=\"auto, (max-width: 280px) 100vw, 280px\" \/><\/a><\/figure><div class=\"wp-block-media-text__content\">\n<h2 class=\"wp-block-heading\">\u012erenginiai darbui su milteliais<br><\/h2>\n<\/div><\/div>\n\n\n\n<div class=\"wp-block-media-text is-stacked-on-mobile card\"><figure class=\"wp-block-media-text__media\"><a href=\"https:\/\/www.tektrade.ee\/lt\/prekes\/kiti-gaminiai\/\"><img loading=\"lazy\" decoding=\"async\" width=\"280\" height=\"280\" src=\"https:\/\/www.tektrade.ee\/lt\/wp-content\/uploads\/sites\/7\/2025\/08\/SetWidth805-muud-280x280.png\" alt=\"\" class=\"wp-image-2196 size-frontpage-thumbnail\" srcset=\"https:\/\/www.tektrade.ee\/lt\/wp-content\/uploads\/sites\/7\/2025\/08\/SetWidth805-muud-280x280.png 280w, https:\/\/www.tektrade.ee\/lt\/wp-content\/uploads\/sites\/7\/2025\/08\/SetWidth805-muud-300x300.png 300w, https:\/\/www.tektrade.ee\/lt\/wp-content\/uploads\/sites\/7\/2025\/08\/SetWidth805-muud-150x150.png 150w, https:\/\/www.tektrade.ee\/lt\/wp-content\/uploads\/sites\/7\/2025\/08\/SetWidth805-muud-768x768.png 768w, https:\/\/www.tektrade.ee\/lt\/wp-content\/uploads\/sites\/7\/2025\/08\/SetWidth805-muud-480x480.png 480w, https:\/\/www.tektrade.ee\/lt\/wp-content\/uploads\/sites\/7\/2025\/08\/SetWidth805-muud-600x600.png 600w, https:\/\/www.tektrade.ee\/lt\/wp-content\/uploads\/sites\/7\/2025\/08\/SetWidth805-muud-400x400.png 400w, https:\/\/www.tektrade.ee\/lt\/wp-content\/uploads\/sites\/7\/2025\/08\/SetWidth805-muud-350x350.png 350w, https:\/\/www.tektrade.ee\/lt\/wp-content\/uploads\/sites\/7\/2025\/08\/SetWidth805-muud-100x100.png 100w, https:\/\/www.tektrade.ee\/lt\/wp-content\/uploads\/sites\/7\/2025\/08\/SetWidth805-muud.png 805w\" sizes=\"auto, (max-width: 280px) 100vw, 280px\" \/><\/a><\/figure><div class=\"wp-block-media-text__content\">\n<h2 class=\"wp-block-heading\">Kiti gaminiai<br><\/h2>\n<\/div><\/div>\n<\/div>\n<\/div>\n","protected":false},"excerpt":{"rendered":"<p>Tarpin\u0117s ir sandarinimo med\u017eiagos Filtrai ir separatoriai Vamzdyn\u0173 komponentai \u0160ilumokai\u010diai ir mas\u0117s perdavimo technologija Saugos \u012franga Siurbliai \u012erenginiai darbui su milteliais Kiti gaminiai<\/p>\n","protected":false},"author":1,"featured_media":0,"parent":0,"menu_order":34,"comment_status":"closed","ping_status":"closed","template":"frontpage","meta":{"_acf_changed":false,"footnotes":""},"class_list":["post-14","page","type-page","status-publish","hentry"],"acf":[],"_links":{"self":[{"href":"https:\/\/www.tektrade.ee\/lt\/wp-json\/wp\/v2\/pages\/14","targetHints":{"allow":["GET"]}}],"collection":[{"href":"https:\/\/www.tektrade.ee\/lt\/wp-json\/wp\/v2\/pages"}],"about":[{"href":"https:\/\/www.tektrade.ee\/lt\/wp-json\/wp\/v2\/types\/page"}],"author":[{"embeddable":true,"href":"https:\/\/www.tektrade.ee\/lt\/wp-json\/wp\/v2\/users\/1"}],"replies":[{"embeddable":true,"href":"https:\/\/www.tektrade.ee\/lt\/wp-json\/wp\/v2\/comments?post=14"}],"version-history":[{"count":358,"href":"https:\/\/www.tektrade.ee\/lt\/wp-json\/wp\/v2\/pages\/14\/revisions"}],"predecessor-version":[{"id":3215,"href":"https:\/\/www.tektrade.ee\/lt\/wp-json\/wp\/v2\/pages\/14\/revisions\/3215"}],"wp:attachment":[{"href":"https:\/\/www.tektrade.ee\/lt\/wp-json\/wp\/v2\/media?parent=14"}],"curies":[{"name":"wp","href":"https:\/\/api.w.org\/{rel}","templated":true}]}}