{"id":1066,"date":"2025-01-02T13:06:02","date_gmt":"2025-01-02T11:06:02","guid":{"rendered":"https:\/\/www.tektrade.ee\/lt\/?page_id=1066"},"modified":"2025-08-24T12:44:50","modified_gmt":"2025-08-24T09:44:50","slug":"kontaktai","status":"publish","type":"page","link":"https:\/\/www.tektrade.ee\/lt\/kontaktai\/","title":{"rendered":"Kontaktai"},"content":{"rendered":"\n<div class=\"wp-block-group is-layout-constrained wp-block-group-is-layout-constrained\">\n<div class=\"wp-block-columns is-layout-flex wp-container-core-columns-is-layout-9d6595d7 wp-block-columns-is-layout-flex\">\n<div class=\"wp-block-column contact-column is-layout-flow wp-block-column-is-layout-flow\">\n<p><strong>Osa\u00fching TekTrade Baltic<\/strong><br>Reg. Nr. 11228551<br>PVM mok\u0117tojo Nr. EE101053370<br>EORI Nr. EE11228551<\/p>\n\n\n\n<p>Buvein\u0117s adresas: &nbsp;&nbsp;&nbsp;&nbsp;&nbsp; &nbsp;&nbsp;&nbsp;&nbsp;&nbsp;&nbsp;&nbsp;&nbsp;&nbsp; Lauri tee 33-2, 11912 Talinas, Estija<br>Biuro ir sand\u0117lio adresas: &nbsp; &nbsp; &nbsp; Siduri 9, 11313 Talinas, Estija<\/p>\n\n\n\n<p>Tel.: &nbsp; &nbsp; &nbsp; +372 6546610, +372 5040732<br>El. pa\u0161tas:&nbsp;&nbsp;<a href=\"m&#97;i&#108;&#116;&#111;&#58;te&#107;&#116;&#114;ad&#101;&#64;&#116;ektra&#100;e.&#101;&#101;\">tektrade(at)tektrade.ee<\/a><\/p>\n\n\n\n<p class=\"has-custom-sub-color-3-color has-text-color has-link-color has-poppins-font-family wp-elements-bac6c61b05a98294d4941ba300967881\" style=\"font-style:normal;font-weight:400\"><a>www.tektrade.ee<\/a><\/p>\n<\/div>\n\n\n\n<div class=\"wp-block-column is-layout-flow wp-block-column-is-layout-flow\"><style class=\"wp-elements-6344d2525c91645c727f6dbab26217f7\">\n            #contact-form-block_69de80681c3f26fe2992910945cdb70d .form-submit-custom-block_69de80681c3f26fe2992910945cdb70d:hover {\n                color: #ffffff !important; background-color: #c80000 !important;\n            }\n        <\/style>\n<div class=\"module-bg-wrap has-foreground-color  \" id=\"contact-form-block_69de80681c3f26fe2992910945cdb70d\">\n    <div class=\"module-content \">\n        <div class=\"module-content-wrap\">\n\n                        \n            \n            <div class=\"contact-form-container\" id=\"contact-form-block_69de80681c3f26fe2992910945cdb70d-submitted\">\n                                                            <script src=\"https:\/\/www.google.com\/recaptcha\/api.js\" async defer><\/script>\n                                    \n                <form id=\"sub-form-block_69de80681c3f26fe2992910945cdb70d\" class=\"form contact-form needs-validation\" action=\"#contact-form-block_69de80681c3f26fe2992910945cdb70d-submitted\" method=\"post\" enctype=\"multipart\/form-data\" novalidate>\n                    <input type=\"hidden\" name=\"form-type\" value=\"contact_form\"\/>\n\n                                                                    <div class=\"col-12\">\n                            <label for=\"form_nameInput0\" class=\"form-label\">\n                                J\u016bs\u0173 vardas ir pavard\u0117 <span class=\"form-required\">*<\/span>                            <\/label>\n                                                                <input type=\"text\" class=\"form-control\" id=\"form_nameInput0\" name=\"form_name\" required \/>\n                                                                                                <\/div>\n                                                                    <div class=\"col-12\">\n                            <label for=\"form_companyInput1\" class=\"form-label\">\n                                \u012fmon\u0117s pavadinimas                             <\/label>\n                                                                <input type=\"text\" class=\"form-control\" id=\"form_companyInput1\" name=\"form_company\"  \/>\n                                                                                                <\/div>\n                                                                    <div class=\"col-12\">\n                            <label for=\"form_emailInput2\" class=\"form-label\">\n                                J\u016bs\u0173 el. Pastas <span class=\"form-required\">*<\/span>                            <\/label>\n                                                                <input type=\"email\" class=\"form-control\" id=\"form_emailInput2\" name=\"form_email\" required \/>\n                                                                                                <\/div>\n                                                                    <div class=\"col-12\">\n                            <label for=\"form_phoneInput3\" class=\"form-label\">\n                                J\u016bs\u0173 telefono numeris <span class=\"form-required\">*<\/span>                            <\/label>\n                                                                <input type=\"text\" class=\"form-control\" id=\"form_phoneInput3\" name=\"form_phone\" required \/>\n                                                                                                <\/div>\n                                                                    <div class=\"col-12\">\n                            <label for=\"form_subjectInput4\" class=\"form-label\">\n                                Tema                             <\/label>\n                                                                <input type=\"text\" class=\"form-control\" id=\"form_subjectInput4\" name=\"form_subject\"  \/>\n                                                                                                <\/div>\n                                                                    <div class=\"col-12\">\n                            <label for=\"form_messageInput5\" class=\"form-label\">\n                                Tekstas <span class=\"form-required\">*<\/span>                            <\/label>\n                                                                <textarea class=\"form-control\" id=\"form_messageInput5\" name=\"form_message\" required><\/textarea>\n                                                                                                <\/div>\n                    \n                    <div class=\"g-recaptcha\" data-sitekey=\"6LcBaKcrAAAAAK8N155JC2Tv_jt7hJxFTaz_H3K9\"><\/div>\n\n                    <div class=\"col-12 submit-container\">\n                        <button type=\"submit\" class=\"form-submit btn btn-primary form-submit-custom-block_69de80681c3f26fe2992910945cdb70d\" style=\"color: #ffffff;background-color: #b80000;\">\n                            Send                        <\/button>\n                        <input type=\"hidden\" name=\"time\" value=\"1777010010\"\/>\n                        <input type=\"hidden\" id=\"_wpnonce\" name=\"_wpnonce\" value=\"3bb942a376\" \/><input type=\"hidden\" name=\"_wp_http_referer\" value=\"\/lt\/wp-json\/wp\/v2\/pages\/1066\" \/>                    <\/div>\n                <\/form>\n\n                \n            <\/div>\n        <\/div>\n    <\/div>\n<\/div>\n<\/div>\n<\/div>\n<\/div>\n","protected":false},"excerpt":{"rendered":"<p>Osa\u00fching TekTrade BalticReg. Nr. 11228551PVM mok\u0117tojo Nr. EE101053370EORI Nr. EE11228551 Buvein\u0117s adresas: &nbsp;&nbsp;&nbsp;&nbsp;&nbsp; &nbsp;&nbsp;&nbsp;&nbsp;&nbsp;&nbsp;&nbsp;&nbsp;&nbsp; Lauri tee 33-2, 11912 Talinas, EstijaBiuro ir sand\u0117lio adresas: &nbsp; &nbsp; &nbsp; Siduri 9, 11313 Talinas, Estija Tel.: &nbsp; &nbsp; &nbsp; +372 6546610, +372 5040732El. pa\u0161tas:&nbsp;&nbsp;tektrade(at)tektrade.ee www.tektrade.ee<\/p>\n","protected":false},"author":1,"featured_media":0,"parent":0,"menu_order":0,"comment_status":"closed","ping_status":"closed","template":"","meta":{"_acf_changed":false,"footnotes":""},"class_list":["post-1066","page","type-page","status-publish","hentry"],"acf":[],"_links":{"self":[{"href":"https:\/\/www.tektrade.ee\/lt\/wp-json\/wp\/v2\/pages\/1066","targetHints":{"allow":["GET"]}}],"collection":[{"href":"https:\/\/www.tektrade.ee\/lt\/wp-json\/wp\/v2\/pages"}],"about":[{"href":"https:\/\/www.tektrade.ee\/lt\/wp-json\/wp\/v2\/types\/page"}],"author":[{"embeddable":true,"href":"https:\/\/www.tektrade.ee\/lt\/wp-json\/wp\/v2\/users\/1"}],"replies":[{"embeddable":true,"href":"https:\/\/www.tektrade.ee\/lt\/wp-json\/wp\/v2\/comments?post=1066"}],"version-history":[{"count":86,"href":"https:\/\/www.tektrade.ee\/lt\/wp-json\/wp\/v2\/pages\/1066\/revisions"}],"predecessor-version":[{"id":3217,"href":"https:\/\/www.tektrade.ee\/lt\/wp-json\/wp\/v2\/pages\/1066\/revisions\/3217"}],"wp:attachment":[{"href":"https:\/\/www.tektrade.ee\/lt\/wp-json\/wp\/v2\/media?parent=1066"}],"curies":[{"name":"wp","href":"https:\/\/api.w.org\/{rel}","templated":true}]}}