{"id":3172,"date":"2025-08-17T23:58:31","date_gmt":"2025-08-17T20:58:31","guid":{"rendered":"https:\/\/www.tektrade.ee\/fi\/?post_type=product&#038;p=3172"},"modified":"2025-08-17T23:58:32","modified_gmt":"2025-08-17T20:58:32","slug":"paineilmalla-toimivat-kalvopumput","status":"publish","type":"product","link":"https:\/\/www.tektrade.ee\/fi\/toutteet\/pumput\/kemikaalipumput\/paineilmalla-toimivat-kalvopumput\/","title":{"rendered":"Paineilmalla toimivat kalvopumput"},"content":{"rendered":"\n<div class=\"wp-block-group is-nowrap is-layout-flex wp-container-core-group-is-layout-ad2f72ca wp-block-group-is-layout-flex\">\n<div class=\"wp-block-group is-layout-constrained wp-block-group-is-layout-constrained\">\n<figure class=\"wp-block-image alignleft size-full\"><img loading=\"lazy\" decoding=\"async\" width=\"300\" height=\"205\" src=\"https:\/\/www.tektrade.ee\/fi\/wp-content\/uploads\/sites\/5\/2025\/08\/ResizedImage300205-Membraanpumbad.jpg\" alt=\"\" class=\"wp-image-3173\"\/><figcaption class=\"wp-element-caption\">Kalvopumput<br><\/figcaption><\/figure>\n<\/div>\n<\/div>\n\n\n\n<div style=\"height:30px\" aria-hidden=\"true\" class=\"wp-block-spacer\"><\/div>\n\n\n\n<p>Tuthill\/Soteran paineilmalla ohjattavat kahden kalvon kemikaalinkest\u00e4v\u00e4t pumput ovat rakenteeltaan ainutlaatuisia. Pumpun keskipisteess\u00e4 on patentoitu keraaminen suuntaventtiili, joka ohjaa vahvistettujen kalvojen toimintaa. Pumppu on helppo purkaa puhdistamista ja kalvojen vaihtamista varten, sill\u00e4 pumpun osien kokoamiseen on k\u00e4ytetty kierreliitoksia.<\/p>\n\n\n\n<p>Pumppua kuvaavat seuraavat ominaisuudet:<\/p>\n\n\n\n<ul class=\"wp-block-list\">\n<li>15% suurempi ilmavirta<\/li>\n\n\n\n<li>20% tehokkaampi pumpun toiminta<\/li>\n\n\n\n<li>66% v\u00e4hemm\u00e4n pulsoimista<\/li>\n\n\n\n<li>67% v\u00e4hemm\u00e4n pumpun osia<\/li>\n<\/ul>\n\n\n\n<p>K\u00e4ytet\u00e4\u00e4n korkean viskositeetin ja hankaavien nesteiden, kemikaalien, polttoaineiden, \u00f6ljyjen ja voiteluaineiden, maalien ja liuosten yms. pumppaamiseen.<\/p>\n","protected":false},"featured_media":0,"parent":2750,"menu_order":0,"template":"","class_list":["post-3172","product","type-product","status-publish","hentry"],"acf":[],"_links":{"self":[{"href":"https:\/\/www.tektrade.ee\/fi\/wp-json\/wp\/v2\/product\/3172","targetHints":{"allow":["GET"]}}],"collection":[{"href":"https:\/\/www.tektrade.ee\/fi\/wp-json\/wp\/v2\/product"}],"about":[{"href":"https:\/\/www.tektrade.ee\/fi\/wp-json\/wp\/v2\/types\/product"}],"version-history":[{"count":1,"href":"https:\/\/www.tektrade.ee\/fi\/wp-json\/wp\/v2\/product\/3172\/revisions"}],"predecessor-version":[{"id":3174,"href":"https:\/\/www.tektrade.ee\/fi\/wp-json\/wp\/v2\/product\/3172\/revisions\/3174"}],"up":[{"embeddable":true,"href":"https:\/\/www.tektrade.ee\/fi\/wp-json\/wp\/v2\/product\/2750"}],"wp:attachment":[{"href":"https:\/\/www.tektrade.ee\/fi\/wp-json\/wp\/v2\/media?parent=3172"}],"curies":[{"name":"wp","href":"https:\/\/api.w.org\/{rel}","templated":true}]}}