{"id":3030,"date":"2025-08-16T13:49:09","date_gmt":"2025-08-16T10:49:09","guid":{"rendered":"https:\/\/www.tektrade.ee\/fi\/?post_type=product&#038;p=3030"},"modified":"2025-08-17T23:21:23","modified_gmt":"2025-08-17T20:21:23","slug":"metallikompensaattorit","status":"publish","type":"product","link":"https:\/\/www.tektrade.ee\/fi\/toutteet\/putkistojen-komponentit\/kompensaattorit\/metallikompensaattorit\/","title":{"rendered":"Metallikompensaattorit"},"content":{"rendered":"\n<p>Metallikompensaattoreita on saatavissa monina eri yhdistelmin\u00e4.<br>Tuotteen suunnitteluun k\u00e4ytet\u00e4\u00e4n maailmanlaajuisesti voimassa olevia EJMA Standardeja, jotta putkistojen ja s\u00e4ili\u00f6iden liitokset olisivat yhteen sopivia ja toimintavarmoja.<br><br>Vakiomateriaalit:<\/p>\n\n\n\n<ul class=\"wp-block-list\">\n<li>palkeen materiaali &#8211; AISI 321<\/li>\n\n\n\n<li>hitsatut p\u00e4\u00e4t &#8211; hiiliter\u00e4s A106<\/li>\n\n\n\n<li>Sis\u00e4inen sukka &#8211; AISI 304<\/li>\n\n\n\n<li>laipat &#8211; ST-37<\/li>\n<\/ul>\n\n\n\n<p>Koot: DN15 &#8211; DN8000 (tyypist\u00e4 riippuen)<br><br><br><strong>Metallikompensaattoreiden mallit&nbsp;<\/strong><\/p>\n\n\n\n<ul class=\"wp-block-list\">\n<li>Metallikompensaattorit yhdell\u00e4 palkeella ja ilman rajoittimia<\/li>\n<\/ul>\n\n\n\n<p>Kompensaattorit yhdell\u00e4 palkeella hitsatuilla p\u00e4ill\u00e4, laipoilla tai liikkuvilla laipoilla. L\u00e4hinn\u00e4 aksiaalisen, mutta jonkin verran my\u00f6s lateraalisen ja kulmikkaan liikkeen kompensoimiseen.<\/p>\n\n\n\n<div class=\"wp-block-group is-layout-grid wp-container-core-group-is-layout-baef362d wp-block-group-is-layout-grid\">\n<div class=\"wp-block-group is-content-justification-left is-layout-constrained wp-container-core-group-is-layout-8c890d92 wp-block-group-is-layout-constrained\">\n<figure class=\"wp-block-image aligncenter size-full\"><img loading=\"lazy\" decoding=\"async\" width=\"250\" height=\"213\" src=\"https:\/\/www.tektrade.ee\/fi\/wp-content\/uploads\/sites\/5\/2025\/08\/ResizedImage250213-MWA-axial-unrestrained-welding-ends.jpg\" alt=\"\" class=\"wp-image-3031\"\/><figcaption class=\"wp-element-caption\"><em>Hitsatuilla p\u00e4ill\u00e4<br><\/em><\/figcaption><\/figure>\n<\/div>\n\n\n\n<div class=\"wp-block-group is-layout-constrained wp-block-group-is-layout-constrained\">\n<figure class=\"wp-block-image aligncenter size-full\"><img loading=\"lazy\" decoding=\"async\" width=\"250\" height=\"213\" src=\"https:\/\/www.tektrade.ee\/fi\/wp-content\/uploads\/sites\/5\/2025\/08\/ResizedImage250213-MFA-axial-unrestrained-flanges.jpg\" alt=\"\" class=\"wp-image-3032\"\/><figcaption class=\"wp-element-caption\"><em>Laipalliset<br><\/em><\/figcaption><\/figure>\n<\/div>\n<\/div>\n\n\n\n<ul class=\"wp-block-list\">\n<li>Monik\u00e4ytt\u00f6iset metallikompensaattorit ilman rajoittimia\u00a0<\/li>\n<\/ul>\n\n\n\n<p>Kompensaattorit kahdella palkeella hitsatuilla p\u00e4ill\u00e4 tai laipoilla, l\u00e4hinn\u00e4 aksiaalisen ja lateraalisen, mutta v\u00e4hemmiss\u00e4 m\u00e4\u00e4rin my\u00f6s kulmikkaan liikkeen kompensoimiseen.<\/p>\n\n\n\n<div class=\"wp-block-group is-nowrap is-layout-flex wp-container-core-group-is-layout-ad2f72ca wp-block-group-is-layout-flex\">\n<div class=\"wp-block-group is-layout-constrained wp-block-group-is-layout-constrained\">\n<figure class=\"wp-block-image alignleft size-full\"><img loading=\"lazy\" decoding=\"async\" width=\"250\" height=\"213\" src=\"https:\/\/www.tektrade.ee\/fi\/wp-content\/uploads\/sites\/5\/2025\/08\/ResizedImage250213-MFD-universal-unrestrained-flanges.jpg\" alt=\"\" class=\"wp-image-3033\"\/><figcaption class=\"wp-element-caption\"><em>Laipalliset<\/em><br><\/figcaption><\/figure>\n<\/div>\n<\/div>\n\n\n\n<ul class=\"wp-block-list\">\n<li>Metallikompensaattorit yhdell\u00e4 palkeella ja johteilla<\/li>\n<\/ul>\n\n\n\n<p>Kompensoi aksiaalista, v\u00e4hemm\u00e4ss\u00e4 m\u00e4\u00e4rin lateraalista ja kulmikasta liikett\u00e4, jos saumassa on vain kaksi ohjaustankoa.<\/p>\n\n\n\n<div class=\"wp-block-group is-layout-grid wp-container-core-group-is-layout-baef362d wp-block-group-is-layout-grid\">\n<div class=\"wp-block-group is-content-justification-left is-layout-constrained wp-container-core-group-is-layout-8c890d92 wp-block-group-is-layout-constrained\">\n<figure class=\"wp-block-image aligncenter size-full\"><img loading=\"lazy\" decoding=\"async\" width=\"249\" height=\"213\" src=\"https:\/\/www.tektrade.ee\/fi\/wp-content\/uploads\/sites\/5\/2025\/08\/ResizedImage249213-MFT-axial-tied-flanges.jpg\" alt=\"\" class=\"wp-image-3034\"\/><figcaption class=\"wp-element-caption\"><em><em>Laipalliset<\/em><\/em><\/figcaption><\/figure>\n<\/div>\n\n\n\n<div class=\"wp-block-group is-layout-constrained wp-block-group-is-layout-constrained\">\n<figure class=\"wp-block-image aligncenter size-full\"><img loading=\"lazy\" decoding=\"async\" width=\"249\" height=\"213\" src=\"https:\/\/www.tektrade.ee\/fi\/wp-content\/uploads\/sites\/5\/2025\/08\/ResizedImage249213-MWT-axial-tied-welding-ends.jpg\" alt=\"\" class=\"wp-image-3035\"\/><figcaption class=\"wp-element-caption\"><em>Hitsatuilla p\u00e4ill\u00e4<br><\/em><\/figcaption><\/figure>\n<\/div>\n<\/div>\n\n\n\n<ul class=\"wp-block-list\">\n<li>Metallikompensaattorit kahdella palkeella ja johteilla<\/li>\n<\/ul>\n\n\n\n<p>Kompensoi lateraalista liikett\u00e4 kaikilla tasoilla. T\u00e4m\u00e4n mallisten metallikompensaattoreiden k\u00e4yt\u00f6ss\u00e4 asennetaan putkistoon mittojen mukaiset ankkurit ja johteet.<\/p>\n\n\n\n<div class=\"wp-block-group is-layout-grid wp-container-core-group-is-layout-baef362d wp-block-group-is-layout-grid\">\n<div class=\"wp-block-group is-content-justification-left is-layout-constrained wp-container-core-group-is-layout-8c890d92 wp-block-group-is-layout-constrained\">\n<figure class=\"wp-block-image aligncenter size-full\"><img loading=\"lazy\" decoding=\"async\" width=\"249\" height=\"213\" src=\"https:\/\/www.tektrade.ee\/fi\/wp-content\/uploads\/sites\/5\/2025\/08\/ResizedImage249213-MFL-universal-tied-flanges.jpg\" alt=\"\" class=\"wp-image-3036\"\/><figcaption class=\"wp-element-caption\"><em><em>Laipalliset<\/em><\/em><\/figcaption><\/figure>\n<\/div>\n\n\n\n<div class=\"wp-block-group is-layout-constrained wp-block-group-is-layout-constrained\">\n<figure class=\"wp-block-image aligncenter size-full\"><img loading=\"lazy\" decoding=\"async\" width=\"249\" height=\"213\" src=\"https:\/\/www.tektrade.ee\/fi\/wp-content\/uploads\/sites\/5\/2025\/08\/ResizedImage249213-MWL-universal-tied-welding-ends.jpg\" alt=\"\" class=\"wp-image-3037\"\/><figcaption class=\"wp-element-caption\">Hitsatuilla p\u00e4ill\u00e4<br><\/figcaption><\/figure>\n<\/div>\n<\/div>\n\n\n\n<ul class=\"wp-block-list\">\n<li>Kompensaattorit korkeapainej\u00e4rjestelmiin<\/li>\n<\/ul>\n\n\n\n<p>Kompensaattoreiden palkeet on vahvistettu metallirenkailla, jotka est\u00e4v\u00e4t palkeen muodonmuutoksen korkean paineen johdosta. T\u00e4llaiset palkeet sopivat kaikenlaisiin kompensaattoreihin (aksiaalisen, lateraalisen ja kulmikkaan liikkeen saumoihin).<\/p>\n\n\n\n<div class=\"wp-block-group is-nowrap is-layout-flex wp-container-core-group-is-layout-ad2f72ca wp-block-group-is-layout-flex\">\n<div class=\"wp-block-group is-layout-constrained wp-block-group-is-layout-constrained\">\n<figure class=\"wp-block-image alignleft size-full\"><img loading=\"lazy\" decoding=\"async\" width=\"249\" height=\"213\" src=\"https:\/\/www.tektrade.ee\/fi\/wp-content\/uploads\/sites\/5\/2025\/08\/ResizedImage249213-MRR-high-pressure-reinforcement-rings.jpg\" alt=\"\" class=\"wp-image-3038\"\/><figcaption class=\"wp-element-caption\">Vahvistettu renkailla<br><\/figcaption><\/figure>\n<\/div>\n<\/div>\n\n\n\n<ul class=\"wp-block-list\">\n<li>Kompensaattorit l\u00e4mmitysputkistoon<\/li>\n<\/ul>\n\n\n\n<p>Muistuttavat metallikompensaattoria ilman rajoittimia, mutta niiss\u00e4 on sis\u00e4inen ja ulkoinen suojasukka ja lis\u00e4ksi on asennettu my\u00f6s suoja kutistumisen, pitenemisen ja putkiston voimakasta v\u00e4\u00e4ntymist\u00e4 vastaan.&nbsp;<\/p>\n\n\n\n<ul class=\"wp-block-list\">\n<li>Ulkoisesti paineistetut kompensaattorit<\/li>\n<\/ul>\n\n\n\n<p>Tarkoitettu tapauksiin, joissa nesteen paine vaikuttaa palkeeseen ulkoap\u00e4in ja ilmakeh\u00e4n paine sis\u00e4lt\u00e4 k\u00e4sin. T\u00e4m\u00e4 varmistaa tasapainoisuuden ja tasapuolisen paineen palkeen molemmin puolin. Erinomainen kompensaattori korkean paineen ja laajojen aksiaalisten liikkeiden kompensoimiseen.<\/p>\n\n\n\n<div class=\"wp-block-group is-nowrap is-layout-flex wp-container-core-group-is-layout-ad2f72ca wp-block-group-is-layout-flex\">\n<div class=\"wp-block-group is-layout-constrained wp-block-group-is-layout-constrained\">\n<figure class=\"wp-block-image alignleft size-full\"><img loading=\"lazy\" decoding=\"async\" width=\"249\" height=\"213\" src=\"https:\/\/www.tektrade.ee\/fi\/wp-content\/uploads\/sites\/5\/2025\/08\/ResizedImage249213-MEP-externally-pressurized-2.jpg\" alt=\"\" class=\"wp-image-3119\"\/><figcaption class=\"wp-element-caption\">Ulkoisesti paineistettu<br><\/figcaption><\/figure>\n<\/div>\n<\/div>\n\n\n\n<ul class=\"wp-block-list\">\n<li>Linssikompensaattorit<\/li>\n<\/ul>\n\n\n\n<p>Paksummasta materiaalista valmistettu yksipalkeinen kompensaattori. Linssiss\u00e4 on yksi tai useampi kierre. T\u00e4llaisia kompensaattoreita valmistetaan py\u00f6re\u00e4n ja soikion muotoisina tai asiakkaan toivomassa muodossa. Linssikompensaattoreita k\u00e4ytet\u00e4\u00e4n l\u00e4hinn\u00e4 l\u00e4mm\u00f6nvaihtimien tai uunien putkistoon yhdist\u00e4miseen. Saatavissa linssien kohdalta hitsattuna tai yhdest\u00e4 levyst\u00e4 valmistettuna.<\/p>\n\n\n\n<div class=\"wp-block-group is-nowrap is-layout-flex wp-container-core-group-is-layout-ad2f72ca wp-block-group-is-layout-flex\">\n<div class=\"wp-block-group is-layout-constrained wp-block-group-is-layout-constrained\">\n<figure class=\"wp-block-image alignleft size-full\"><img loading=\"lazy\" decoding=\"async\" width=\"249\" height=\"213\" src=\"https:\/\/www.tektrade.ee\/fi\/wp-content\/uploads\/sites\/5\/2025\/08\/ResizedImage249213-M-LENS-thick-wall-flanged-flued-3.jpg\" alt=\"\" class=\"wp-image-3120\"\/><figcaption class=\"wp-element-caption\">Yhden linssin kompensaattori<br><\/figcaption><\/figure>\n<\/div>\n<\/div>\n\n\n\n<ul class=\"wp-block-list\">\n<li>Neliskulmaiset kompensaattorit<\/li>\n<\/ul>\n\n\n\n<p>Yleens\u00e4 linssikompensaattorit; linssi valmistetaan U- tai V-muotoisella kierteell\u00e4 ja kompensaattoreiden kulmat on joko py\u00f6ristetty, leikattu profiilin mukaan tai 45\u00b0 kulmaliitoksella.<\/p>\n\n\n\n<div class=\"wp-block-group is-layout-grid wp-container-core-group-is-layout-6be84c55 wp-block-group-is-layout-grid\">\n<div class=\"wp-block-group is-content-justification-left is-layout-constrained wp-container-core-group-is-layout-8c890d92 wp-block-group-is-layout-constrained\">\n<figure class=\"wp-block-image aligncenter size-full\"><img loading=\"lazy\" decoding=\"async\" width=\"249\" height=\"213\" src=\"https:\/\/www.tektrade.ee\/fi\/wp-content\/uploads\/sites\/5\/2025\/08\/ResizedImage249213-MRW-rectangular-camera.jpg\" alt=\"\" class=\"wp-image-3042\"\/><figcaption class=\"wp-element-caption\">45\u00b0 kulmaliitoksella<br><\/figcaption><\/figure>\n<\/div>\n\n\n\n<div class=\"wp-block-group is-layout-constrained wp-block-group-is-layout-constrained\">\n<figure class=\"wp-block-image aligncenter size-full\"><img loading=\"lazy\" decoding=\"async\" width=\"249\" height=\"213\" src=\"https:\/\/www.tektrade.ee\/fi\/wp-content\/uploads\/sites\/5\/2025\/08\/ResizedImage249213-MRU-rectangular-rounded.jpg\" alt=\"\" class=\"wp-image-3043\"\/><figcaption class=\"wp-element-caption\">U-muotoinen kierre<br><\/figcaption><\/figure>\n<\/div>\n\n\n\n<div class=\"wp-block-group is-layout-constrained wp-block-group-is-layout-constrained\">\n<figure class=\"wp-block-image aligncenter size-full\"><img loading=\"lazy\" decoding=\"async\" width=\"249\" height=\"212\" src=\"https:\/\/www.tektrade.ee\/fi\/wp-content\/uploads\/sites\/5\/2025\/08\/ResizedImage249212-MRV-rectangular-miter.jpg\" alt=\"\" class=\"wp-image-3044\"\/><figcaption class=\"wp-element-caption\">V- muotoinen kierre<br><\/figcaption><\/figure>\n<\/div>\n<\/div>\n\n\n\n<p>Lis\u00e4ksi ovat saatavissa my\u00f6s nk. kardaani- (\u201eGimbal\u201d), nivel- (\u201eHinged\u201d), &#8221;FCCU&#8221;-, l\u00e4mp\u00f6paketoidut kompensaattorit.<\/p>\n\n\n\n<div class=\"wp-block-file\"><a id=\"wp-block-file--media-4b3630cd-57b8-4f7f-baac-609119127cbb\" href=\"https:\/\/www.tektrade.ee\/fi\/wp-content\/uploads\/sites\/5\/2025\/08\/metal-expansion-joints.pdf\" target=\"_blank\" rel=\"noreferrer noopener\">Tuotekuvasto<\/a><\/div>\n","protected":false},"featured_media":0,"parent":2877,"menu_order":38,"template":"","class_list":["post-3030","product","type-product","status-publish","hentry"],"acf":[],"_links":{"self":[{"href":"https:\/\/www.tektrade.ee\/fi\/wp-json\/wp\/v2\/product\/3030","targetHints":{"allow":["GET"]}}],"collection":[{"href":"https:\/\/www.tektrade.ee\/fi\/wp-json\/wp\/v2\/product"}],"about":[{"href":"https:\/\/www.tektrade.ee\/fi\/wp-json\/wp\/v2\/types\/product"}],"version-history":[{"count":2,"href":"https:\/\/www.tektrade.ee\/fi\/wp-json\/wp\/v2\/product\/3030\/revisions"}],"predecessor-version":[{"id":3121,"href":"https:\/\/www.tektrade.ee\/fi\/wp-json\/wp\/v2\/product\/3030\/revisions\/3121"}],"up":[{"embeddable":true,"href":"https:\/\/www.tektrade.ee\/fi\/wp-json\/wp\/v2\/product\/2877"}],"wp:attachment":[{"href":"https:\/\/www.tektrade.ee\/fi\/wp-json\/wp\/v2\/media?parent=3030"}],"curies":[{"name":"wp","href":"https:\/\/api.w.org\/{rel}","templated":true}]}}