{"id":3004,"date":"2025-08-16T13:40:44","date_gmt":"2025-08-16T10:40:44","guid":{"rendered":"https:\/\/www.tektrade.ee\/fi\/?post_type=product&#038;p=3004"},"modified":"2025-08-17T23:44:52","modified_gmt":"2025-08-17T20:44:52","slug":"putkistojen-liitoskappaleet","status":"publish","type":"product","link":"https:\/\/www.tektrade.ee\/fi\/toutteet\/putkistojen-komponentit\/liitimet-letkut-ja-putket\/putkistojen-liitoskappaleet\/","title":{"rendered":"Putkistojen liitoskappaleet"},"content":{"rendered":"\n<div class=\"wp-block-group is-nowrap is-layout-flex wp-container-core-group-is-layout-64989fb1 wp-block-group-is-layout-flex\">\n<div class=\"wp-block-group is-layout-constrained wp-block-group-is-layout-constrained\">\n<p>Meid\u00e4n tuotevalikoimassa ovat Normaconnect\u00ae liitoskappaleet, joita k\u00e4ytet\u00e4\u00e4n usein laivojen vesi- ja \u00f6ljyputkien sek\u00e4 muiden t\u00e4rin\u00e4lle alttiiden putkij\u00e4rjestelmien yhdist\u00e4miseen. Korjausliitint\u00e4 REP k\u00e4ytet\u00e4\u00e4n my\u00f6s putkirikkojen nopeaan korjaamiseen.&nbsp;<\/p>\n\n\n\n<p>Meill\u00e4 on varastuotuotteina GRIP E -malliset EPDM tai NBR tiivisteill\u00e4 varustetut liitoskappaleet. Muun mallisia ja eri materiaaleista valmistettuja liitoskappaleita hankitaan tilauksesta.<\/p>\n\n\n\n<div class=\"wp-block-file\"><a id=\"wp-block-file--media-9146146e-c2ec-4d39-b0a0-8247a2146b92\" href=\"https:\/\/www.tektrade.ee\/fi\/wp-content\/uploads\/sites\/5\/2025\/08\/Norma-kataloog.pdf\" target=\"_blank\" rel=\"noreferrer noopener\">Normaconnect\u00ae kataloog<\/a><\/div>\n<\/div>\n\n\n\n<div class=\"wp-block-group is-layout-flow wp-block-group-is-layout-flow\">\n<figure class=\"wp-block-image size-frontpage-thumbnail is-resized wp-container-content-69bc4bdf\"><img loading=\"lazy\" decoding=\"async\" width=\"280\" height=\"280\" src=\"https:\/\/www.tektrade.ee\/fi\/wp-content\/uploads\/sites\/5\/2025\/08\/ResizedImage300300-torustiku-klamberuhendus-280x280.jpeg\" alt=\"\" class=\"wp-image-3027\" style=\"width:480px\" srcset=\"https:\/\/www.tektrade.ee\/fi\/wp-content\/uploads\/sites\/5\/2025\/08\/ResizedImage300300-torustiku-klamberuhendus-280x280.jpeg 280w, https:\/\/www.tektrade.ee\/fi\/wp-content\/uploads\/sites\/5\/2025\/08\/ResizedImage300300-torustiku-klamberuhendus-150x150.jpeg 150w, https:\/\/www.tektrade.ee\/fi\/wp-content\/uploads\/sites\/5\/2025\/08\/ResizedImage300300-torustiku-klamberuhendus-100x100.jpeg 100w, https:\/\/www.tektrade.ee\/fi\/wp-content\/uploads\/sites\/5\/2025\/08\/ResizedImage300300-torustiku-klamberuhendus.jpeg 300w\" sizes=\"auto, (max-width: 280px) 100vw, 280px\" \/><figcaption class=\"wp-element-caption\">Putkiston liitoskappale<br><\/figcaption><\/figure>\n<\/div>\n<\/div>\n\n\n\n<p><\/p>\n","protected":false},"featured_media":0,"parent":2883,"menu_order":54,"template":"","class_list":["post-3004","product","type-product","status-publish","hentry"],"acf":[],"_links":{"self":[{"href":"https:\/\/www.tektrade.ee\/fi\/wp-json\/wp\/v2\/product\/3004","targetHints":{"allow":["GET"]}}],"collection":[{"href":"https:\/\/www.tektrade.ee\/fi\/wp-json\/wp\/v2\/product"}],"about":[{"href":"https:\/\/www.tektrade.ee\/fi\/wp-json\/wp\/v2\/types\/product"}],"version-history":[{"count":2,"href":"https:\/\/www.tektrade.ee\/fi\/wp-json\/wp\/v2\/product\/3004\/revisions"}],"predecessor-version":[{"id":3152,"href":"https:\/\/www.tektrade.ee\/fi\/wp-json\/wp\/v2\/product\/3004\/revisions\/3152"}],"up":[{"embeddable":true,"href":"https:\/\/www.tektrade.ee\/fi\/wp-json\/wp\/v2\/product\/2883"}],"wp:attachment":[{"href":"https:\/\/www.tektrade.ee\/fi\/wp-json\/wp\/v2\/media?parent=3004"}],"curies":[{"name":"wp","href":"https:\/\/api.w.org\/{rel}","templated":true}]}}