{"id":3003,"date":"2025-08-16T13:39:09","date_gmt":"2025-08-16T10:39:09","guid":{"rendered":"https:\/\/www.tektrade.ee\/fi\/?post_type=product&#038;p=3003"},"modified":"2025-08-17T23:42:58","modified_gmt":"2025-08-17T20:42:58","slug":"letkut-ja-putket","status":"publish","type":"product","link":"https:\/\/www.tektrade.ee\/fi\/toutteet\/putkistojen-komponentit\/liitimet-letkut-ja-putket\/letkut-ja-putket\/","title":{"rendered":"Letkut ja putket"},"content":{"rendered":"\n<p><strong>SERTO putket ja letkut<\/strong><br>Materiaalit: PA, LDPE, PU, PTFE, PVDF, FEP, PFA, rst-ter\u00e4st\u00e4 1.4571 ja 1.4301, PTFE letkut suojattu ter\u00e4ssukalla.<br><\/p>\n\n\n\n<p><strong>AFLEX PTFE vuoratut letkut<\/strong><br>AFLEX PTFE vuorattuja letkuja k\u00e4ytet\u00e4\u00e4n l\u00e4\u00e4ke-, bioteknologia-, kemian- ja prosessiteollisuudessa nesteiden kuljettamiseen.<\/p>\n\n\n\n<p>Letkut jaetaan k\u00e4ytt\u00f6kohteiden mukaan seuraavasti:<\/p>\n\n\n\n<ul class=\"wp-block-list\">\n<li>Pharmaline N ja X \u2013 letku l\u00e4\u00e4keteollisuuteen<\/li>\n<\/ul>\n\n\n\n<div class=\"wp-block-group is-nowrap is-layout-flex wp-container-core-group-is-layout-ad2f72ca wp-block-group-is-layout-flex\">\n<div class=\"wp-block-group is-layout-constrained wp-block-group-is-layout-constrained\">\n<figure class=\"wp-block-image alignleft size-full\"><img loading=\"lazy\" decoding=\"async\" width=\"600\" height=\"273\" src=\"https:\/\/www.tektrade.ee\/fi\/wp-content\/uploads\/sites\/5\/2025\/08\/ResizedImage600273-Pharmaline.jpg\" alt=\"\" class=\"wp-image-3013\" srcset=\"https:\/\/www.tektrade.ee\/fi\/wp-content\/uploads\/sites\/5\/2025\/08\/ResizedImage600273-Pharmaline.jpg 600w, https:\/\/www.tektrade.ee\/fi\/wp-content\/uploads\/sites\/5\/2025\/08\/ResizedImage600273-Pharmaline-300x137.jpg 300w\" sizes=\"auto, (max-width: 600px) 100vw, 600px\" \/><figcaption class=\"wp-element-caption\"><em>Pharmaline<\/em><\/figcaption><\/figure>\n<\/div>\n<\/div>\n\n\n\n<p>Toimii erinomaisesti silikoniletkujen tilalla, jos prosessi vaatii t\u00e4ydellisen kemiallisen kest\u00e4vyyden.<\/p>\n\n\n\n<div class=\"wp-block-file\"><a id=\"wp-block-file--media-682b9113-a0ed-459e-8142-025e15921c6c\" href=\"https:\/\/www.tektrade.ee\/fi\/wp-content\/uploads\/sites\/5\/2025\/08\/pharma-en.pdf\" target=\"_blank\" rel=\"noreferrer noopener\">Pharmaline tuotekuvasto<\/a><\/div>\n\n\n\n<ul class=\"wp-block-list\">\n<li>Bioflex Ultra \u2013\u00a0letku l\u00e4\u00e4ke- ja bioteknologiateollisuuteen<br><\/li>\n<\/ul>\n\n\n\n<div class=\"wp-block-group is-nowrap is-layout-flex wp-container-core-group-is-layout-ad2f72ca wp-block-group-is-layout-flex\">\n<div class=\"wp-block-group is-layout-constrained wp-block-group-is-layout-constrained\">\n<figure class=\"wp-block-image alignleft size-full\"><img loading=\"lazy\" decoding=\"async\" width=\"600\" height=\"503\" src=\"https:\/\/www.tektrade.ee\/fi\/wp-content\/uploads\/sites\/5\/2025\/08\/ResizedImage600503-Bioflex-Ultra.jpg\" alt=\"\" class=\"wp-image-3015\" srcset=\"https:\/\/www.tektrade.ee\/fi\/wp-content\/uploads\/sites\/5\/2025\/08\/ResizedImage600503-Bioflex-Ultra.jpg 600w, https:\/\/www.tektrade.ee\/fi\/wp-content\/uploads\/sites\/5\/2025\/08\/ResizedImage600503-Bioflex-Ultra-300x252.jpg 300w\" sizes=\"auto, (max-width: 600px) 100vw, 600px\" \/><figcaption class=\"wp-element-caption\">Bioflex Ultra<br><\/figcaption><\/figure>\n<\/div>\n<\/div>\n\n\n\n<p>Hyvin taipuisa, mutta ei mene solmulle. PTFE-vuorauksen ja liittimen v\u00e4linen liitoskappale on sile\u00e4, se varmistaa tasaisen virtauksen ja helpottaa puhdistamista.<\/p>\n\n\n\n<div class=\"wp-block-file\"><a id=\"wp-block-file--media-7e54bdee-e906-4069-ae8c-d2d3de5e5d37\" href=\"https:\/\/www.tektrade.ee\/fi\/wp-content\/uploads\/sites\/5\/2025\/08\/bioflex-ultra-en.pdf\" target=\"_blank\" rel=\"noreferrer noopener\">Bioflex Ultra tuotekuvasto<\/a><\/div>\n\n\n\n<ul class=\"wp-block-list\">\n<li>Corroflon \u2013\u00a0letku kemian- ja prosessiteollisuuteen<br><\/li>\n<\/ul>\n\n\n\n<div class=\"wp-block-group is-nowrap is-layout-flex wp-container-core-group-is-layout-ad2f72ca wp-block-group-is-layout-flex\">\n<div class=\"wp-block-group is-layout-constrained wp-block-group-is-layout-constrained\">\n<figure class=\"wp-block-image alignleft size-full\"><img loading=\"lazy\" decoding=\"async\" width=\"600\" height=\"239\" src=\"https:\/\/www.tektrade.ee\/fi\/wp-content\/uploads\/sites\/5\/2025\/08\/ResizedImage600239-Corroflon.jpg\" alt=\"\" class=\"wp-image-3017\" srcset=\"https:\/\/www.tektrade.ee\/fi\/wp-content\/uploads\/sites\/5\/2025\/08\/ResizedImage600239-Corroflon.jpg 600w, https:\/\/www.tektrade.ee\/fi\/wp-content\/uploads\/sites\/5\/2025\/08\/ResizedImage600239-Corroflon-300x120.jpg 300w\" sizes=\"auto, (max-width: 600px) 100vw, 600px\" \/><figcaption class=\"wp-element-caption\"><em>Corroflon<\/em><\/figcaption><\/figure>\n<\/div>\n<\/div>\n\n\n\n<p>Hyvin kest\u00e4v\u00e4, ei mene solmulle. Taipuisuuden ja lujuuden varmistaa aaltomainen PTFE letku.\u00a0<\/p>\n\n\n\n<div class=\"wp-block-file\"><a id=\"wp-block-file--media-b0dfc25b-8199-4f2f-9369-16a5e16b6bf7\" href=\"https:\/\/www.tektrade.ee\/fi\/wp-content\/uploads\/sites\/5\/2025\/08\/corroflon-en.pdf\" target=\"_blank\" rel=\"noreferrer noopener\">Corroflon tuotekuvasto<\/a><\/div>\n\n\n\n<p><\/p>\n\n\n\n<p>Lisaks veel ka:<\/p>\n\n\n\n<div class=\"wp-block-file\"><a id=\"wp-block-file--media-0c845040-47b6-4447-a28d-5c430963da7a\" href=\"https:\/\/www.tektrade.ee\/fi\/wp-content\/uploads\/sites\/5\/2025\/08\/corroline-plus-en.pdf\" target=\"_blank\" rel=\"noreferrer noopener\">Corroline tuotekuvasto<\/a><\/div>\n\n\n\n<div class=\"wp-block-file\"><a id=\"wp-block-file--media-c14fba4f-46fb-44af-a123-6bf50b00fbec\" href=\"https:\/\/www.tektrade.ee\/fi\/wp-content\/uploads\/sites\/5\/2025\/08\/hyperline-en.pdf\" target=\"_blank\" rel=\"noreferrer noopener\">Hyperline FX tuotekuvasto<\/a><\/div>\n\n\n\n<div class=\"wp-block-file\"><a id=\"wp-block-file--media-c31a93a2-45df-41ca-98ea-b9d7fd9d8b36\" href=\"https:\/\/www.tektrade.ee\/fi\/wp-content\/uploads\/sites\/5\/2025\/08\/smoothbore-en.pdf\" target=\"_blank\" rel=\"noreferrer noopener\">Smoothbore tuotekuvasto<\/a><\/div>\n\n\n\n<div class=\"wp-block-file\"><a id=\"wp-block-file--media-3f4e9548-d56a-47a9-a3e1-5bcedb9f50d4\" href=\"https:\/\/www.tektrade.ee\/fi\/wp-content\/uploads\/sites\/5\/2025\/08\/visiflon-en.pdf\" target=\"_blank\" rel=\"noreferrer noopener\">Visiflon tuotekuvasto<\/a><\/div>\n\n\n\n<p><\/p>\n","protected":false},"featured_media":0,"parent":2883,"menu_order":53,"template":"","class_list":["post-3003","product","type-product","status-publish","hentry"],"acf":[],"_links":{"self":[{"href":"https:\/\/www.tektrade.ee\/fi\/wp-json\/wp\/v2\/product\/3003","targetHints":{"allow":["GET"]}}],"collection":[{"href":"https:\/\/www.tektrade.ee\/fi\/wp-json\/wp\/v2\/product"}],"about":[{"href":"https:\/\/www.tektrade.ee\/fi\/wp-json\/wp\/v2\/types\/product"}],"version-history":[{"count":5,"href":"https:\/\/www.tektrade.ee\/fi\/wp-json\/wp\/v2\/product\/3003\/revisions"}],"predecessor-version":[{"id":3151,"href":"https:\/\/www.tektrade.ee\/fi\/wp-json\/wp\/v2\/product\/3003\/revisions\/3151"}],"up":[{"embeddable":true,"href":"https:\/\/www.tektrade.ee\/fi\/wp-json\/wp\/v2\/product\/2883"}],"wp:attachment":[{"href":"https:\/\/www.tektrade.ee\/fi\/wp-json\/wp\/v2\/media?parent=3003"}],"curies":[{"name":"wp","href":"https:\/\/api.w.org\/{rel}","templated":true}]}}