{"id":3002,"date":"2025-08-16T13:35:37","date_gmt":"2025-08-16T10:35:37","guid":{"rendered":"https:\/\/www.tektrade.ee\/fi\/?post_type=product&#038;p=3002"},"modified":"2025-08-17T23:41:30","modified_gmt":"2025-08-17T20:41:30","slug":"exmar-316ti-din-liittimet","status":"publish","type":"product","link":"https:\/\/www.tektrade.ee\/fi\/toutteet\/putkistojen-komponentit\/liitimet-letkut-ja-putket\/exmar-316ti-din-liittimet\/","title":{"rendered":"EXMAR 316Ti DIN liittimet"},"content":{"rendered":"\n<div class=\"wp-block-group is-nowrap is-layout-flex wp-container-core-group-is-layout-ad2f72ca wp-block-group-is-layout-flex\">\n<div class=\"wp-block-group is-layout-constrained wp-block-group-is-layout-constrained\">\n<figure class=\"wp-block-image alignleft size-full\"><img loading=\"lazy\" decoding=\"async\" width=\"289\" height=\"300\" src=\"https:\/\/www.tektrade.ee\/fi\/wp-content\/uploads\/sites\/5\/2025\/08\/ResizedImage289300-Exmar.jpeg\" alt=\"\" class=\"wp-image-3011\"\/><figcaption class=\"wp-element-caption\">EXMAR 316Ti Elbow putkiliitos<br><\/figcaption><\/figure>\n<\/div>\n<\/div>\n\n\n\n<div style=\"height:30px\" aria-hidden=\"true\" class=\"wp-block-spacer\"><\/div>\n\n\n\n<p>EXMARin tuotevalikoimasta l\u00f6ytyv\u00e4t haponkest\u00e4v\u00e4t DIN2353 ter\u00e4ksest\u00e4 valmistetut putkiliittimet.&nbsp;<br>Tuotevalikoima jakautuu kuuteen tuoteluokkaan:<\/p>\n\n\n\n<p>1. Putkiliittimet leikkaavalla renkaalla:<\/p>\n\n\n\n<ul class=\"wp-block-list\">\n<li>materiaali EN 1.4571<\/li>\n\n\n\n<li>putkien mitat 4-42 mm<\/li>\n\n\n\n<li>nimellispaine max. 800 bar<\/li>\n\n\n\n<li>l\u00e4mp\u00f6tila -60 max. +400 C\u00b0<\/li>\n<\/ul>\n\n\n\n<p>&nbsp;2. Muotoillut putkiliittimet:<\/p>\n\n\n\n<ul class=\"wp-block-list\">\n<li>materiaali EN 1.4571<\/li>\n\n\n\n<li>putkien mitat 6-42 mm<\/li>\n\n\n\n<li>nimellispaine max. 630 bar<\/li>\n\n\n\n<li>l\u00e4mp\u00f6tila -60 max. +400 C\u00b0<\/li>\n<\/ul>\n\n\n\n<p>&nbsp;3. Putkiliittimet kapenevalla tiivisteell\u00e4:<\/p>\n\n\n\n<ul class=\"wp-block-list\">\n<li>materiaali EN 1.4571<\/li>\n\n\n\n<li>putkien mitat 6-42 mm<\/li>\n\n\n\n<li>nimellispaine max. 630 bar<\/li>\n\n\n\n<li>l\u00e4mp\u00f6tila -20 max. +200 C\u00b0<\/li>\n<\/ul>\n\n\n\n<p>&nbsp;4. Kuula ja neula -venttiilit:<\/p>\n\n\n\n<ul class=\"wp-block-list\">\n<li>materiaali \u2013 laadukas ruostumaton metalliseos<\/li>\n\n\n\n<li>putkien mitat 6-42 mm ja \u00bc\u201d- 2\u201d<\/li>\n\n\n\n<li>nimellispaine max. 600 bar<\/li>\n<\/ul>\n\n\n\n<p>&nbsp;5. NC kiinni puristettavat putkiliittimet:<\/p>\n\n\n\n<ul class=\"wp-block-list\">\n<li>materiaali EN 1.4571<\/li>\n\n\n\n<li>putkien mitat 6-25 mm<\/li>\n\n\n\n<li>nimellispaine max. 500 bar<\/li>\n\n\n\n<li>l\u00e4mp\u00f6tila -60 max. +400 C\u00b0<\/li>\n\n\n\n<li>mutterit on sis\u00e4lt\u00e4 pinnoitettu hopealla, jotta asennus olisi nopeampaa ja helpompaa<\/li>\n<\/ul>\n\n\n\n<p>&nbsp;6. Exmar letkuyhteet:<\/p>\n\n\n\n<ul class=\"wp-block-list\">\n<li>materiaali EN 1.4571<\/li>\n\n\n\n<li>korkean paineen k\u00e4ytt\u00f6ymp\u00e4rist\u00f6\u00f6n<\/li>\n\n\n\n<li>Kiilattomaan hydrauliletkuun\u00a0<\/li>\n<\/ul>\n","protected":false},"featured_media":0,"parent":2883,"menu_order":52,"template":"","class_list":["post-3002","product","type-product","status-publish","hentry"],"acf":[],"_links":{"self":[{"href":"https:\/\/www.tektrade.ee\/fi\/wp-json\/wp\/v2\/product\/3002","targetHints":{"allow":["GET"]}}],"collection":[{"href":"https:\/\/www.tektrade.ee\/fi\/wp-json\/wp\/v2\/product"}],"about":[{"href":"https:\/\/www.tektrade.ee\/fi\/wp-json\/wp\/v2\/types\/product"}],"version-history":[{"count":2,"href":"https:\/\/www.tektrade.ee\/fi\/wp-json\/wp\/v2\/product\/3002\/revisions"}],"predecessor-version":[{"id":3149,"href":"https:\/\/www.tektrade.ee\/fi\/wp-json\/wp\/v2\/product\/3002\/revisions\/3149"}],"up":[{"embeddable":true,"href":"https:\/\/www.tektrade.ee\/fi\/wp-json\/wp\/v2\/product\/2883"}],"wp:attachment":[{"href":"https:\/\/www.tektrade.ee\/fi\/wp-json\/wp\/v2\/media?parent=3002"}],"curies":[{"name":"wp","href":"https:\/\/api.w.org\/{rel}","templated":true}]}}