{"id":3001,"date":"2025-08-16T13:34:58","date_gmt":"2025-08-16T10:34:58","guid":{"rendered":"https:\/\/www.tektrade.ee\/fi\/?post_type=product&#038;p=3001"},"modified":"2025-08-17T23:40:51","modified_gmt":"2025-08-17T20:40:51","slug":"serto-radiaaliliittimet","status":"publish","type":"product","link":"https:\/\/www.tektrade.ee\/fi\/toutteet\/putkistojen-komponentit\/liitimet-letkut-ja-putket\/serto-radiaaliliittimet\/","title":{"rendered":"Serto radiaaliliittimet"},"content":{"rendered":"\n<p>SERTO valmistaa monik\u00e4ytt\u00f6isi\u00e4 radiaaliliittimi\u00e4 rst-ter\u00e4ksest\u00e4, hiiliter\u00e4ksest\u00e4 ja messinkist\u00e4 sek\u00e4 liittimi\u00e4 ja venttiilej\u00e4 PVDF\/PA -muovista.<br><br><a  href=\"https:\/\/www.serto.com\/en\/products\/your-benefits\/\"  target=\"_blank\" rel=\"noreferrer noopener\" target=\"_blank\">https:\/\/www.serto.com\/en\/products\/your-benefits\/<\/a><\/p>\n\n\n\n<p>Ominaisuudet: &nbsp; &nbsp; &nbsp; &nbsp; &nbsp; &nbsp; &nbsp; &nbsp; &nbsp; &nbsp; &nbsp; &nbsp; &nbsp; &nbsp;&nbsp;<\/p>\n\n\n\n<p>1. Radiaalinen purkaminen<\/p>\n\n\n\n<div class=\"wp-block-group is-nowrap is-layout-flex wp-container-core-group-is-layout-ad2f72ca wp-block-group-is-layout-flex\">\n<div class=\"wp-block-group is-layout-constrained wp-block-group-is-layout-constrained\">\n<figure class=\"wp-block-image alignleft size-full\"><img loading=\"lazy\" decoding=\"async\" width=\"300\" height=\"120\" src=\"https:\/\/www.tektrade.ee\/fi\/wp-content\/uploads\/sites\/5\/2025\/08\/ResizedImage300120-Radiaalne-demonteerimine.jpg\" alt=\"\" class=\"wp-image-3005\"\/><figcaption class=\"wp-element-caption\">Radiaalinen purkaminen<br><\/figcaption><\/figure>\n<\/div>\n<\/div>\n\n\n\n<div style=\"height:30px\" aria-hidden=\"true\" class=\"wp-block-spacer\"><\/div>\n\n\n\n<p>Liittimien liit\u00e4nt\u00e4\u00e4 ei-rikkova purkaminen, joka mahdollistaa liittimien toistuvan asentamisen sek\u00e4 muussa tapauksessa liittimien ja putkien vaihtamiseen kuluvaa aikaa ja rahaa.<br>Putkia ei v\u00e4\u00e4nnet\u00e4 eik\u00e4 j\u00e4nnitet\u00e4 asennuksen aikana, my\u00f6s purkamiseen kuluva aika v\u00e4henee.<\/p>\n\n\n\n<p>2. Helppo asentaa<\/p>\n\n\n\n<div class=\"wp-block-group is-nowrap is-layout-flex wp-container-core-group-is-layout-ad2f72ca wp-block-group-is-layout-flex\">\n<div class=\"wp-block-group is-layout-constrained wp-block-group-is-layout-constrained\">\n<figure class=\"wp-block-image alignleft size-full\"><img loading=\"lazy\" decoding=\"async\" width=\"300\" height=\"300\" src=\"https:\/\/www.tektrade.ee\/fi\/wp-content\/uploads\/sites\/5\/2025\/08\/ResizedImage300300-Paigalduse-jarjekord-ei-ole-oluline.jpg\" alt=\"\" class=\"wp-image-3006\" srcset=\"https:\/\/www.tektrade.ee\/fi\/wp-content\/uploads\/sites\/5\/2025\/08\/ResizedImage300300-Paigalduse-jarjekord-ei-ole-oluline.jpg 300w, https:\/\/www.tektrade.ee\/fi\/wp-content\/uploads\/sites\/5\/2025\/08\/ResizedImage300300-Paigalduse-jarjekord-ei-ole-oluline-150x150.jpg 150w, https:\/\/www.tektrade.ee\/fi\/wp-content\/uploads\/sites\/5\/2025\/08\/ResizedImage300300-Paigalduse-jarjekord-ei-ole-oluline-100x100.jpg 100w, https:\/\/www.tektrade.ee\/fi\/wp-content\/uploads\/sites\/5\/2025\/08\/ResizedImage300300-Paigalduse-jarjekord-ei-ole-oluline-280x280.jpg 280w\" sizes=\"auto, (max-width: 300px) 100vw, 300px\" \/><figcaption class=\"wp-element-caption\">Asennusj\u00e4rjestyksell\u00e4 ei ole merkityst\u00e4<br><\/figcaption><\/figure>\n<\/div>\n<\/div>\n\n\n\n<div style=\"height:30px\" aria-hidden=\"true\" class=\"wp-block-spacer\"><\/div>\n\n\n\n<p>Asennustarvikkeita ei tarvita, joten sekin s\u00e4\u00e4st\u00e4\u00e4 kustannuksia.<br>Mahdollinen esikokoaminen tuotantolaitoksella, joka mahdollistaa nopean ja helpon kokoamisen paikan p\u00e4\u00e4ll\u00e4.<br>Putkiston komponenttien asennusj\u00e4rjestyksell\u00e4 ei ole v\u00e4li\u00e4, se helpottaa kokoamisprosessia.&nbsp;<\/p>\n\n\n\n<p>3. Putken ja liittimen v\u00e4linen tiivist\u00e4m\u00e4t\u00f6n liitos<\/p>\n\n\n\n<div class=\"wp-block-group is-nowrap is-layout-flex wp-container-core-group-is-layout-ad2f72ca wp-block-group-is-layout-flex\">\n<div class=\"wp-block-group is-layout-constrained wp-block-group-is-layout-constrained\">\n<figure class=\"wp-block-image alignleft size-full\"><img loading=\"lazy\" decoding=\"async\" width=\"300\" height=\"300\" src=\"https:\/\/www.tektrade.ee\/fi\/wp-content\/uploads\/sites\/5\/2025\/08\/ResizedImage300300-Tihendivaba-uhendus.jpg\" alt=\"\" class=\"wp-image-3007\" srcset=\"https:\/\/www.tektrade.ee\/fi\/wp-content\/uploads\/sites\/5\/2025\/08\/ResizedImage300300-Tihendivaba-uhendus.jpg 300w, https:\/\/www.tektrade.ee\/fi\/wp-content\/uploads\/sites\/5\/2025\/08\/ResizedImage300300-Tihendivaba-uhendus-150x150.jpg 150w, https:\/\/www.tektrade.ee\/fi\/wp-content\/uploads\/sites\/5\/2025\/08\/ResizedImage300300-Tihendivaba-uhendus-100x100.jpg 100w, https:\/\/www.tektrade.ee\/fi\/wp-content\/uploads\/sites\/5\/2025\/08\/ResizedImage300300-Tihendivaba-uhendus-280x280.jpg 280w\" sizes=\"auto, (max-width: 300px) 100vw, 300px\" \/><figcaption class=\"wp-element-caption\">Tiivist\u00e4m\u00e4t\u00f6n liitos<br><\/figcaption><\/figure>\n<\/div>\n<\/div>\n\n\n\n<div style=\"height:30px\" aria-hidden=\"true\" class=\"wp-block-spacer\"><\/div>\n\n\n\n<p>T\u00e4ll\u00e4 poistetaan O-renkaiden tai muiden tiivisteiden kulumisongelma, sill\u00e4 tiivisteit\u00e4 ei k\u00e4ytet\u00e4. T\u00e4m\u00e4 v\u00e4hent\u00e4\u00e4 my\u00f6s huoltokustannuksia.<\/p>\n\n\n\n<p>4. Yhteen puristettava putken p\u00e4\u00e4tykappale<\/p>\n\n\n\n<div class=\"wp-block-group is-nowrap is-layout-flex wp-container-core-group-is-layout-ad2f72ca wp-block-group-is-layout-flex\">\n<div class=\"wp-block-group is-layout-constrained wp-block-group-is-layout-constrained\">\n<figure class=\"wp-block-image alignleft size-full\"><img loading=\"lazy\" decoding=\"async\" width=\"300\" height=\"300\" src=\"https:\/\/www.tektrade.ee\/fi\/wp-content\/uploads\/sites\/5\/2025\/08\/ResizedImage300300-Serto-uhendus.jpg\" alt=\"\" class=\"wp-image-3008\" srcset=\"https:\/\/www.tektrade.ee\/fi\/wp-content\/uploads\/sites\/5\/2025\/08\/ResizedImage300300-Serto-uhendus.jpg 300w, https:\/\/www.tektrade.ee\/fi\/wp-content\/uploads\/sites\/5\/2025\/08\/ResizedImage300300-Serto-uhendus-150x150.jpg 150w, https:\/\/www.tektrade.ee\/fi\/wp-content\/uploads\/sites\/5\/2025\/08\/ResizedImage300300-Serto-uhendus-100x100.jpg 100w, https:\/\/www.tektrade.ee\/fi\/wp-content\/uploads\/sites\/5\/2025\/08\/ResizedImage300300-Serto-uhendus-280x280.jpg 280w\" sizes=\"auto, (max-width: 300px) 100vw, 300px\" \/><figcaption class=\"wp-element-caption\">Serto liitos<br><\/figcaption><\/figure>\n<\/div>\n<\/div>\n\n\n\n<div style=\"height:30px\" aria-hidden=\"true\" class=\"wp-block-spacer\"><\/div>\n\n\n\n<p>P\u00e4\u00e4tykappale ei pureudu putkeen, joten asennuksessa voidaan k\u00e4ytt\u00e4\u00e4 ohutsein\u00e4isi\u00e4 putkia, joka v\u00e4hent\u00e4\u00e4 merkitt\u00e4v\u00e4sti putkiston painoa ja antaa aineellista s\u00e4\u00e4st\u00f6\u00e4.<br>T\u00e4rin\u00e4nkest\u00e4v\u00e4 \u2013 v\u00e4hent\u00e4\u00e4 k\u00e4ytt\u00f6taukoja.<br>Mahdollistaa metalliliitosten asentamisen muoviputkiin. S\u00e4\u00e4st\u00e4\u00e4 aikaa ja ty\u00f6kustannuksia, joita muuten kuluisi metalliputkien taivuttamiseen.<\/p>\n\n\n\n<p>5. Moduulij\u00e4rjestelm<\/p>\n\n\n\n<div class=\"wp-block-group is-nowrap is-layout-flex wp-container-core-group-is-layout-ad2f72ca wp-block-group-is-layout-flex\">\n<div class=\"wp-block-group is-layout-constrained wp-block-group-is-layout-constrained\">\n<figure class=\"wp-block-image alignleft size-full\"><img loading=\"lazy\" decoding=\"async\" width=\"300\" height=\"131\" src=\"https:\/\/www.tektrade.ee\/fi\/wp-content\/uploads\/sites\/5\/2025\/08\/ResizedImage300131-Modular-susteem.jpg\" alt=\"\" class=\"wp-image-3009\"\/><figcaption class=\"wp-element-caption\"><em>Moduulij\u00e4rjestelm\u00e4<br><\/em><\/figcaption><\/figure>\n<\/div>\n<\/div>\n\n\n\n<div style=\"height:30px\" aria-hidden=\"true\" class=\"wp-block-spacer\"><\/div>\n\n\n\n<p>Mahdollista halkaisijaltaan erilaisten putkien, erilaisten kierretyyppien ja -mittojen yhteen liitt\u00e4misen \u2013 n\u00e4in liitinten lukum\u00e4\u00e4r\u00e4 v\u00e4henee, asennusajat lyhentyv\u00e4t ja saadaan kustannuss\u00e4\u00e4st\u00f6\u00e4.<\/p>\n\n\n\n<p>6. \u201cCad-online\u201d tietokanta<br>STEP tiedostojen lataaminen \u201cCad-online\u201d tietokannasta &#8211; helpottaa putkiston suunnittelua.<br><\/p>\n\n\n\n<p><a  href=\"http:\/\/serto.partcommunity.com\/3d-cad-models\/\"  target=\"_blank\" rel=\"noreferrer noopener\" target=\"_blank\">\u00abCad-online&#8221; tietokanta<\/a><\/p>\n\n\n\n<p><a  href=\"https:\/\/www.serto.com\/en\/service\/media\/catalog\/\"  target=\"_blank\" rel=\"noreferrer noopener\" target=\"_blank\">SERTO-online tuotekuvasto<\/a><\/p>\n","protected":false},"featured_media":0,"parent":2883,"menu_order":51,"template":"","class_list":["post-3001","product","type-product","status-publish","hentry"],"acf":[],"_links":{"self":[{"href":"https:\/\/www.tektrade.ee\/fi\/wp-json\/wp\/v2\/product\/3001","targetHints":{"allow":["GET"]}}],"collection":[{"href":"https:\/\/www.tektrade.ee\/fi\/wp-json\/wp\/v2\/product"}],"about":[{"href":"https:\/\/www.tektrade.ee\/fi\/wp-json\/wp\/v2\/types\/product"}],"version-history":[{"count":2,"href":"https:\/\/www.tektrade.ee\/fi\/wp-json\/wp\/v2\/product\/3001\/revisions"}],"predecessor-version":[{"id":3148,"href":"https:\/\/www.tektrade.ee\/fi\/wp-json\/wp\/v2\/product\/3001\/revisions\/3148"}],"up":[{"embeddable":true,"href":"https:\/\/www.tektrade.ee\/fi\/wp-json\/wp\/v2\/product\/2883"}],"wp:attachment":[{"href":"https:\/\/www.tektrade.ee\/fi\/wp-json\/wp\/v2\/media?parent=3001"}],"curies":[{"name":"wp","href":"https:\/\/api.w.org\/{rel}","templated":true}]}}