{"id":2936,"date":"2025-08-16T13:22:37","date_gmt":"2025-08-16T10:22:37","guid":{"rendered":"https:\/\/www.tektrade.ee\/fi\/?post_type=product&#038;p=2936"},"modified":"2025-08-17T23:35:42","modified_gmt":"2025-08-17T20:35:42","slug":"venttiilit-2","status":"publish","type":"product","link":"https:\/\/www.tektrade.ee\/fi\/toutteet\/putkistojen-komponentit\/venttiilit-pellit-venttiilit-nesteille-ja-kaasuille\/venttiilit-2\/","title":{"rendered":"Venttiilit"},"content":{"rendered":"\n<p><strong>Luistiventtiilit<\/strong><\/p>\n\n\n\n<p>Kiilaluistiventtiilit&nbsp;<\/p>\n\n\n\n<div class=\"wp-block-group is-nowrap is-layout-flex wp-container-core-group-is-layout-ad2f72ca wp-block-group-is-layout-flex\">\n<div class=\"wp-block-group is-layout-constrained wp-block-group-is-layout-constrained\">\n<figure class=\"wp-block-image alignleft size-full\"><img loading=\"lazy\" decoding=\"async\" width=\"141\" height=\"244\" src=\"https:\/\/www.tektrade.ee\/fi\/wp-content\/uploads\/sites\/5\/2025\/08\/siiberventiilid1.png\" alt=\"\" class=\"wp-image-2959\"\/><\/figure>\n<\/div>\n<\/div>\n\n\n\n<div style=\"height:30px\" aria-hidden=\"true\" class=\"wp-block-spacer\"><\/div>\n\n\n\n<p>Giljotiiniluistiventtiilit<\/p>\n\n\n\n<div class=\"wp-block-group is-nowrap is-layout-flex wp-container-core-group-is-layout-ad2f72ca wp-block-group-is-layout-flex\">\n<div class=\"wp-block-group is-layout-constrained wp-block-group-is-layout-constrained\">\n<figure class=\"wp-block-image alignleft size-full\"><img loading=\"lazy\" decoding=\"async\" width=\"406\" height=\"300\" src=\"https:\/\/www.tektrade.ee\/fi\/wp-content\/uploads\/sites\/5\/2025\/08\/ResizedImage406300-siiberventiilid4.png\" alt=\"\" class=\"wp-image-2960\" srcset=\"https:\/\/www.tektrade.ee\/fi\/wp-content\/uploads\/sites\/5\/2025\/08\/ResizedImage406300-siiberventiilid4.png 406w, https:\/\/www.tektrade.ee\/fi\/wp-content\/uploads\/sites\/5\/2025\/08\/ResizedImage406300-siiberventiilid4-300x222.png 300w\" sizes=\"auto, (max-width: 406px) 100vw, 406px\" \/><\/figure>\n<\/div>\n<\/div>\n\n\n\n<p><strong><strong><strong>Perhospellit<\/strong><\/strong><\/strong><\/p>\n\n\n\n<div class=\"wp-block-group is-layout-grid wp-container-core-group-is-layout-baef362d wp-block-group-is-layout-grid\">\n<div class=\"wp-block-group is-content-justification-left is-layout-constrained wp-container-core-group-is-layout-8c890d92 wp-block-group-is-layout-constrained\">\n<figure class=\"wp-block-image aligncenter size-full\"><img loading=\"lazy\" decoding=\"async\" width=\"200\" height=\"249\" src=\"https:\/\/www.tektrade.ee\/fi\/wp-content\/uploads\/sites\/5\/2025\/08\/ResizedImage200249-liblikventiilid2.png\" alt=\"\" class=\"wp-image-2961\"\/><\/figure>\n<\/div>\n\n\n\n<div class=\"wp-block-group is-layout-constrained wp-block-group-is-layout-constrained\">\n<figure class=\"wp-block-image aligncenter size-full\"><img loading=\"lazy\" decoding=\"async\" width=\"200\" height=\"249\" src=\"https:\/\/www.tektrade.ee\/fi\/wp-content\/uploads\/sites\/5\/2025\/08\/liblikventiilid4.png\" alt=\"\" class=\"wp-image-2962\"\/><\/figure>\n<\/div>\n<\/div>\n\n\n\n<p><strong><strong>Satulaventtiilit<\/strong><\/strong><\/p>\n\n\n\n<div class=\"wp-block-group is-nowrap is-layout-flex wp-container-core-group-is-layout-ad2f72ca wp-block-group-is-layout-flex\">\n<div class=\"wp-block-group is-layout-constrained wp-block-group-is-layout-constrained\">\n<figure class=\"wp-block-image alignleft size-full\"><img loading=\"lazy\" decoding=\"async\" width=\"201\" height=\"250\" src=\"https:\/\/www.tektrade.ee\/fi\/wp-content\/uploads\/sites\/5\/2025\/08\/ResizedImage201250-sadulventiilid1.png\" alt=\"\" class=\"wp-image-2963\"\/><\/figure>\n<\/div>\n<\/div>\n\n\n\n<p><strong><strong>Kuulaventtiilit<\/strong><\/strong><\/p>\n\n\n\n<div class=\"wp-block-group is-nowrap is-layout-flex wp-container-core-group-is-layout-ad2f72ca wp-block-group-is-layout-flex\">\n<div class=\"wp-block-group is-layout-constrained wp-block-group-is-layout-constrained\">\n<figure class=\"wp-block-image alignleft size-full\"><img loading=\"lazy\" decoding=\"async\" width=\"253\" height=\"180\" src=\"https:\/\/www.tektrade.ee\/fi\/wp-content\/uploads\/sites\/5\/2025\/08\/kuulventiilid2.png\" alt=\"\" class=\"wp-image-2964\"\/><\/figure>\n<\/div>\n<\/div>\n\n\n\n<p><strong><strong>Neulaventtiilit<\/strong><\/strong><\/p>\n\n\n\n<div class=\"wp-block-group is-nowrap is-layout-flex wp-container-core-group-is-layout-ad2f72ca wp-block-group-is-layout-flex\">\n<div class=\"wp-block-group is-layout-constrained wp-block-group-is-layout-constrained\">\n<figure class=\"wp-block-image alignleft size-full\"><img loading=\"lazy\" decoding=\"async\" width=\"218\" height=\"176\" src=\"https:\/\/www.tektrade.ee\/fi\/wp-content\/uploads\/sites\/5\/2025\/08\/noelventiilid1.png\" alt=\"\" class=\"wp-image-2965\"\/><\/figure>\n<\/div>\n<\/div>\n\n\n\n<div style=\"height:30px\" aria-hidden=\"true\" class=\"wp-block-spacer\"><\/div>\n\n\n\n<p><strong><strong>S\u00e4\u00e4t\u00f6venttiilit<\/strong><\/strong><\/p>\n\n\n\n<p>Schuf s\u00e4\u00e4t\u00f6venttiilit kemian-, \u00f6ljy- ja l\u00e4\u00e4keteollisuuksille<\/p>\n\n\n\n<div class=\"wp-block-group is-nowrap is-layout-flex wp-container-core-group-is-layout-ad2f72ca wp-block-group-is-layout-flex\">\n<div class=\"wp-block-group is-layout-constrained wp-block-group-is-layout-constrained\">\n<figure class=\"wp-block-image alignleft size-full\"><img loading=\"lazy\" decoding=\"async\" width=\"419\" height=\"300\" src=\"https:\/\/www.tektrade.ee\/fi\/wp-content\/uploads\/sites\/5\/2025\/08\/ResizedImage419300-reguleerventiilid1.png\" alt=\"\" class=\"wp-image-2966\" srcset=\"https:\/\/www.tektrade.ee\/fi\/wp-content\/uploads\/sites\/5\/2025\/08\/ResizedImage419300-reguleerventiilid1.png 419w, https:\/\/www.tektrade.ee\/fi\/wp-content\/uploads\/sites\/5\/2025\/08\/ResizedImage419300-reguleerventiilid1-300x215.png 300w\" sizes=\"auto, (max-width: 419px) 100vw, 419px\" \/><\/figure>\n<\/div>\n<\/div>\n\n\n\n<div style=\"height:30px\" aria-hidden=\"true\" class=\"wp-block-spacer\"><\/div>\n\n\n\n<p><strong>Automaattiset kiertoventtiilit<\/strong><\/p>\n\n\n\n<p>Schuf automaattiset kiertoventtiilit<\/p>\n\n\n\n<div class=\"wp-block-group is-nowrap is-layout-flex wp-container-core-group-is-layout-ad2f72ca wp-block-group-is-layout-flex\">\n<div class=\"wp-block-group is-layout-constrained wp-block-group-is-layout-constrained\">\n<figure class=\"wp-block-image alignleft size-full\"><img loading=\"lazy\" decoding=\"async\" width=\"280\" height=\"300\" src=\"https:\/\/www.tektrade.ee\/fi\/wp-content\/uploads\/sites\/5\/2025\/08\/ResizedImage280300-automaatsed-ringlusventiilid1.png\" alt=\"\" class=\"wp-image-2967\"\/><\/figure>\n<\/div>\n<\/div>\n\n\n\n<div style=\"height:30px\" aria-hidden=\"true\" class=\"wp-block-spacer\"><\/div>\n\n\n\n<p><strong><strong>Uimuriventtiilit<\/strong><\/strong><\/p>\n\n\n\n<div class=\"wp-block-group is-nowrap is-layout-flex wp-container-core-group-is-layout-ad2f72ca wp-block-group-is-layout-flex\">\n<div class=\"wp-block-group is-layout-constrained wp-block-group-is-layout-constrained\">\n<figure class=\"wp-block-image alignleft size-full\"><img loading=\"lazy\" decoding=\"async\" width=\"165\" height=\"165\" src=\"https:\/\/www.tektrade.ee\/fi\/wp-content\/uploads\/sites\/5\/2025\/08\/ujukventiilid2.png\" alt=\"\" class=\"wp-image-2968\" srcset=\"https:\/\/www.tektrade.ee\/fi\/wp-content\/uploads\/sites\/5\/2025\/08\/ujukventiilid2.png 165w, https:\/\/www.tektrade.ee\/fi\/wp-content\/uploads\/sites\/5\/2025\/08\/ujukventiilid2-150x150.png 150w, https:\/\/www.tektrade.ee\/fi\/wp-content\/uploads\/sites\/5\/2025\/08\/ujukventiilid2-100x100.png 100w\" sizes=\"auto, (max-width: 165px) 100vw, 165px\" \/><\/figure>\n<\/div>\n<\/div>\n\n\n\n<div style=\"height:30px\" aria-hidden=\"true\" class=\"wp-block-spacer\"><\/div>\n\n\n\n<p><strong>Sulkuventtiilit<\/strong><\/p>\n\n\n\n<p>Schuf pikasulkuventtiilit<\/p>\n\n\n\n<div class=\"wp-block-group is-nowrap is-layout-flex wp-container-core-group-is-layout-ad2f72ca wp-block-group-is-layout-flex\">\n<div class=\"wp-block-group is-layout-constrained wp-block-group-is-layout-constrained\">\n<figure class=\"wp-block-image alignleft size-full\"><img loading=\"lazy\" decoding=\"async\" width=\"297\" height=\"266\" src=\"https:\/\/www.tektrade.ee\/fi\/wp-content\/uploads\/sites\/5\/2025\/08\/sulgventiilid2.png\" alt=\"\" class=\"wp-image-2969\"\/><\/figure>\n<\/div>\n<\/div>\n\n\n\n<p>Schuf k\u00e4\u00e4nnett\u00e4v\u00e4 pikasulkuventtiilin video:<br><a  href=\"https:\/\/www.youtube.com\/watch?time_continue=3&amp;v=8xacAOJ8k_E\"  target=\"_blank\" rel=\"noreferrer noopener\" target=\"_blank\">https:\/\/www.youtube.com\/watch?time_continue=3&amp;v=8xacAOJ8k_E<\/a><\/p>\n\n\n\n<p>Schuf levyllisen pikasulkuventtiilin videot:<br>1.&nbsp;<a  href=\"https:\/\/www.youtube.com\/watch?time_continue=5&amp;v=xY5br3cvKrU\"  target=\"_blank\" rel=\"noreferrer noopener\" target=\"_blank\">https:\/\/www.youtube.com\/watch?time_continue=5&amp;v=xY5br3cvKrU<\/a><br>2.&nbsp;<a  href=\"https:\/\/www.youtube.com\/watch?v=PXK4tvYosOc\"  target=\"_blank\" rel=\"noreferrer noopener\" target=\"_blank\">https:\/\/www.youtube.com\/watch?v=PXK4tvYosOc<\/a>&nbsp;<\/p>\n\n\n\n<p>Schuf vaihdeventtiilit<\/p>\n\n\n\n<div class=\"wp-block-group is-nowrap is-layout-flex wp-container-core-group-is-layout-ad2f72ca wp-block-group-is-layout-flex\">\n<div class=\"wp-block-group is-layout-constrained wp-block-group-is-layout-constrained\">\n<figure class=\"wp-block-image alignleft size-full\"><img loading=\"lazy\" decoding=\"async\" width=\"298\" height=\"218\" src=\"https:\/\/www.tektrade.ee\/fi\/wp-content\/uploads\/sites\/5\/2025\/08\/lulitusventiilid1.png\" alt=\"\" class=\"wp-image-2970\"\/><\/figure>\n<\/div>\n<\/div>\n\n\n\n<div style=\"height:30px\" aria-hidden=\"true\" class=\"wp-block-spacer\"><\/div>\n\n\n\n<p><strong>KATALOOGID<\/strong><\/p>\n\n\n\n<div class=\"wp-block-file\"><a id=\"wp-block-file--media-e058064b-6409-4e26-abc4-f485b0e60f27\" href=\"https:\/\/www.tektrade.ee\/fi\/wp-content\/uploads\/sites\/5\/2025\/08\/SchuF-Cam-Set-Stacey-brochure.pdf\" target=\"_blank\" rel=\"noreferrer noopener\">Schuf pikasulkuventtiilien engl. k. luettelo.pdf<\/a><\/div>\n\n\n\n<div class=\"wp-block-file\"><a id=\"wp-block-file--media-39494222-e2cb-4d04-9e83-ed20c7b1fc75\" href=\"https:\/\/www.tektrade.ee\/fi\/wp-content\/uploads\/sites\/5\/2025\/08\/changeover-valve-model-60wn-69wn-sheet.pdf\" target=\"_blank\" rel=\"noreferrer noopener\">Schuf vaihdeventtiilien engl. k. luettelo.pdf<\/a><\/div>\n\n\n\n<div class=\"wp-block-file\"><a id=\"wp-block-file--media-adce1044-f27c-4eec-a73e-fc2cb8f2df9b\" href=\"https:\/\/www.tektrade.ee\/fi\/wp-content\/uploads\/sites\/5\/2025\/08\/valve-portfolio-brochure-single-pages.pdf\" target=\"_blank\" rel=\"noreferrer noopener\">Schuf engl. k. yleisluettelo.pdf<\/a><\/div>\n\n\n\n<div class=\"wp-block-file\"><a id=\"wp-block-file--media-6db208d0-db33-4007-a6d4-565a6aec4b94\" href=\"https:\/\/www.tektrade.ee\/fi\/wp-content\/uploads\/sites\/5\/2025\/08\/VALVES-TEKTRADE-2020.pdf\" target=\"_blank\" rel=\"noreferrer noopener\">Venttiilien yleisluettelo.pdf<\/a><\/div>\n\n\n\n<p><\/p>\n","protected":false},"featured_media":0,"parent":2881,"menu_order":47,"template":"","class_list":["post-2936","product","type-product","status-publish","hentry"],"acf":[],"_links":{"self":[{"href":"https:\/\/www.tektrade.ee\/fi\/wp-json\/wp\/v2\/product\/2936","targetHints":{"allow":["GET"]}}],"collection":[{"href":"https:\/\/www.tektrade.ee\/fi\/wp-json\/wp\/v2\/product"}],"about":[{"href":"https:\/\/www.tektrade.ee\/fi\/wp-json\/wp\/v2\/types\/product"}],"version-history":[{"count":3,"href":"https:\/\/www.tektrade.ee\/fi\/wp-json\/wp\/v2\/product\/2936\/revisions"}],"predecessor-version":[{"id":3143,"href":"https:\/\/www.tektrade.ee\/fi\/wp-json\/wp\/v2\/product\/2936\/revisions\/3143"}],"up":[{"embeddable":true,"href":"https:\/\/www.tektrade.ee\/fi\/wp-json\/wp\/v2\/product\/2881"}],"wp:attachment":[{"href":"https:\/\/www.tektrade.ee\/fi\/wp-json\/wp\/v2\/media?parent=2936"}],"curies":[{"name":"wp","href":"https:\/\/api.w.org\/{rel}","templated":true}]}}