{"id":2909,"date":"2025-08-16T13:07:58","date_gmt":"2025-08-16T10:07:58","guid":{"rendered":"https:\/\/www.tektrade.ee\/fi\/?post_type=product&#038;p=2909"},"modified":"2025-08-17T23:26:16","modified_gmt":"2025-08-17T20:26:16","slug":"putkien-eristysrenkaat","status":"publish","type":"product","link":"https:\/\/www.tektrade.ee\/fi\/toutteet\/putkistojen-komponentit\/putkistojen-tarvikkeet\/putkien-eristysrenkaat\/","title":{"rendered":"Putkien eristysrenkaat"},"content":{"rendered":"\n<p>Eristysrenkaita k\u00e4ytet\u00e4\u00e4n tilanteissa, joissa ymp\u00e4rist\u00f6n kantava putkisto l\u00e4p\u00e4isee hylsyn, joka est\u00e4\u00e4 niiden kesken kitkan syntymisen.<br>Muovista (polypropyleenist\u00e4) valmistetuissa eristysrenkaissa on useita etuja:<\/p>\n\n\n\n<ul class=\"wp-block-list\">\n<li>Helposti asennettava, sill\u00e4 muovin liukkausominaisuuksien johdosta on asennuksessa syntyv\u00e4 kitka hyvin v\u00e4h\u00e4inen<\/li>\n\n\n\n<li>Pieni kitka est\u00e4\u00e4 putken suojakerroksen ja eristeen v\u00e4lisen kitkan syntymisen<\/li>\n\n\n\n<li>Eristysrenkaan v\u00e4likappaleiden iso valikoima mahdollistaa tarvittaessa kantavan putken konsentrisuuden hylsyss\u00e4<\/li>\n\n\n\n<li>Muovimateriaalin eristeominaisuudet varmistavat metallien v\u00e4lisen katodisuojan\u00a0<\/li>\n<\/ul>\n\n\n\n<p><br>Eristysrenkaat asennetaan yleens\u00e4 seuraavin v\u00e4lein:<br>Putki halkaisija max. 300 mm &#8211;&nbsp;2,5 m v\u00e4lein<br>&nbsp;&nbsp; &nbsp;&nbsp;&nbsp; &nbsp; 400-600 mm &#8211;&nbsp; 2,0 m v\u00e4lein<br>&nbsp;&nbsp; &nbsp;&nbsp;&nbsp; &nbsp;&nbsp; yli 600 mm &#8211;&nbsp; 1,5 m v\u00e4lein.<br>Joissakin tapauksissa voi v\u00e4liet\u00e4isyys olla pitempikin, mutta siihen vaaditaan yksityiskohtaisemman laskelman suorittaminen.<br><br>Eristysrenkaita on tarjolla hyvin laajassa valikoimassa, myydyimm\u00e4t mallit ovat: GKO,&nbsp;PA\/PE ja&nbsp;AZ\/AC<\/p>\n\n\n\n<div class=\"wp-block-group is-layout-grid wp-container-core-group-is-layout-6be84c55 wp-block-group-is-layout-grid\">\n<div class=\"wp-block-group is-content-justification-left is-layout-constrained wp-container-core-group-is-layout-8c890d92 wp-block-group-is-layout-constrained\">\n<figure class=\"wp-block-image aligncenter size-full\"><img loading=\"lazy\" decoding=\"async\" width=\"250\" height=\"250\" src=\"https:\/\/www.tektrade.ee\/fi\/wp-content\/uploads\/sites\/5\/2025\/08\/ResizedImage250250-GKO.jpg\" alt=\"\" class=\"wp-image-3129\" srcset=\"https:\/\/www.tektrade.ee\/fi\/wp-content\/uploads\/sites\/5\/2025\/08\/ResizedImage250250-GKO.jpg 250w, https:\/\/www.tektrade.ee\/fi\/wp-content\/uploads\/sites\/5\/2025\/08\/ResizedImage250250-GKO-150x150.jpg 150w, https:\/\/www.tektrade.ee\/fi\/wp-content\/uploads\/sites\/5\/2025\/08\/ResizedImage250250-GKO-100x100.jpg 100w\" sizes=\"auto, (max-width: 250px) 100vw, 250px\" \/><figcaption class=\"wp-element-caption\">GKO<br><\/figcaption><\/figure>\n<\/div>\n\n\n\n<div class=\"wp-block-group is-layout-constrained wp-block-group-is-layout-constrained\">\n<figure class=\"wp-block-image aligncenter size-full\"><img loading=\"lazy\" decoding=\"async\" width=\"250\" height=\"250\" src=\"https:\/\/www.tektrade.ee\/fi\/wp-content\/uploads\/sites\/5\/2025\/08\/ResizedImage250250-PA-PE.jpg\" alt=\"\" class=\"wp-image-3130\" srcset=\"https:\/\/www.tektrade.ee\/fi\/wp-content\/uploads\/sites\/5\/2025\/08\/ResizedImage250250-PA-PE.jpg 250w, https:\/\/www.tektrade.ee\/fi\/wp-content\/uploads\/sites\/5\/2025\/08\/ResizedImage250250-PA-PE-150x150.jpg 150w, https:\/\/www.tektrade.ee\/fi\/wp-content\/uploads\/sites\/5\/2025\/08\/ResizedImage250250-PA-PE-100x100.jpg 100w\" sizes=\"auto, (max-width: 250px) 100vw, 250px\" \/><figcaption class=\"wp-element-caption\">PA\/PE<br><\/figcaption><\/figure>\n<\/div>\n\n\n\n<div class=\"wp-block-group is-layout-constrained wp-block-group-is-layout-constrained\">\n<figure class=\"wp-block-image aligncenter size-full\"><img loading=\"lazy\" decoding=\"async\" width=\"250\" height=\"250\" src=\"https:\/\/www.tektrade.ee\/fi\/wp-content\/uploads\/sites\/5\/2025\/08\/ResizedImage250250-AZAC.jpg\" alt=\"\" class=\"wp-image-3131\" srcset=\"https:\/\/www.tektrade.ee\/fi\/wp-content\/uploads\/sites\/5\/2025\/08\/ResizedImage250250-AZAC.jpg 250w, https:\/\/www.tektrade.ee\/fi\/wp-content\/uploads\/sites\/5\/2025\/08\/ResizedImage250250-AZAC-150x150.jpg 150w, https:\/\/www.tektrade.ee\/fi\/wp-content\/uploads\/sites\/5\/2025\/08\/ResizedImage250250-AZAC-100x100.jpg 100w\" sizes=\"auto, (max-width: 250px) 100vw, 250px\" \/><figcaption class=\"wp-element-caption\">AZ\/AC<br><\/figcaption><\/figure>\n<\/div>\n<\/div>\n\n\n\n<p>AZ\/AC malliset eritysrenkaat sopivat putkistoon OD 98-385 mm ja koostuvat moduulielementeist\u00e4, joiden lukum\u00e4\u00e4r\u00e4 riippuu kantavan putken halkaisijasta.&nbsp;<\/p>\n\n\n\n<p>GKO malliset eritysrenkaat ovat PSI eristysrenkaiden uusin tuote. Koska niiden asennukseen ei tarvita pultteja, asennus on nopeaa ja helppoa. Eristysrenkaat yhdistet\u00e4\u00e4n tarkoituksenmukaisilla kiiloilla. GKO-malliset renkaat ovat tyypist\u00e4 riippuen sopivia enint\u00e4\u00e4n DN2400 putkeen.<\/p>\n","protected":false},"featured_media":0,"parent":2879,"menu_order":42,"template":"","class_list":["post-2909","product","type-product","status-publish","hentry"],"acf":[],"_links":{"self":[{"href":"https:\/\/www.tektrade.ee\/fi\/wp-json\/wp\/v2\/product\/2909","targetHints":{"allow":["GET"]}}],"collection":[{"href":"https:\/\/www.tektrade.ee\/fi\/wp-json\/wp\/v2\/product"}],"about":[{"href":"https:\/\/www.tektrade.ee\/fi\/wp-json\/wp\/v2\/types\/product"}],"version-history":[{"count":2,"href":"https:\/\/www.tektrade.ee\/fi\/wp-json\/wp\/v2\/product\/2909\/revisions"}],"predecessor-version":[{"id":3132,"href":"https:\/\/www.tektrade.ee\/fi\/wp-json\/wp\/v2\/product\/2909\/revisions\/3132"}],"up":[{"embeddable":true,"href":"https:\/\/www.tektrade.ee\/fi\/wp-json\/wp\/v2\/product\/2879"}],"wp:attachment":[{"href":"https:\/\/www.tektrade.ee\/fi\/wp-json\/wp\/v2\/media?parent=2909"}],"curies":[{"name":"wp","href":"https:\/\/api.w.org\/{rel}","templated":true}]}}