{"id":2908,"date":"2025-08-16T13:06:54","date_gmt":"2025-08-16T10:06:54","guid":{"rendered":"https:\/\/www.tektrade.ee\/fi\/?post_type=product&#038;p=2908"},"modified":"2025-08-17T23:25:01","modified_gmt":"2025-08-17T20:25:01","slug":"hylsynpaatiivisteet","status":"publish","type":"product","link":"https:\/\/www.tektrade.ee\/fi\/toutteet\/putkistojen-komponentit\/putkistojen-tarvikkeet\/hylsynpaatiivisteet\/","title":{"rendered":"Hylsynp\u00e4\u00e4tiivisteet"},"content":{"rendered":"\n<p>Teiden ja junaratojen alle vedetyt kaapelit asennetaan usein putkihylsyyn, joka tiivistet\u00e4\u00e4n normaalisti hylsynp\u00e4\u00e4tiivisteisiin. Hylsynp\u00e4\u00e4tiivisteet tiivist\u00e4v\u00e4t tilan, joka j\u00e4\u00e4 hylsyn ja aineita kuljettavan putken v\u00e4liin, varmistaen siten sen suojan mullan, lian ja kosteuden vaikutuksilta.&nbsp;<br><br>T\u00e4rkeimm\u00e4t k\u00e4ytett\u00e4v\u00e4t tiivistemallit ovat:<\/p>\n\n\n\n<ul class=\"wp-block-list\">\n<li>malli KT, EPDM kumia. KT on nk. universaali tiiviste, jonka putkenpuoleinen p\u00e4\u00e4 voidaan leikata mittoihin. Kantavan putken mitat voivat olla 10-508 mm ja hylsyn putken mitat 110-610 mm (DN100-DN600)<\/li>\n<\/ul>\n\n\n\n<div class=\"wp-block-group is-nowrap is-layout-flex wp-container-core-group-is-layout-ad2f72ca wp-block-group-is-layout-flex\">\n<div class=\"wp-block-group is-layout-constrained wp-block-group-is-layout-constrained\">\n<figure class=\"wp-block-image alignleft size-full\"><img loading=\"lazy\" decoding=\"async\" width=\"250\" height=\"250\" src=\"https:\/\/www.tektrade.ee\/fi\/wp-content\/uploads\/sites\/5\/2025\/08\/ResizedImage250250-KT.jpg\" alt=\"\" class=\"wp-image-3124\" srcset=\"https:\/\/www.tektrade.ee\/fi\/wp-content\/uploads\/sites\/5\/2025\/08\/ResizedImage250250-KT.jpg 250w, https:\/\/www.tektrade.ee\/fi\/wp-content\/uploads\/sites\/5\/2025\/08\/ResizedImage250250-KT-150x150.jpg 150w, https:\/\/www.tektrade.ee\/fi\/wp-content\/uploads\/sites\/5\/2025\/08\/ResizedImage250250-KT-100x100.jpg 100w\" sizes=\"auto, (max-width: 250px) 100vw, 250px\" \/><figcaption class=\"wp-element-caption\">Malli KT<br><\/figcaption><\/figure>\n<\/div>\n<\/div>\n\n\n\n<ul class=\"wp-block-list\">\n<li>malli DU, EPDM kumia. DU on aina vakiomittainen, mitat ovat kantavan putken ja hylsyn koon mukaisia. Kantavan putken halkaisija on 20-762 mm ja hylsyn mitat 90-965 mm<\/li>\n<\/ul>\n\n\n\n<div class=\"wp-block-group is-nowrap is-layout-flex wp-container-core-group-is-layout-ad2f72ca wp-block-group-is-layout-flex\">\n<div class=\"wp-block-group is-layout-constrained wp-block-group-is-layout-constrained\">\n<figure class=\"wp-block-image alignleft size-full\"><img loading=\"lazy\" decoding=\"async\" width=\"250\" height=\"250\" src=\"https:\/\/www.tektrade.ee\/fi\/wp-content\/uploads\/sites\/5\/2025\/08\/ResizedImage250250-DU.jpg\" alt=\"\" class=\"wp-image-3125\" srcset=\"https:\/\/www.tektrade.ee\/fi\/wp-content\/uploads\/sites\/5\/2025\/08\/ResizedImage250250-DU.jpg 250w, https:\/\/www.tektrade.ee\/fi\/wp-content\/uploads\/sites\/5\/2025\/08\/ResizedImage250250-DU-150x150.jpg 150w, https:\/\/www.tektrade.ee\/fi\/wp-content\/uploads\/sites\/5\/2025\/08\/ResizedImage250250-DU-100x100.jpg 100w\" sizes=\"auto, (max-width: 250px) 100vw, 250px\" \/><figcaption class=\"wp-element-caption\">Malli DU<br><\/figcaption><\/figure>\n<\/div>\n<\/div>\n\n\n\n<ul class=\"wp-block-list\">\n<li>KG\/KO tyypin tiivisteet ovat kartion muotoisia. Materiaalina on neopreeni, silikoni tai NBR. Koska t\u00e4m\u00e4n mallisia tiivisteit\u00e4 valmistetaan asiakkaan tilauksen mukaan, niin putken ja hylsyn mittojen suhde saattaa heitell\u00e4. T\u00e4rkeint\u00e4 on, ett\u00e4 kantavan putken mitat olisivat 32-1302 mm ja hylsyn mitta\u00a048,3-2000 mm. KG on suljettu malli, KO taas malliltaan avoin tiiviste, joka liimataan yhteen k\u00e4ytt\u00f6kohteessa.<\/li>\n<\/ul>\n\n\n\n<div class=\"wp-block-group is-nowrap is-layout-flex wp-container-core-group-is-layout-ad2f72ca wp-block-group-is-layout-flex\">\n<div class=\"wp-block-group is-layout-constrained wp-block-group-is-layout-constrained\">\n<figure class=\"wp-block-image alignleft size-full\"><img loading=\"lazy\" decoding=\"async\" width=\"249\" height=\"187\" src=\"https:\/\/www.tektrade.ee\/fi\/wp-content\/uploads\/sites\/5\/2025\/08\/ResizedImage249187-KG-KO.jpg\" alt=\"\" class=\"wp-image-3127\"\/><figcaption class=\"wp-element-caption\">Malli KG\/KO<br><\/figcaption><\/figure>\n<\/div>\n<\/div>\n","protected":false},"featured_media":0,"parent":2879,"menu_order":41,"template":"","class_list":["post-2908","product","type-product","status-publish","hentry"],"acf":[],"_links":{"self":[{"href":"https:\/\/www.tektrade.ee\/fi\/wp-json\/wp\/v2\/product\/2908","targetHints":{"allow":["GET"]}}],"collection":[{"href":"https:\/\/www.tektrade.ee\/fi\/wp-json\/wp\/v2\/product"}],"about":[{"href":"https:\/\/www.tektrade.ee\/fi\/wp-json\/wp\/v2\/types\/product"}],"version-history":[{"count":2,"href":"https:\/\/www.tektrade.ee\/fi\/wp-json\/wp\/v2\/product\/2908\/revisions"}],"predecessor-version":[{"id":3128,"href":"https:\/\/www.tektrade.ee\/fi\/wp-json\/wp\/v2\/product\/2908\/revisions\/3128"}],"up":[{"embeddable":true,"href":"https:\/\/www.tektrade.ee\/fi\/wp-json\/wp\/v2\/product\/2879"}],"wp:attachment":[{"href":"https:\/\/www.tektrade.ee\/fi\/wp-json\/wp\/v2\/media?parent=2908"}],"curies":[{"name":"wp","href":"https:\/\/api.w.org\/{rel}","templated":true}]}}