{"id":2907,"date":"2025-08-16T13:05:42","date_gmt":"2025-08-16T10:05:42","guid":{"rendered":"https:\/\/www.tektrade.ee\/fi\/?post_type=product&#038;p=2907"},"modified":"2025-08-17T23:22:41","modified_gmt":"2025-08-17T20:22:41","slug":"lapivientitiivisteet","status":"publish","type":"product","link":"https:\/\/www.tektrade.ee\/fi\/toutteet\/putkistojen-komponentit\/putkistojen-tarvikkeet\/lapivientitiivisteet\/","title":{"rendered":"L\u00e4pivientitiivisteet"},"content":{"rendered":"\n<p>L\u00e4pivientitiivisteit\u00e4 k\u00e4ytet\u00e4\u00e4n putkien ulkoiseen tiivist\u00e4miseen.<\/p>\n\n\n\n<p>T\u00e4rkeimm\u00e4t k\u00e4ytt\u00f6kohteet ovat:&nbsp;<\/p>\n\n\n\n<ul class=\"wp-block-list\">\n<li>Sein\u00e4aukot putkien tai kaapeleiden l\u00e4pivientiin<\/li>\n\n\n\n<li>s\u00e4ili\u00f6iden upotukset<\/li>\n\n\n\n<li>Paikat, joissa putkia pit\u00e4\u00e4 suojata ulkoiselta vauriolta.<\/li>\n<\/ul>\n\n\n\n<p>Edut, jotka saadaan l\u00e4pivientitiivisteit\u00e4 k\u00e4ytett\u00e4ess\u00e4:<\/p>\n\n\n\n<ul class=\"wp-block-list\">\n<li>Kumista valmistetut moduulitiivisteet varmistavat liitoskohdan kest\u00e4vyyden<\/li>\n\n\n\n<li>putkien asento l\u00e4pivienniss\u00e4 on pysyv\u00e4<\/li>\n\n\n\n<li>tiivisteit\u00e4 on helppo asentaa etuk\u00e4teen asennettujen moduulien avulla<\/li>\n\n\n\n<li>Vaimentavat t\u00e4rin\u00e4n ja melu<\/li>\n\n\n\n<li>Erist\u00e4v\u00e4t staattisen s\u00e4hk\u00f6varauksen<\/li>\n<\/ul>\n\n\n\n<div style=\"height:30px\" aria-hidden=\"true\" class=\"wp-block-spacer\"><\/div>\n\n\n\n<div class=\"wp-block-group is-layout-grid wp-container-core-group-is-layout-6be84c55 wp-block-group-is-layout-grid\">\n<div class=\"wp-block-group is-content-justification-left is-layout-constrained wp-container-core-group-is-layout-8c890d92 wp-block-group-is-layout-constrained\">\n<figure class=\"wp-block-image aligncenter size-full\"><img loading=\"lazy\" decoding=\"async\" width=\"334\" height=\"250\" src=\"https:\/\/www.tektrade.ee\/fi\/wp-content\/uploads\/sites\/5\/2025\/08\/ResizedImage334250-Link-Seal.jpg\" alt=\"\" class=\"wp-image-2911\" srcset=\"https:\/\/www.tektrade.ee\/fi\/wp-content\/uploads\/sites\/5\/2025\/08\/ResizedImage334250-Link-Seal.jpg 334w, https:\/\/www.tektrade.ee\/fi\/wp-content\/uploads\/sites\/5\/2025\/08\/ResizedImage334250-Link-Seal-300x225.jpg 300w\" sizes=\"auto, (max-width: 334px) 100vw, 334px\" \/><figcaption class=\"wp-element-caption\">LinkSeal\u00ae \/ Sealing Chain<br><\/figcaption><\/figure>\n<\/div>\n\n\n\n<div class=\"wp-block-group is-layout-constrained wp-block-group-is-layout-constrained\">\n<figure class=\"wp-block-image aligncenter size-full\"><img loading=\"lazy\" decoding=\"async\" width=\"250\" height=\"250\" src=\"https:\/\/www.tektrade.ee\/fi\/wp-content\/uploads\/sites\/5\/2025\/08\/ResizedImage250250-Compakt-Seal.jpg\" alt=\"\" class=\"wp-image-2912\" srcset=\"https:\/\/www.tektrade.ee\/fi\/wp-content\/uploads\/sites\/5\/2025\/08\/ResizedImage250250-Compakt-Seal.jpg 250w, https:\/\/www.tektrade.ee\/fi\/wp-content\/uploads\/sites\/5\/2025\/08\/ResizedImage250250-Compakt-Seal-150x150.jpg 150w, https:\/\/www.tektrade.ee\/fi\/wp-content\/uploads\/sites\/5\/2025\/08\/ResizedImage250250-Compakt-Seal-100x100.jpg 100w\" sizes=\"auto, (max-width: 250px) 100vw, 250px\" \/><figcaption class=\"wp-element-caption\">Compakt Seal\u00ae \/ Puddle Flanges<br><\/figcaption><\/figure>\n<\/div>\n\n\n\n<div class=\"wp-block-group is-layout-constrained wp-block-group-is-layout-constrained\">\n<figure class=\"wp-block-image aligncenter size-full\"><img loading=\"lazy\" decoding=\"async\" width=\"250\" height=\"250\" src=\"https:\/\/www.tektrade.ee\/fi\/wp-content\/uploads\/sites\/5\/2025\/08\/ResizedImage250250-Compakt-multicable.jpg\" alt=\"\" class=\"wp-image-2913\" srcset=\"https:\/\/www.tektrade.ee\/fi\/wp-content\/uploads\/sites\/5\/2025\/08\/ResizedImage250250-Compakt-multicable.jpg 250w, https:\/\/www.tektrade.ee\/fi\/wp-content\/uploads\/sites\/5\/2025\/08\/ResizedImage250250-Compakt-multicable-150x150.jpg 150w, https:\/\/www.tektrade.ee\/fi\/wp-content\/uploads\/sites\/5\/2025\/08\/ResizedImage250250-Compakt-multicable-100x100.jpg 100w\" sizes=\"auto, (max-width: 250px) 100vw, 250px\" \/><figcaption class=\"wp-element-caption\"><em>Compakt Multicable \/ Disc Compression Seal<\/em><\/figcaption><\/figure>\n<\/div>\n<\/div>\n","protected":false},"featured_media":0,"parent":2879,"menu_order":40,"template":"","class_list":["post-2907","product","type-product","status-publish","hentry"],"acf":[],"_links":{"self":[{"href":"https:\/\/www.tektrade.ee\/fi\/wp-json\/wp\/v2\/product\/2907","targetHints":{"allow":["GET"]}}],"collection":[{"href":"https:\/\/www.tektrade.ee\/fi\/wp-json\/wp\/v2\/product"}],"about":[{"href":"https:\/\/www.tektrade.ee\/fi\/wp-json\/wp\/v2\/types\/product"}],"version-history":[{"count":2,"href":"https:\/\/www.tektrade.ee\/fi\/wp-json\/wp\/v2\/product\/2907\/revisions"}],"predecessor-version":[{"id":3123,"href":"https:\/\/www.tektrade.ee\/fi\/wp-json\/wp\/v2\/product\/2907\/revisions\/3123"}],"up":[{"embeddable":true,"href":"https:\/\/www.tektrade.ee\/fi\/wp-json\/wp\/v2\/product\/2879"}],"wp:attachment":[{"href":"https:\/\/www.tektrade.ee\/fi\/wp-json\/wp\/v2\/media?parent=2907"}],"curies":[{"name":"wp","href":"https:\/\/api.w.org\/{rel}","templated":true}]}}