{"id":2894,"date":"2025-08-16T13:02:51","date_gmt":"2025-08-16T10:02:51","guid":{"rendered":"https:\/\/www.tektrade.ee\/fi\/?post_type=product&#038;p=2894"},"modified":"2025-08-17T23:18:14","modified_gmt":"2025-08-17T20:18:14","slug":"tekstiilikompensaattorit","status":"publish","type":"product","link":"https:\/\/www.tektrade.ee\/fi\/toutteet\/putkistojen-komponentit\/kompensaattorit\/tekstiilikompensaattorit\/","title":{"rendered":"Tekstiilikompensaattorit"},"content":{"rendered":"\n<p>L\u00e4mm\u00f6nkest\u00e4vist\u00e4 tekstiili- ja kuitumateriaaleista valmistettuja tekstiilikompensaattoreita k\u00e4ytet\u00e4\u00e4n ilmanvaihto- ja savuhormeissa t\u00e4rin\u00e4n vaimentamiseen ja l\u00e4mp\u00f6laajentumisen korvaamiseen.<br>Kompensaattorin tekstiilimateriaalin valinnassa on huomioitava yleens\u00e4 kaasun\/ilman toimintal\u00e4mp\u00f6tila, mutta my\u00f6s kemiallisten ja hankaavien aineiden pitoisuus kaasussa.<br>Tekstiilikompensaattoreita valmistetaan yksi- ja monikerroksisina.<br>P\u00e4\u00e4llimm\u00e4isen\u00e4 kerroksena on yleens\u00e4 silikonilla p\u00e4\u00e4llystetty lasikuitutekstiili, joka on samalla kompensaattorin toiminnallinen osa. Aluskerroksena on PTFE-kalvo tai PTFE-tekstiili, joka varmistaa sauman toimiessa sen kaasutiiveyden.<br>Korkeissa l\u00e4mp\u00f6tiloissa k\u00e4ytet\u00e4\u00e4n lis\u00e4ksi kuumuutta erist\u00e4vi\u00e4 tekstiilej\u00e4 tai mattoja.<br>Tekstiilikompensaattorit kest\u00e4v\u00e4t j\u00e4rjestelm\u00e4n ty\u00f6paineen&nbsp;+\/- 140 mbar (1400 mmWG).<br>Kompensaattoreiden liitt\u00e4misen putkistojen v\u00e4liin on useita vaihtoehtoja. Oikean ratkaisun valitsemiseen pyyd\u00e4mme l\u00e4hett\u00e4m\u00e4\u00e4n lis\u00e4tietoja.<\/p>\n\n\n\n<p><em>Seuraavassa muutamat tekstiilikompensaattoreiden&nbsp;rakenneratkaisut:<\/em><\/p>\n\n\n\n<div class=\"wp-block-group is-layout-grid wp-container-core-group-is-layout-baef362d wp-block-group-is-layout-grid\">\n<div class=\"wp-block-group is-content-justification-left is-layout-constrained wp-container-core-group-is-layout-8c890d92 wp-block-group-is-layout-constrained\">\n<figure class=\"wp-block-image aligncenter size-full\"><img loading=\"lazy\" decoding=\"async\" width=\"280\" height=\"200\" src=\"https:\/\/www.tektrade.ee\/fi\/wp-content\/uploads\/sites\/5\/2025\/08\/ResizedImage280200-22.jpg\" alt=\"\" class=\"wp-image-2895\"\/><\/figure>\n<\/div>\n\n\n\n<div class=\"wp-block-group is-layout-constrained wp-block-group-is-layout-constrained\">\n<figure class=\"wp-block-image aligncenter size-full\"><img loading=\"lazy\" decoding=\"async\" width=\"398\" height=\"200\" src=\"https:\/\/www.tektrade.ee\/fi\/wp-content\/uploads\/sites\/5\/2025\/08\/ResizedImage398200-14.jpg\" alt=\"\" class=\"wp-image-2896\" srcset=\"https:\/\/www.tektrade.ee\/fi\/wp-content\/uploads\/sites\/5\/2025\/08\/ResizedImage398200-14.jpg 398w, https:\/\/www.tektrade.ee\/fi\/wp-content\/uploads\/sites\/5\/2025\/08\/ResizedImage398200-14-300x151.jpg 300w\" sizes=\"auto, (max-width: 398px) 100vw, 398px\" \/><\/figure>\n<\/div>\n<\/div>\n\n\n\n<div class=\"wp-block-group is-layout-grid wp-container-core-group-is-layout-baef362d wp-block-group-is-layout-grid\">\n<div class=\"wp-block-group is-content-justification-left is-layout-constrained wp-container-core-group-is-layout-8c890d92 wp-block-group-is-layout-constrained\">\n<figure class=\"wp-block-image aligncenter size-full\"><img loading=\"lazy\" decoding=\"async\" width=\"387\" height=\"200\" src=\"https:\/\/www.tektrade.ee\/fi\/wp-content\/uploads\/sites\/5\/2025\/08\/ResizedImage387200-12.jpg\" alt=\"\" class=\"wp-image-2897\" srcset=\"https:\/\/www.tektrade.ee\/fi\/wp-content\/uploads\/sites\/5\/2025\/08\/ResizedImage387200-12.jpg 387w, https:\/\/www.tektrade.ee\/fi\/wp-content\/uploads\/sites\/5\/2025\/08\/ResizedImage387200-12-300x155.jpg 300w\" sizes=\"auto, (max-width: 387px) 100vw, 387px\" \/><\/figure>\n<\/div>\n\n\n\n<div class=\"wp-block-group is-layout-constrained wp-block-group-is-layout-constrained\">\n<figure class=\"wp-block-image aligncenter size-full\"><img loading=\"lazy\" decoding=\"async\" width=\"258\" height=\"200\" src=\"https:\/\/www.tektrade.ee\/fi\/wp-content\/uploads\/sites\/5\/2025\/08\/ResizedImage258200-53.jpg\" alt=\"\" class=\"wp-image-2898\"\/><\/figure>\n<\/div>\n<\/div>\n\n\n\n<div class=\"wp-block-group is-layout-grid wp-container-core-group-is-layout-baef362d wp-block-group-is-layout-grid\">\n<div class=\"wp-block-group is-content-justification-left is-layout-constrained wp-container-core-group-is-layout-8c890d92 wp-block-group-is-layout-constrained\">\n<figure class=\"wp-block-image aligncenter size-full\"><img loading=\"lazy\" decoding=\"async\" width=\"344\" height=\"200\" src=\"https:\/\/www.tektrade.ee\/fi\/wp-content\/uploads\/sites\/5\/2025\/08\/ResizedImage344200-45.jpg\" alt=\"\" class=\"wp-image-2899\" srcset=\"https:\/\/www.tektrade.ee\/fi\/wp-content\/uploads\/sites\/5\/2025\/08\/ResizedImage344200-45.jpg 344w, https:\/\/www.tektrade.ee\/fi\/wp-content\/uploads\/sites\/5\/2025\/08\/ResizedImage344200-45-300x174.jpg 300w\" sizes=\"auto, (max-width: 344px) 100vw, 344px\" \/><\/figure>\n<\/div>\n\n\n\n<div class=\"wp-block-group is-layout-constrained wp-block-group-is-layout-constrained\">\n<figure class=\"wp-block-image aligncenter size-full\"><img loading=\"lazy\" decoding=\"async\" width=\"286\" height=\"200\" src=\"https:\/\/www.tektrade.ee\/fi\/wp-content\/uploads\/sites\/5\/2025\/08\/ResizedImage286200-42.jpg\" alt=\"\" class=\"wp-image-2900\"\/><\/figure>\n<\/div>\n<\/div>\n\n\n\n<p><\/p>\n","protected":false},"featured_media":0,"parent":2877,"menu_order":36,"template":"","class_list":["post-2894","product","type-product","status-publish","hentry"],"acf":[],"_links":{"self":[{"href":"https:\/\/www.tektrade.ee\/fi\/wp-json\/wp\/v2\/product\/2894","targetHints":{"allow":["GET"]}}],"collection":[{"href":"https:\/\/www.tektrade.ee\/fi\/wp-json\/wp\/v2\/product"}],"about":[{"href":"https:\/\/www.tektrade.ee\/fi\/wp-json\/wp\/v2\/types\/product"}],"version-history":[{"count":2,"href":"https:\/\/www.tektrade.ee\/fi\/wp-json\/wp\/v2\/product\/2894\/revisions"}],"predecessor-version":[{"id":3116,"href":"https:\/\/www.tektrade.ee\/fi\/wp-json\/wp\/v2\/product\/2894\/revisions\/3116"}],"up":[{"embeddable":true,"href":"https:\/\/www.tektrade.ee\/fi\/wp-json\/wp\/v2\/product\/2877"}],"wp:attachment":[{"href":"https:\/\/www.tektrade.ee\/fi\/wp-json\/wp\/v2\/media?parent=2894"}],"curies":[{"name":"wp","href":"https:\/\/api.w.org\/{rel}","templated":true}]}}