{"id":2889,"date":"2025-08-16T13:01:04","date_gmt":"2025-08-16T10:01:04","guid":{"rendered":"https:\/\/www.tektrade.ee\/fi\/?post_type=product&#038;p=2889"},"modified":"2025-08-17T23:17:42","modified_gmt":"2025-08-17T20:17:42","slug":"kumikompensaattorit","status":"publish","type":"product","link":"https:\/\/www.tektrade.ee\/fi\/toutteet\/putkistojen-komponentit\/kompensaattorit\/kumikompensaattorit\/","title":{"rendered":"Kumikompensaattorit"},"content":{"rendered":"\n<p>Tuotevalikoimasta l\u00f6ytyv\u00e4t:<\/p>\n\n\n\n<ul class=\"wp-block-list\">\n<li>Vakiomalliset valetut (profiloidut) laadukkaista kumimateriaaleista valmistetut kompensaattorit, joissa on sinkityst\u00e4 hiiliter\u00e4ksest\u00e4 valmistetut kelluvat laipat;<\/li>\n\n\n\n<li>Tilauksesta valmistettava kumikompensaattorit, jossa metallilaippa on p\u00e4\u00e4llystetty kumilla, josta kompensaattori on valettu. Kompensaattorin laipan pulttirei\u00e4t porataan vastalaipan reikien mukaan.<\/li>\n<\/ul>\n\n\n\n<p>K\u00e4ytett\u00e4v\u00e4t kumimateriaalit: NBR, EPDM, EPDM HT,&nbsp;FKM, Neoprene\u00ae, Hypalon\u00ae.<\/p>\n\n\n\n<div style=\"height:30px\" aria-hidden=\"true\" class=\"wp-block-spacer\"><\/div>\n\n\n\n<div class=\"wp-block-file\"><a id=\"wp-block-file--media-9162f7c6-c03d-4ad0-880a-a85449c7d92b\" href=\"https:\/\/www.tektrade.ee\/fi\/wp-content\/uploads\/sites\/5\/2025\/08\/Macoga-rubber-expansion-joints-brochure-2011.pdf\" target=\"_blank\" rel=\"noreferrer noopener\">Tuotekuvasto<\/a><\/div>\n\n\n\n<div style=\"height:30px\" aria-hidden=\"true\" class=\"wp-block-spacer\"><\/div>\n\n\n\n<div class=\"wp-block-group is-layout-grid wp-container-core-group-is-layout-baef362d wp-block-group-is-layout-grid\">\n<div class=\"wp-block-group is-content-justification-left is-layout-constrained wp-container-core-group-is-layout-8c890d92 wp-block-group-is-layout-constrained\">\n<figure class=\"wp-block-image aligncenter size-full\"><img loading=\"lazy\" decoding=\"async\" width=\"249\" height=\"213\" src=\"https:\/\/www.tektrade.ee\/fi\/wp-content\/uploads\/sites\/5\/2025\/08\/ResizedImage249213-MACW-full-face-rubber.jpg\" alt=\"\" class=\"wp-image-2891\"\/><figcaption class=\"wp-element-caption\">Vakiomallinen kumikompensaattori<br><\/figcaption><\/figure>\n<\/div>\n\n\n\n<div class=\"wp-block-group is-layout-constrained wp-block-group-is-layout-constrained\">\n<figure class=\"wp-block-image aligncenter size-full\"><img loading=\"lazy\" decoding=\"async\" width=\"250\" height=\"213\" src=\"https:\/\/www.tektrade.ee\/fi\/wp-content\/uploads\/sites\/5\/2025\/08\/ResizedImage250213-MACF-standar-rubber-expansion-joint.jpg\" alt=\"\" class=\"wp-image-2892\"\/><figcaption class=\"wp-element-caption\">Tilauksesta valmistettu kumikompensaattori<br><\/figcaption><\/figure>\n<\/div>\n<\/div>\n","protected":false},"featured_media":0,"parent":2877,"menu_order":35,"template":"","class_list":["post-2889","product","type-product","status-publish","hentry"],"acf":[],"_links":{"self":[{"href":"https:\/\/www.tektrade.ee\/fi\/wp-json\/wp\/v2\/product\/2889","targetHints":{"allow":["GET"]}}],"collection":[{"href":"https:\/\/www.tektrade.ee\/fi\/wp-json\/wp\/v2\/product"}],"about":[{"href":"https:\/\/www.tektrade.ee\/fi\/wp-json\/wp\/v2\/types\/product"}],"version-history":[{"count":2,"href":"https:\/\/www.tektrade.ee\/fi\/wp-json\/wp\/v2\/product\/2889\/revisions"}],"predecessor-version":[{"id":3115,"href":"https:\/\/www.tektrade.ee\/fi\/wp-json\/wp\/v2\/product\/2889\/revisions\/3115"}],"up":[{"embeddable":true,"href":"https:\/\/www.tektrade.ee\/fi\/wp-json\/wp\/v2\/product\/2877"}],"wp:attachment":[{"href":"https:\/\/www.tektrade.ee\/fi\/wp-json\/wp\/v2\/media?parent=2889"}],"curies":[{"name":"wp","href":"https:\/\/api.w.org\/{rel}","templated":true}]}}