{"id":2885,"date":"2025-08-16T13:00:00","date_gmt":"2025-08-16T10:00:00","guid":{"rendered":"https:\/\/www.tektrade.ee\/fi\/?post_type=product&#038;p=2885"},"modified":"2025-08-17T23:17:12","modified_gmt":"2025-08-17T20:17:12","slug":"yleista-kompensaattoreista","status":"publish","type":"product","link":"https:\/\/www.tektrade.ee\/fi\/toutteet\/putkistojen-komponentit\/kompensaattorit\/yleista-kompensaattoreista\/","title":{"rendered":"Yleist\u00e4 kompensaattoreista"},"content":{"rendered":"\n<p>Voima ja liike ovat aina mukana, miss\u00e4 ikin\u00e4 toimimme. Putkistojen sis\u00e4isell\u00e4 paineistuksella syntyy pitkitt\u00e4isvoima, joka yleisesti ottaen \u201dtasapainotetaan\u201d putkiston j\u00e4ykkyydell\u00e4 tai taipumien ja putkiston ankkureilla. Mutta jos ei ole? T\u00e4llaisessa tapauksessa l\u00f6ytyy ratkaisu kompensaattorin k\u00e4yt\u00f6st\u00e4. Kompensaattoreita tarvitaan niiss\u00e4 paikoissa, joissa on merkitt\u00e4v\u00e4t l\u00e4mp\u00f6tilaheitot tai paikoissa, joissa putkiston liikkeit\u00e4 tai t\u00e4rin\u00e4\u00e4 pit\u00e4\u00e4 vaimentaa.&nbsp;<\/p>\n\n\n\n<p>Kompensaattoreita on monta eri mallia: metallikompensaattorit, kumikompensaattorit, tekstiilikompensaattorit, muovikompensaattorit.<br><br>Kompensaattoreita k\u00e4ytet\u00e4\u00e4n aksiaalisen, lateraalisen ja kulmikkaan liikkeen kompensoimiseen.<\/p>\n\n\n\n<p>Kompensaattoreiden merkitt\u00e4vimm\u00e4t edut ovat:<\/p>\n\n\n\n<ul class=\"wp-block-list\">\n<li>Eiv\u00e4t vaadi suurta asennustilaa<\/li>\n\n\n\n<li>putkiston liikkeet vaimennetaan eri suuntiin (kompensaattorin joustavuuden ansiosta)<\/li>\n\n\n\n<li>Eiv\u00e4t tarvitse erillist\u00e4 huoltoa<\/li>\n\n\n\n<li>V\u00e4hent\u00e4v\u00e4t rasituksen ja l\u00e4mm\u00f6nh\u00e4vikit minimiin.<\/li>\n<\/ul>\n\n\n\n<div class=\"wp-block-file\"><a id=\"wp-block-file--media-d0f2d26f-e284-4631-8039-ca69ac19a1e6\" href=\"https:\/\/www.tektrade.ee\/fi\/wp-content\/uploads\/sites\/5\/2025\/08\/Certificates-Approval-MACOGA.pdf\" target=\"_blank\" rel=\"noreferrer noopener\">Todistus<\/a><\/div>\n\n\n\n<div class=\"wp-block-file\"><a id=\"wp-block-file--media-e8c4008b-e9b0-4b90-a1d4-7de95ceab279\" href=\"https:\/\/www.tektrade.ee\/fi\/wp-content\/uploads\/sites\/5\/2025\/08\/Kompensaatorite-paeringuleht-eesti-k.pdf\" target=\"_blank\" rel=\"noreferrer noopener\">Kyselysivu<\/a><\/div>\n","protected":false},"featured_media":0,"parent":2877,"menu_order":34,"template":"","class_list":["post-2885","product","type-product","status-publish","hentry"],"acf":[],"_links":{"self":[{"href":"https:\/\/www.tektrade.ee\/fi\/wp-json\/wp\/v2\/product\/2885","targetHints":{"allow":["GET"]}}],"collection":[{"href":"https:\/\/www.tektrade.ee\/fi\/wp-json\/wp\/v2\/product"}],"about":[{"href":"https:\/\/www.tektrade.ee\/fi\/wp-json\/wp\/v2\/types\/product"}],"version-history":[{"count":2,"href":"https:\/\/www.tektrade.ee\/fi\/wp-json\/wp\/v2\/product\/2885\/revisions"}],"predecessor-version":[{"id":3114,"href":"https:\/\/www.tektrade.ee\/fi\/wp-json\/wp\/v2\/product\/2885\/revisions\/3114"}],"up":[{"embeddable":true,"href":"https:\/\/www.tektrade.ee\/fi\/wp-json\/wp\/v2\/product\/2877"}],"wp:attachment":[{"href":"https:\/\/www.tektrade.ee\/fi\/wp-json\/wp\/v2\/media?parent=2885"}],"curies":[{"name":"wp","href":"https:\/\/api.w.org\/{rel}","templated":true}]}}