{"id":2856,"date":"2025-08-16T12:53:51","date_gmt":"2025-08-16T09:53:51","guid":{"rendered":"https:\/\/www.tektrade.ee\/fi\/?post_type=product&#038;p=2856"},"modified":"2025-08-17T23:46:45","modified_gmt":"2025-08-17T20:46:45","slug":"lammonvaihtimet","status":"publish","type":"product","link":"https:\/\/www.tektrade.ee\/fi\/toutteet\/lammonvaihtimet-ja-massansiirtoteknologia\/lammonvaihtimet\/","title":{"rendered":"L\u00e4mm\u00f6nvaihtimet"},"content":{"rendered":"\n<p>L\u00e4mm\u00f6n hy\u00f6dynt\u00e4minen on teollisissa prosesseissa usein prosessin t\u00e4rke\u00e4 osa. Siihen k\u00e4ytet\u00e4\u00e4n l\u00e4mm\u00f6nvaihtimia.<br>Meid\u00e4n tuotevalikoimassa ovat&nbsp;\u201eneste\/neste\u201c tyyppiset&nbsp;l\u00e4mm\u00f6nvaihtimet, l\u00e4mm\u00f6nvaihtimien varaosat (tiivisteet, levyt) ja v\u00e4lineet l\u00e4mm\u00f6nvaihtimien huoltoon.<\/p>\n\n\n\n<p>Tuotteet jaetaan:<\/p>\n\n\n\n<ul class=\"wp-block-list\">\n<li>Levyl\u00e4mm\u00f6nvaihtimet \u2013 juottoliitokset, purettavat (mukana tiivisteet), hitsatut l\u00e4mm\u00f6nvaihtimet<\/li>\n\n\n\n<li>Grafiitista valmistetut l\u00e4mm\u00f6nvaihtimet \u2013 putkil\u00e4mm\u00f6nvaihtimet, levyl\u00e4mm\u00f6nvaihtimet ja plokkil\u00e4mm\u00f6nvaihtimet<\/li>\n\n\n\n<li>hitsattu \u201elevy ja kotelo\u201c tyyppi\u00e4 sek\u00e4 \u201eputki ja kotelo\u201c tyyppi\u00e4 edustavat l\u00e4mm\u00f6nvaihtimet<\/li>\n\n\n\n<li>l\u00e4mm\u00f6nvaihtimien tarvikkeet ja huoltov\u00e4lineet: tiivisteet, tiivisteliima, pesupumput pesemiseen, pH-testiliuskat, pesuaine \u201eKaloxi\u201c<\/li>\n<\/ul>\n\n\n\n<div class=\"wp-block-file\"><a id=\"wp-block-file--media-1abb684b-15a8-401d-b53b-3844db00cd9d\" href=\"https:\/\/www.tektrade.ee\/fi\/wp-content\/uploads\/sites\/5\/2025\/08\/Kaloxi-Eesti-1.pdf\" target=\"_blank\" rel=\"noreferrer noopener\">KALOXIN esite<\/a><\/div>\n\n\n\n<div class=\"wp-block-file\"><a id=\"wp-block-file--media-9e03d702-e8c9-4259-9c57-c1b854fd16a4\" href=\"https:\/\/www.tektrade.ee\/fi\/wp-content\/uploads\/sites\/5\/2025\/08\/GuidAcqua_2023_EN.pdf\">GEL esite<\/a><\/div>\n\n\n\n<div class=\"wp-block-file\"><a id=\"wp-block-file--media-a760d44e-178f-4f3d-aff5-15d058ba6a4a\" href=\"https:\/\/www.tektrade.ee\/fi\/wp-content\/uploads\/sites\/5\/2025\/08\/Inquiry-list-HE-EN-1.doc\" target=\"_blank\" rel=\"noreferrer noopener\">L\u00e4mm\u00f6nvaihdin kyselylomake<\/a><\/div>\n\n\n\n<div class=\"wp-block-group is-layout-grid wp-container-core-group-is-layout-6be84c55 wp-block-group-is-layout-grid\">\n<div class=\"wp-block-group is-content-justification-left is-layout-constrained wp-container-core-group-is-layout-8c890d92 wp-block-group-is-layout-constrained\">\n<figure class=\"wp-block-image aligncenter size-full\"><img loading=\"lazy\" decoding=\"async\" width=\"200\" height=\"200\" src=\"https:\/\/www.tektrade.ee\/fi\/wp-content\/uploads\/sites\/5\/2025\/08\/ResizedImage200200-Soojusvahetid-3.png\" alt=\"\" class=\"wp-image-2862\" srcset=\"https:\/\/www.tektrade.ee\/fi\/wp-content\/uploads\/sites\/5\/2025\/08\/ResizedImage200200-Soojusvahetid-3.png 200w, https:\/\/www.tektrade.ee\/fi\/wp-content\/uploads\/sites\/5\/2025\/08\/ResizedImage200200-Soojusvahetid-3-150x150.png 150w, https:\/\/www.tektrade.ee\/fi\/wp-content\/uploads\/sites\/5\/2025\/08\/ResizedImage200200-Soojusvahetid-3-100x100.png 100w\" sizes=\"auto, (max-width: 200px) 100vw, 200px\" \/><figcaption class=\"wp-element-caption\">Valikoima l\u00e4mm\u00f6nvaihtimia<br><\/figcaption><\/figure>\n<\/div>\n\n\n\n<div class=\"wp-block-group is-layout-constrained wp-block-group-is-layout-constrained\">\n<figure class=\"wp-block-image aligncenter size-full\"><img loading=\"lazy\" decoding=\"async\" width=\"200\" height=\"200\" src=\"https:\/\/www.tektrade.ee\/fi\/wp-content\/uploads\/sites\/5\/2025\/08\/ResizedImage200200-Soojusvahetid-2.png\" alt=\"\" class=\"wp-image-2863\" srcset=\"https:\/\/www.tektrade.ee\/fi\/wp-content\/uploads\/sites\/5\/2025\/08\/ResizedImage200200-Soojusvahetid-2.png 200w, https:\/\/www.tektrade.ee\/fi\/wp-content\/uploads\/sites\/5\/2025\/08\/ResizedImage200200-Soojusvahetid-2-150x150.png 150w, https:\/\/www.tektrade.ee\/fi\/wp-content\/uploads\/sites\/5\/2025\/08\/ResizedImage200200-Soojusvahetid-2-100x100.png 100w\" sizes=\"auto, (max-width: 200px) 100vw, 200px\" \/><figcaption class=\"wp-element-caption\">L\u00e4mm\u00f6nvaihtimien levyt<br><\/figcaption><\/figure>\n<\/div>\n\n\n\n<div class=\"wp-block-group is-layout-constrained wp-block-group-is-layout-constrained\">\n<figure class=\"wp-block-image aligncenter size-full\"><img loading=\"lazy\" decoding=\"async\" width=\"267\" height=\"200\" src=\"https:\/\/www.tektrade.ee\/fi\/wp-content\/uploads\/sites\/5\/2025\/08\/ResizedImage267200-funke-welded-plate-heat-exchangers.png\" alt=\"\" class=\"wp-image-2864\"\/><figcaption class=\"wp-element-caption\">Hitsatut plokkil\u00e4mm\u00f6nvaihtimet<br><\/figcaption><\/figure>\n<\/div>\n<\/div>\n\n\n\n<p><\/p>\n","protected":false},"featured_media":0,"parent":2854,"menu_order":56,"template":"","class_list":["post-2856","product","type-product","status-publish","hentry"],"acf":[],"_links":{"self":[{"href":"https:\/\/www.tektrade.ee\/fi\/wp-json\/wp\/v2\/product\/2856","targetHints":{"allow":["GET"]}}],"collection":[{"href":"https:\/\/www.tektrade.ee\/fi\/wp-json\/wp\/v2\/product"}],"about":[{"href":"https:\/\/www.tektrade.ee\/fi\/wp-json\/wp\/v2\/types\/product"}],"version-history":[{"count":2,"href":"https:\/\/www.tektrade.ee\/fi\/wp-json\/wp\/v2\/product\/2856\/revisions"}],"predecessor-version":[{"id":3156,"href":"https:\/\/www.tektrade.ee\/fi\/wp-json\/wp\/v2\/product\/2856\/revisions\/3156"}],"up":[{"embeddable":true,"href":"https:\/\/www.tektrade.ee\/fi\/wp-json\/wp\/v2\/product\/2854"}],"wp:attachment":[{"href":"https:\/\/www.tektrade.ee\/fi\/wp-json\/wp\/v2\/media?parent=2856"}],"curies":[{"name":"wp","href":"https:\/\/api.w.org\/{rel}","templated":true}]}}