{"id":2827,"date":"2025-08-16T12:41:34","date_gmt":"2025-08-16T09:41:34","guid":{"rendered":"https:\/\/www.tektrade.ee\/fi\/?post_type=product&#038;p=2827"},"modified":"2025-08-17T23:52:27","modified_gmt":"2025-08-17T20:52:27","slug":"gatex-luistiventtiili","status":"publish","type":"product","link":"https:\/\/www.tektrade.ee\/fi\/toutteet\/turvalaitteet\/gatex-luistiventtiili\/","title":{"rendered":"GATEX-luistiventtiili"},"content":{"rendered":"\n<div class=\"wp-block-group is-nowrap is-layout-flex wp-container-core-group-is-layout-ad2f72ca wp-block-group-is-layout-flex\">\n<div class=\"wp-block-group is-layout-constrained wp-block-group-is-layout-constrained\">\n<figure class=\"wp-block-image alignleft size-full\"><img loading=\"lazy\" decoding=\"async\" width=\"500\" height=\"281\" src=\"https:\/\/www.tektrade.ee\/fi\/wp-content\/uploads\/sites\/5\/2025\/08\/ResizedImage500281-Gatex-2.jpg\" alt=\"\" class=\"wp-image-2828\" srcset=\"https:\/\/www.tektrade.ee\/fi\/wp-content\/uploads\/sites\/5\/2025\/08\/ResizedImage500281-Gatex-2.jpg 500w, https:\/\/www.tektrade.ee\/fi\/wp-content\/uploads\/sites\/5\/2025\/08\/ResizedImage500281-Gatex-2-300x169.jpg 300w\" sizes=\"auto, (max-width: 500px) 100vw, 500px\" \/><figcaption class=\"wp-element-caption\">Nopeatoiminen GatEx-luistiventtiili<br><\/figcaption><\/figure>\n<\/div>\n<\/div>\n\n\n\n<div style=\"height:30px\" aria-hidden=\"true\" class=\"wp-block-spacer\"><\/div>\n\n\n\n<p>GatEx-luistiventtiileit\u00e4 k\u00e4ytet\u00e4\u00e4n p\u00f6lyr\u00e4j\u00e4hdyksen yhteydess\u00e4 putkien nopeaan ja t\u00e4ydelliseen sulkemiseen. Teollisuudessa luistiventtiilien sopivia asennuspaikkoja ovat pneumaattinen kuljetus, poistokanavat sek\u00e4 teknologiat, joiden tulee kest\u00e4\u00e4 r\u00e4j\u00e4hdykseen liittyv\u00e4\u00e4 suurta r\u00e4j\u00e4hdyspainetta.<br><br>T\u00e4rkeimm\u00e4t k\u00e4ytt\u00f6kohteet: suodattimien, siilojen, myllyjen, sekoittimien, syklonien yms. liitosputket.<\/p>\n\n\n\n<p>Edut: &nbsp;<br>&#8211; putkille l\u00e4pimitalla DN50 \u2013 DN150,<br>&#8211; ty\u00f6paine 5 Bar, enimm. paine 21Bar,<br>&#8211; eritt\u00e4in lyhyt toiminta-aika,<br>&#8211; pieni asennustila.<br><br><strong>Luistiventtiilin toimintakaavio<\/strong><\/p>\n\n\n\n<div class=\"wp-block-group is-nowrap is-layout-flex wp-container-core-group-is-layout-ad2f72ca wp-block-group-is-layout-flex\">\n<div class=\"wp-block-group is-layout-constrained wp-block-group-is-layout-constrained\">\n<figure class=\"wp-block-image alignleft size-full\"><img loading=\"lazy\" decoding=\"async\" width=\"500\" height=\"239\" src=\"https:\/\/www.tektrade.ee\/fi\/wp-content\/uploads\/sites\/5\/2025\/08\/ResizedImage500239-gatex-2-1-800x383-1.jpg\" alt=\"\" class=\"wp-image-2829\" srcset=\"https:\/\/www.tektrade.ee\/fi\/wp-content\/uploads\/sites\/5\/2025\/08\/ResizedImage500239-gatex-2-1-800x383-1.jpg 500w, https:\/\/www.tektrade.ee\/fi\/wp-content\/uploads\/sites\/5\/2025\/08\/ResizedImage500239-gatex-2-1-800x383-1-300x143.jpg 300w\" sizes=\"auto, (max-width: 500px) 100vw, 500px\" \/><figcaption class=\"wp-element-caption\">GatEx-luistiventtiili<br><\/figcaption><\/figure>\n<\/div>\n<\/div>\n\n\n\n<p>1. Paineanturi<br>2. Tuuletin<br>3. Kiertoventtiili<br>4. Ohjauslaite<br>5. GatEx-luistiventtiili<br>6. Suodatin<\/p>\n\n\n\n<p><strong>J\u00e4rjestelm\u00e4n kuvaus<\/strong><br>Nopeatoiminen GatEx-luistiventtiili k\u00e4ynnistyy p\u00f6lyr\u00e4j\u00e4hdyksess\u00e4. R\u00e4j\u00e4hdyksen alusta viestii anturi, joka l\u00e4hett\u00e4\u00e4 signaalin ohjauslaitteelle. Ohjauslaitteen signaali k\u00e4ynnist\u00e4\u00e4 venttiilin sulkemisen. Sulkeminen tapahtuu paineilmalla. GatEx on varustettu Safe Design -turvaj\u00e4rjestelm\u00e4ll\u00e4, joka takaa venttiilin sulkeutumisen my\u00f6s erilaisten h\u00e4iri\u00f6iden yhteydess\u00e4.<br><br><br><br><br><a  href=\"https:\/\/www.youtube.com\/watch?time_continue=2&amp;v=cXRLocfIpyA\"  target=\"_blank\" rel=\"noreferrer noopener\" target=\"_blank\">VIDEO &#8221;Nopeatoiminen Gatex-luistiventtiili&#8221;<\/a><\/p>\n\n\n\n<div class=\"wp-block-file\"><a id=\"wp-block-file--media-dd688877-4346-4413-8d2f-86b5befa0def\" href=\"https:\/\/www.tektrade.ee\/fi\/wp-content\/uploads\/sites\/5\/2025\/08\/RSBP-2018-ExplosionProtection-EN-web-3.pdf\" target=\"_blank\" rel=\"noreferrer noopener\">RSBP-luettelo<\/a><\/div>\n\n\n\n<p><\/p>\n","protected":false},"featured_media":0,"parent":2799,"menu_order":62,"template":"","class_list":["post-2827","product","type-product","status-publish","hentry"],"acf":[],"_links":{"self":[{"href":"https:\/\/www.tektrade.ee\/fi\/wp-json\/wp\/v2\/product\/2827","targetHints":{"allow":["GET"]}}],"collection":[{"href":"https:\/\/www.tektrade.ee\/fi\/wp-json\/wp\/v2\/product"}],"about":[{"href":"https:\/\/www.tektrade.ee\/fi\/wp-json\/wp\/v2\/types\/product"}],"version-history":[{"count":2,"href":"https:\/\/www.tektrade.ee\/fi\/wp-json\/wp\/v2\/product\/2827\/revisions"}],"predecessor-version":[{"id":3162,"href":"https:\/\/www.tektrade.ee\/fi\/wp-json\/wp\/v2\/product\/2827\/revisions\/3162"}],"up":[{"embeddable":true,"href":"https:\/\/www.tektrade.ee\/fi\/wp-json\/wp\/v2\/product\/2799"}],"wp:attachment":[{"href":"https:\/\/www.tektrade.ee\/fi\/wp-json\/wp\/v2\/media?parent=2827"}],"curies":[{"name":"wp","href":"https:\/\/api.w.org\/{rel}","templated":true}]}}