{"id":2820,"date":"2025-08-16T12:39:08","date_gmt":"2025-08-16T09:39:08","guid":{"rendered":"https:\/\/www.tektrade.ee\/fi\/?post_type=product&#038;p=2820"},"modified":"2025-08-17T23:51:21","modified_gmt":"2025-08-17T20:51:21","slug":"takaiskuventtiili-b-flap-i","status":"publish","type":"product","link":"https:\/\/www.tektrade.ee\/fi\/toutteet\/turvalaitteet\/takaiskuventtiili-b-flap-i\/","title":{"rendered":"Takaiskuventtiili B-FLAP I"},"content":{"rendered":"\n<div class=\"wp-block-group is-nowrap is-layout-flex wp-container-core-group-is-layout-ad2f72ca wp-block-group-is-layout-flex\">\n<div class=\"wp-block-group is-layout-constrained wp-block-group-is-layout-constrained\">\n<figure class=\"wp-block-image alignleft size-full\"><img loading=\"lazy\" decoding=\"async\" width=\"300\" height=\"169\" src=\"https:\/\/www.tektrade.ee\/fi\/wp-content\/uploads\/sites\/5\/2025\/08\/ResizedImage300169-B-flap-I-DN800-1.jpg\" alt=\"\" class=\"wp-image-2821\"\/><figcaption class=\"wp-element-caption\">Takaiskuventtiili B-Flap I<br><\/figcaption><\/figure>\n<\/div>\n<\/div>\n\n\n\n<div style=\"height:30px\" aria-hidden=\"true\" class=\"wp-block-spacer\"><\/div>\n\n\n\n<p>Takaiskuventtiili B-Flap I on tarkoitettu p\u00f6lyr\u00e4j\u00e4hdyksen seurauksena syntyv\u00e4n tuli- ja paineaallon levi\u00e4misen est\u00e4miseen teknologisissa putkistoissa.<\/p>\n\n\n\n<p>T\u00e4rkeimm\u00e4t k\u00e4ytt\u00f6kohteet:&nbsp;suodattimien, s\u00e4ili\u00f6iden, myllyjen, sekoittimien, syklonien, erottimien, siilojen yms. v\u00e4liset liitosputket.<\/p>\n\n\n\n<p>Takaiskuventtiili B-FLAP I putkessa:<\/p>\n\n\n\n<div class=\"wp-block-group is-nowrap is-layout-flex wp-container-core-group-is-layout-ad2f72ca wp-block-group-is-layout-flex\">\n<div class=\"wp-block-group is-layout-constrained wp-block-group-is-layout-constrained\">\n<figure class=\"wp-block-image alignleft size-full\"><img loading=\"lazy\" decoding=\"async\" width=\"500\" height=\"231\" src=\"https:\/\/www.tektrade.ee\/fi\/wp-content\/uploads\/sites\/5\/2025\/08\/ResizedImage500231-b-flap-2-1-800x371-ENG.jpg\" alt=\"\" class=\"wp-image-2822\" srcset=\"https:\/\/www.tektrade.ee\/fi\/wp-content\/uploads\/sites\/5\/2025\/08\/ResizedImage500231-b-flap-2-1-800x371-ENG.jpg 500w, https:\/\/www.tektrade.ee\/fi\/wp-content\/uploads\/sites\/5\/2025\/08\/ResizedImage500231-b-flap-2-1-800x371-ENG-300x139.jpg 300w\" sizes=\"auto, (max-width: 500px) 100vw, 500px\" \/><figcaption class=\"wp-element-caption\">B-Flap I asennuskaavio<br><\/figcaption><\/figure>\n<\/div>\n<\/div>\n\n\n\n<p>1. Suodatin<br>2. Tuuletin<br>3. Kiertoventtiili<br>4. Takaiskuventtiili B-FLAP I<br>5. R\u00e4j\u00e4hdyskalvo<\/p>\n\n\n\n<div class=\"wp-block-group is-nowrap is-layout-flex wp-container-core-group-is-layout-ad2f72ca wp-block-group-is-layout-flex\">\n<div class=\"wp-block-group is-layout-constrained wp-block-group-is-layout-constrained\">\n<figure class=\"wp-block-image alignleft size-full\"><img loading=\"lazy\" decoding=\"async\" width=\"400\" height=\"187\" src=\"https:\/\/www.tektrade.ee\/fi\/wp-content\/uploads\/sites\/5\/2025\/08\/ResizedImage400187-7-B-FLAP-I-2-obr.png\" alt=\"\" class=\"wp-image-2823\" srcset=\"https:\/\/www.tektrade.ee\/fi\/wp-content\/uploads\/sites\/5\/2025\/08\/ResizedImage400187-7-B-FLAP-I-2-obr.png 400w, https:\/\/www.tektrade.ee\/fi\/wp-content\/uploads\/sites\/5\/2025\/08\/ResizedImage400187-7-B-FLAP-I-2-obr-300x140.png 300w\" sizes=\"auto, (max-width: 400px) 100vw, 400px\" \/><figcaption class=\"wp-element-caption\">B-Flap I<br><\/figcaption><\/figure>\n<\/div>\n<\/div>\n\n\n\n<p>Edut:<br>1. Laaja mittav\u00e4li, DN100 \u2013 DN800;<br>2. Mekaaninen laite, ei vaadi s\u00e4hk\u00f6energiaa tai k\u00e4ynnistysmekanismia;<br>3. Helppo asentaa, tarkastaa ja huoltaa \u2013 helposti tavoitettavissa;<br>4. Alhaiset huoltokustannukset;<br>5. Mekaaninen lukitus venttiilin sulkeutuessa;<br>6. Sopii kevytmetallip\u00f6lyjen parissa toimiville teknologioille;<br>7. Valmistetaan rakennus- tai ruostumattomasta ter\u00e4ksest\u00e4;<br>8. Taloudellinen tuote.<\/p>\n\n\n\n<div class=\"wp-block-group is-nowrap is-layout-flex wp-container-core-group-is-layout-ad2f72ca wp-block-group-is-layout-flex\">\n<div class=\"wp-block-group is-layout-constrained wp-block-group-is-layout-constrained\">\n<figure class=\"wp-block-image alignleft size-full\"><img loading=\"lazy\" decoding=\"async\" width=\"600\" height=\"155\" src=\"https:\/\/www.tektrade.ee\/fi\/wp-content\/uploads\/sites\/5\/2025\/08\/ResizedImage600155-smer-proudeni-b-flap-EN-800x207-1.jpg\" alt=\"\" class=\"wp-image-2824\" srcset=\"https:\/\/www.tektrade.ee\/fi\/wp-content\/uploads\/sites\/5\/2025\/08\/ResizedImage600155-smer-proudeni-b-flap-EN-800x207-1.jpg 600w, https:\/\/www.tektrade.ee\/fi\/wp-content\/uploads\/sites\/5\/2025\/08\/ResizedImage600155-smer-proudeni-b-flap-EN-800x207-1-300x78.jpg 300w\" sizes=\"auto, (max-width: 600px) 100vw, 600px\" \/><figcaption class=\"wp-element-caption\">Takaiskun turvaventtiili B-Flap I yhdess\u00e4 venttiilin asentoanturin kanssa<br><\/figcaption><\/figure>\n<\/div>\n<\/div>\n\n\n\n<div style=\"height:30px\" aria-hidden=\"true\" class=\"wp-block-spacer\"><\/div>\n\n\n\n<p><a  href=\"https:\/\/www.youtube.com\/watch?v=jeZB25t57cY\"  target=\"_blank\" rel=\"noreferrer noopener\" target=\"_blank\">VIDEO &#8221;Takaiskuventtiili B-FLAP I&#8221;<\/a><\/p>\n\n\n\n<div class=\"wp-block-file\"><a id=\"wp-block-file--media-c46f575d-e4e8-4c01-8838-98286c0d94bc\" href=\"https:\/\/www.tektrade.ee\/fi\/wp-content\/uploads\/sites\/5\/2025\/08\/RSBP-2018-ExplosionProtection-EN-web-2.pdf\" target=\"_blank\" rel=\"noreferrer noopener\">RSBP-tuoteluettelo\u00a0<\/a><\/div>\n\n\n\n<p><\/p>\n","protected":false},"featured_media":0,"parent":2799,"menu_order":61,"template":"","class_list":["post-2820","product","type-product","status-publish","hentry"],"acf":[],"_links":{"self":[{"href":"https:\/\/www.tektrade.ee\/fi\/wp-json\/wp\/v2\/product\/2820","targetHints":{"allow":["GET"]}}],"collection":[{"href":"https:\/\/www.tektrade.ee\/fi\/wp-json\/wp\/v2\/product"}],"about":[{"href":"https:\/\/www.tektrade.ee\/fi\/wp-json\/wp\/v2\/types\/product"}],"version-history":[{"count":3,"href":"https:\/\/www.tektrade.ee\/fi\/wp-json\/wp\/v2\/product\/2820\/revisions"}],"predecessor-version":[{"id":3161,"href":"https:\/\/www.tektrade.ee\/fi\/wp-json\/wp\/v2\/product\/2820\/revisions\/3161"}],"up":[{"embeddable":true,"href":"https:\/\/www.tektrade.ee\/fi\/wp-json\/wp\/v2\/product\/2799"}],"wp:attachment":[{"href":"https:\/\/www.tektrade.ee\/fi\/wp-json\/wp\/v2\/media?parent=2820"}],"curies":[{"name":"wp","href":"https:\/\/api.w.org\/{rel}","templated":true}]}}