{"id":2812,"date":"2025-08-16T12:36:18","date_gmt":"2025-08-16T09:36:18","guid":{"rendered":"https:\/\/www.tektrade.ee\/fi\/?post_type=product&#038;p=2812"},"modified":"2025-08-17T23:50:18","modified_gmt":"2025-08-17T20:50:18","slug":"flex-liekinvaimentimet","status":"publish","type":"product","link":"https:\/\/www.tektrade.ee\/fi\/toutteet\/turvalaitteet\/flex-liekinvaimentimet\/","title":{"rendered":"FLEX-liekinvaimentimet"},"content":{"rendered":"\n<div class=\"wp-block-group is-nowrap is-layout-flex wp-container-core-group-is-layout-ad2f72ca wp-block-group-is-layout-flex\">\n<div class=\"wp-block-group is-layout-constrained wp-block-group-is-layout-constrained\">\n<figure class=\"wp-block-image alignleft size-full\"><img loading=\"lazy\" decoding=\"async\" width=\"300\" height=\"169\" src=\"https:\/\/www.tektrade.ee\/fi\/wp-content\/uploads\/sites\/5\/2025\/08\/ResizedImage300169-FLEX-C3-R3-F3-var2.jpg\" alt=\"\" class=\"wp-image-2813\"\/><figcaption class=\"wp-element-caption\">Flex-liekinvaimentimet<br><\/figcaption><\/figure>\n<\/div>\n<\/div>\n\n\n\n<div style=\"height:30px\" aria-hidden=\"true\" class=\"wp-block-spacer\"><\/div>\n\n\n\n<p>Flex-liekinvaimentimet liitet\u00e4\u00e4n r\u00e4j\u00e4hdyskalvoihin, kun turvallisuuslaitteita tulee k\u00e4ytt\u00e4\u00e4 sis\u00e4tiloissa tai vaikeap\u00e4\u00e4syisiss\u00e4 paikoissa, joihin ei ole teknologisesti mahdollista asentaa huoltotasoja.<\/p>\n\n\n\n<p>T\u00e4rkeimm\u00e4t k\u00e4ytt\u00f6kohteet \u2013 erilaiset teolliset suodattimet, s\u00e4ili\u00f6t, myllyt, murskaimet, syklonit ym. laitteet.<br><br>Laitteella on kaksi p\u00e4\u00e4teht\u00e4v\u00e4\u00e4:<br><br>1. R\u00e4j\u00e4hdyksess\u00e4 aiheutuvan liekin vaimentaminen \u2013 r\u00e4j\u00e4hdyskalvon avautumisen j\u00e4lkeen l\u00e4mp\u00f6tila vaimentimen kammiossa kohoaa jopa 1500 asteeseen.&nbsp;Laitteen rakenteen ansiosta l\u00e4mp\u00f6tila kammiossa laskee nopeasti tasolle, joka ei ole ymp\u00e4r\u00f6iville teollisuuslaitteille ja l\u00e4hell\u00e4 olevalle henkil\u00f6st\u00f6lle en\u00e4\u00e4 vaarallinen.<\/p>\n\n\n\n<div class=\"wp-block-group is-nowrap is-layout-flex wp-container-core-group-is-layout-ad2f72ca wp-block-group-is-layout-flex\">\n<div class=\"wp-block-group is-layout-constrained wp-block-group-is-layout-constrained\">\n<figure class=\"wp-block-image alignleft size-full\"><img loading=\"lazy\" decoding=\"async\" width=\"500\" height=\"159\" src=\"https:\/\/www.tektrade.ee\/fi\/wp-content\/uploads\/sites\/5\/2025\/08\/ResizedImage500159-flex-2-bez-razitek-800x255-1.jpg\" alt=\"\" class=\"wp-image-2814\" srcset=\"https:\/\/www.tektrade.ee\/fi\/wp-content\/uploads\/sites\/5\/2025\/08\/ResizedImage500159-flex-2-bez-razitek-800x255-1.jpg 500w, https:\/\/www.tektrade.ee\/fi\/wp-content\/uploads\/sites\/5\/2025\/08\/ResizedImage500159-flex-2-bez-razitek-800x255-1-300x95.jpg 300w\" sizes=\"auto, (max-width: 500px) 100vw, 500px\" \/><figcaption class=\"wp-element-caption\">R\u00e4j\u00e4hdyskalvon toimintakaavio<br><\/figcaption><\/figure>\n<\/div>\n<\/div>\n\n\n\n<div style=\"height:30px\" aria-hidden=\"true\" class=\"wp-block-spacer\"><\/div>\n\n\n\n<p>2. R\u00e4j\u00e4hdyksen levi\u00e4misen est\u00e4minen \u2013 r\u00e4j\u00e4hdyskalvon avautumisen j\u00e4lkeen r\u00e4j\u00e4hdyksen aiheuttama iskuaalto paiskautuu liekinvaimentimen kammioon, jossa se laitteen rakenteen ansiosta vaimenee nopeasti ja ulkoymp\u00e4rist\u00f6\u00f6n p\u00e4\u00e4see vain v\u00e4h\u00e4inen savu- ja tuhka-aalto.<\/p>\n\n\n\n<p>Tsekkil\u00e4inen RSBP-yritys valmistaa kolmea tyyppi\u00e4 FLEX-liekinvaimentimia:<br><br><strong>FLEX R<\/strong><\/p>\n\n\n\n<div class=\"wp-block-group is-nowrap is-layout-flex wp-container-core-group-is-layout-ad2f72ca wp-block-group-is-layout-flex\">\n<div class=\"wp-block-group is-layout-constrained wp-block-group-is-layout-constrained\">\n<figure class=\"wp-block-image alignleft size-full\"><img loading=\"lazy\" decoding=\"async\" width=\"500\" height=\"128\" src=\"https:\/\/www.tektrade.ee\/fi\/wp-content\/uploads\/sites\/5\/2025\/08\/ResizedImage500128-flex-R-1-1-800x205-1.jpg\" alt=\"\" class=\"wp-image-2815\" srcset=\"https:\/\/www.tektrade.ee\/fi\/wp-content\/uploads\/sites\/5\/2025\/08\/ResizedImage500128-flex-R-1-1-800x205-1.jpg 500w, https:\/\/www.tektrade.ee\/fi\/wp-content\/uploads\/sites\/5\/2025\/08\/ResizedImage500128-flex-R-1-1-800x205-1-300x77.jpg 300w\" sizes=\"auto, (max-width: 500px) 100vw, 500px\" \/><figcaption class=\"wp-element-caption\">FLEX R &#8211; liekinvaimentimet<br><\/figcaption><\/figure>\n<\/div>\n<\/div>\n\n\n\n<p><strong>FLEX F<\/strong><\/p>\n\n\n\n<div class=\"wp-block-group is-nowrap is-layout-flex wp-container-core-group-is-layout-ad2f72ca wp-block-group-is-layout-flex\">\n<div class=\"wp-block-group is-layout-constrained wp-block-group-is-layout-constrained\">\n<figure class=\"wp-block-image alignleft size-full\"><img loading=\"lazy\" decoding=\"async\" width=\"500\" height=\"135\" src=\"https:\/\/www.tektrade.ee\/fi\/wp-content\/uploads\/sites\/5\/2025\/08\/ResizedImage500135-flex-F-1-1-800x216-1.jpg\" alt=\"\" class=\"wp-image-2816\" srcset=\"https:\/\/www.tektrade.ee\/fi\/wp-content\/uploads\/sites\/5\/2025\/08\/ResizedImage500135-flex-F-1-1-800x216-1.jpg 500w, https:\/\/www.tektrade.ee\/fi\/wp-content\/uploads\/sites\/5\/2025\/08\/ResizedImage500135-flex-F-1-1-800x216-1-300x81.jpg 300w\" sizes=\"auto, (max-width: 500px) 100vw, 500px\" \/><figcaption class=\"wp-element-caption\">FLEX F &#8211; liekinvaimentimet<br><\/figcaption><\/figure>\n<\/div>\n<\/div>\n\n\n\n<p><strong>FLEX C<\/strong><\/p>\n\n\n\n<div class=\"wp-block-group is-nowrap is-layout-flex wp-container-core-group-is-layout-ad2f72ca wp-block-group-is-layout-flex\">\n<div class=\"wp-block-group is-layout-constrained wp-block-group-is-layout-constrained\">\n<figure class=\"wp-block-image alignleft size-full\"><img loading=\"lazy\" decoding=\"async\" width=\"500\" height=\"161\" src=\"https:\/\/www.tektrade.ee\/fi\/wp-content\/uploads\/sites\/5\/2025\/08\/ResizedImage500161-flex-C-5-1-800x258-1.jpg\" alt=\"\" class=\"wp-image-2817\" srcset=\"https:\/\/www.tektrade.ee\/fi\/wp-content\/uploads\/sites\/5\/2025\/08\/ResizedImage500161-flex-C-5-1-800x258-1.jpg 500w, https:\/\/www.tektrade.ee\/fi\/wp-content\/uploads\/sites\/5\/2025\/08\/ResizedImage500161-flex-C-5-1-800x258-1-300x97.jpg 300w\" sizes=\"auto, (max-width: 500px) 100vw, 500px\" \/><figcaption class=\"wp-element-caption\">FLEX C -liekinvaimentimet<br><\/figcaption><\/figure>\n<\/div>\n<\/div>\n\n\n\n<div style=\"height:30px\" aria-hidden=\"true\" class=\"wp-block-spacer\"><\/div>\n\n\n\n<p><a  href=\"https:\/\/www.youtube.com\/watch?v=_aamPlGzvHU\"  target=\"_blank\" rel=\"noreferrer noopener\" target=\"_blank\">VIDEO &#8221;FLEX-liekinvaimentimet&#8221;<\/a><\/p>\n\n\n\n<div class=\"wp-block-file\"><a id=\"wp-block-file--media-8694b67a-8450-4323-8fc0-b48a187dd574\" href=\"https:\/\/www.tektrade.ee\/fi\/wp-content\/uploads\/sites\/5\/2025\/08\/RSBP-2018-ExplosionProtection-EN-web-1.pdf\" target=\"_blank\" rel=\"noreferrer noopener\">RSBP-tuoteluettelo<\/a><\/div>\n\n\n\n<p><\/p>\n","protected":false},"featured_media":0,"parent":2799,"menu_order":60,"template":"","class_list":["post-2812","product","type-product","status-publish","hentry"],"acf":[],"_links":{"self":[{"href":"https:\/\/www.tektrade.ee\/fi\/wp-json\/wp\/v2\/product\/2812","targetHints":{"allow":["GET"]}}],"collection":[{"href":"https:\/\/www.tektrade.ee\/fi\/wp-json\/wp\/v2\/product"}],"about":[{"href":"https:\/\/www.tektrade.ee\/fi\/wp-json\/wp\/v2\/types\/product"}],"version-history":[{"count":2,"href":"https:\/\/www.tektrade.ee\/fi\/wp-json\/wp\/v2\/product\/2812\/revisions"}],"predecessor-version":[{"id":3160,"href":"https:\/\/www.tektrade.ee\/fi\/wp-json\/wp\/v2\/product\/2812\/revisions\/3160"}],"up":[{"embeddable":true,"href":"https:\/\/www.tektrade.ee\/fi\/wp-json\/wp\/v2\/product\/2799"}],"wp:attachment":[{"href":"https:\/\/www.tektrade.ee\/fi\/wp-json\/wp\/v2\/media?parent=2812"}],"curies":[{"name":"wp","href":"https:\/\/api.w.org\/{rel}","templated":true}]}}