{"id":2802,"date":"2025-08-16T12:32:01","date_gmt":"2025-08-16T09:32:01","guid":{"rendered":"https:\/\/www.tektrade.ee\/fi\/?post_type=product&#038;p=2802"},"modified":"2025-08-17T23:49:16","modified_gmt":"2025-08-17T20:49:16","slug":"vmp-rajahdyskalvot","status":"publish","type":"product","link":"https:\/\/www.tektrade.ee\/fi\/toutteet\/turvalaitteet\/vmp-rajahdyskalvot\/","title":{"rendered":"VMP-r\u00e4j\u00e4hdyskalvot"},"content":{"rendered":"\n<div class=\"wp-block-group is-nowrap is-layout-flex wp-container-core-group-is-layout-ad2f72ca wp-block-group-is-layout-flex\">\n<div class=\"wp-block-group is-layout-constrained wp-block-group-is-layout-constrained\">\n<figure class=\"wp-block-image alignleft size-full\"><img loading=\"lazy\" decoding=\"async\" width=\"300\" height=\"180\" src=\"https:\/\/www.tektrade.ee\/fi\/wp-content\/uploads\/sites\/5\/2025\/08\/ResizedImage300180-VMP-obdelnik-D-F.jpg\" alt=\"\" class=\"wp-image-2809\"\/><figcaption class=\"wp-element-caption\">VMP-r\u00e4j\u00e4hdyskalvot<br><\/figcaption><\/figure>\n<\/div>\n<\/div>\n\n\n\n<div style=\"height:30px\" aria-hidden=\"true\" class=\"wp-block-spacer\"><\/div>\n\n\n\n<p>R\u00e4j\u00e4hdyskalvot on tarkoitettu teollisuuslaitteiden r\u00e4j\u00e4hdyksen yhteydess\u00e4 aiheutuvien vahinkojen v\u00e4hent\u00e4miseen. R\u00e4j\u00e4hdyskalvoja k\u00e4ytet\u00e4\u00e4n paikoissa, joissa voi tapahtua p\u00f6lyr\u00e4j\u00e4hdyksi\u00e4. Laitteita saa k\u00e4ytt\u00e4\u00e4 vain ulko-olosuhteissa,&nbsp;koska r\u00e4j\u00e4hdyksess\u00e4 syntyv\u00e4n paine- ja tuliaalto voi ulottua jopa 30 metriin.&nbsp;<\/p>\n\n\n\n<p>R\u00e4j\u00e4hdyskalvojen t\u00e4rkeimm\u00e4t k\u00e4ytt\u00f6kohteet: erilaiset teolliset suodattimet, s\u00e4ili\u00f6t, myllyt, murskaimet, syklonit yms.&nbsp;<\/p>\n\n\n\n<p>Tsekkil\u00e4isen RSBP-yrityksen VMP-r\u00e4j\u00e4hdyskalvot jakautuvat ulkomuotonsa perusteella kuvunmuotoisiksi ja latteiksi kalvoiksi. Molemman tyypin kalvot voivat r\u00e4j\u00e4hdysluukun rakenteesta riippuen olla muodoltaan joko py\u00f6reit\u00e4, soikeita tai neliskulmaisia ja valmistettuja joko yksi- tai monikerroksisista metallilevyist\u00e4.<\/p>\n\n\n\n<div style=\"height:30px\" aria-hidden=\"true\" class=\"wp-block-spacer\"><\/div>\n\n\n\n<div class=\"wp-block-group is-nowrap is-layout-flex wp-container-core-group-is-layout-ad2f72ca wp-block-group-is-layout-flex\">\n<div class=\"wp-block-group is-layout-constrained wp-block-group-is-layout-constrained\">\n<figure class=\"wp-block-image alignleft size-full\"><img loading=\"lazy\" decoding=\"async\" width=\"300\" height=\"228\" src=\"https:\/\/www.tektrade.ee\/fi\/wp-content\/uploads\/sites\/5\/2025\/08\/ResizedImage300228-VMP-3-1-355x270-1.jpg\" alt=\"\" class=\"wp-image-2803\"\/><figcaption class=\"wp-element-caption\">Py\u00f6re\u00e4 kuvunmallinen VMP<br><\/figcaption><\/figure>\n<\/div>\n<\/div>\n\n\n\n<div style=\"height:30px\" aria-hidden=\"true\" class=\"wp-block-spacer\"><\/div>\n\n\n\n<p><strong>VMP \u2013 py\u00f6re\u00e4t kuvunmalliset r\u00e4j\u00e4hdyskalvot:<\/strong><br>1. Kolmekerroksisesta ruostumattomasta ter\u00e4ksest\u00e4 valmistetut kalvot, pinnoitemateriaali \u2013 PTFE, toimintal\u00e4mp\u00f6tila jopa 240\u2103, tuotemerkint\u00e4 &#8211; SU<br>2. Alipaineen kest\u00e4vi\u00e4<br>3. Sopivat my\u00f6s sykkiv\u00e4paineisiin laitteisiin<br>4. Sertifioitu&nbsp;standardin&nbsp;EN 14&nbsp;797 mukaisesti<\/p>\n\n\n\n<div class=\"wp-block-group is-nowrap is-layout-flex wp-container-core-group-is-layout-ad2f72ca wp-block-group-is-layout-flex\">\n<div class=\"wp-block-group is-layout-constrained wp-block-group-is-layout-constrained\">\n<figure class=\"wp-block-image alignleft size-full\"><img loading=\"lazy\" decoding=\"async\" width=\"300\" height=\"176\" src=\"https:\/\/www.tektrade.ee\/fi\/wp-content\/uploads\/sites\/5\/2025\/08\/ResizedImage300176-VMP-rectangular.png\" alt=\"\" class=\"wp-image-2804\"\/><figcaption class=\"wp-element-caption\">Neliskulmainen kuvunmuotoinen VMP<br><\/figcaption><\/figure>\n<\/div>\n<\/div>\n\n\n\n<p><strong>VMP \u2013 neliskulmaiset kuvunmuotoiset r\u00e4j\u00e4hdyskalvot:<\/strong><br>1. Yksikerroksiset ruostumattomasta ter\u00e4ksest\u00e4 valmistetut kalvot, toimintal\u00e4mp\u00f6tila jopa 100\u2103, tuotemerkint\u00e4 \u2013 D<br>2. Kolmekerroksiset ruostumattomasta ter\u00e4ksest\u00e4 valmistetut kalvot, pinnoitemateriaali \u2013 PTFE, toimintal\u00e4mp\u00f6tila jopa 240\u2103<br>3. Alipaineen kest\u00e4vi\u00e4\u00a0<br>4. Sopivat my\u00f6s sykkiv\u00e4paineisiin laitteisiin<br>5. Sertifioitu standardin EN 14\u00a0797 mukaisesti<\/p>\n\n\n\n<div class=\"wp-block-group is-nowrap is-layout-flex wp-container-core-group-is-layout-ad2f72ca wp-block-group-is-layout-flex\">\n<div class=\"wp-block-group is-layout-constrained wp-block-group-is-layout-constrained\">\n<figure class=\"wp-block-image alignleft size-full\"><img loading=\"lazy\" decoding=\"async\" width=\"300\" height=\"198\" src=\"https:\/\/www.tektrade.ee\/fi\/wp-content\/uploads\/sites\/5\/2025\/08\/ResizedImage300198-VMP-630x310-F.jpg\" alt=\"\" class=\"wp-image-2805\"\/><figcaption class=\"wp-element-caption\">Neliskulmainen lattea VMP-kalvo<br><\/figcaption><\/figure>\n<\/div>\n<\/div>\n\n\n\n<p><strong>VMP \u2013 neliskulmaiset latteat kalvot:<\/strong><br>1. Sopivat k\u00e4ytett\u00e4viksi matalissa ty\u00f6paineissa\u00a0(enint. 50 % avautumispaineesta)<br>2. Yksikerroksiset ruostumattomasta ter\u00e4ksest\u00e4 valmistetut kalvot, toimintal\u00e4mp\u00f6tila jopa 100\u2103, tuotemerkint\u00e4\u00a0&#8211; F<br>3. Asennetaan ilman p\u00e4\u00e4llyslaippaa<br>4. Taloudellinen ratkaisu<br>5. Sertifioitu standardin\u00a0EN 14\u00a0797 mukaisesti<\/p>\n\n\n\n<div style=\"height:30px\" aria-hidden=\"true\" class=\"wp-block-spacer\"><\/div>\n\n\n\n<div class=\"wp-block-group is-nowrap is-layout-flex wp-container-core-group-is-layout-ad2f72ca wp-block-group-is-layout-flex\">\n<div class=\"wp-block-group is-layout-constrained wp-block-group-is-layout-constrained\">\n<figure class=\"wp-block-image alignleft size-full\"><img loading=\"lazy\" decoding=\"async\" width=\"300\" height=\"200\" src=\"https:\/\/www.tektrade.ee\/fi\/wp-content\/uploads\/sites\/5\/2025\/08\/ResizedImage300200-VMP-explosion-doors.jpg\" alt=\"\" class=\"wp-image-2806\"\/><figcaption class=\"wp-element-caption\"><em>Magneettiluukku<br><\/em><\/figcaption><\/figure>\n<\/div>\n<\/div>\n\n\n\n<p><strong>Magneettiluukut:<\/strong><br>1. Sopivat k\u00e4ytett\u00e4viksi matalassa ty\u00f6paineessa ja paikoissa, joissa ei ole sykkiv\u00e4\u00e4 painetta<br>2. Tarkoitettu ennen kaikkea teknologiaan, jonka paineenkesto on hyvin matala<br>3. Materiaali \u2013 sinkitty hiiliter\u00e4s<br>4. Monikertak\u00e4ytt\u00f6iset<\/p>\n\n\n\n<div style=\"height:30px\" aria-hidden=\"true\" class=\"wp-block-spacer\"><\/div>\n\n\n\n<p><a  href=\"https:\/\/www.youtube.com\/watch?v=w28eiQDbIyg\"  target=\"_blank\" rel=\"noreferrer noopener\" target=\"_blank\"><br><a  href=\"https:\/\/www.youtube.com\/watch?v=w28eiQDbIyg\"  target=\"_blank\" rel=\"noreferrer noopener\" target=\"_blank\">VIDEO &#8221;R\u00e4j\u00e4hdyskalvot&#8221;<\/a><\/p>\n\n\n\n<p><\/p>\n\n\n\n<div class=\"wp-block-file\"><a id=\"wp-block-file--media-874a6bad-0b4b-49f6-b3f6-6b253ccb652b\" href=\"https:\/\/www.tektrade.ee\/fi\/wp-content\/uploads\/sites\/5\/2025\/08\/RSBP-2018-ExplosionProtection-EN-web.pdf\" target=\"_blank\" rel=\"noreferrer noopener\">RSBP &#8211; tuoteluettelo<\/a><\/div>\n\n\n\n<p><\/p>\n","protected":false},"featured_media":0,"parent":2799,"menu_order":59,"template":"","class_list":["post-2802","product","type-product","status-publish","hentry"],"acf":[],"_links":{"self":[{"href":"https:\/\/www.tektrade.ee\/fi\/wp-json\/wp\/v2\/product\/2802","targetHints":{"allow":["GET"]}}],"collection":[{"href":"https:\/\/www.tektrade.ee\/fi\/wp-json\/wp\/v2\/product"}],"about":[{"href":"https:\/\/www.tektrade.ee\/fi\/wp-json\/wp\/v2\/types\/product"}],"version-history":[{"count":5,"href":"https:\/\/www.tektrade.ee\/fi\/wp-json\/wp\/v2\/product\/2802\/revisions"}],"predecessor-version":[{"id":3159,"href":"https:\/\/www.tektrade.ee\/fi\/wp-json\/wp\/v2\/product\/2802\/revisions\/3159"}],"up":[{"embeddable":true,"href":"https:\/\/www.tektrade.ee\/fi\/wp-json\/wp\/v2\/product\/2799"}],"wp:attachment":[{"href":"https:\/\/www.tektrade.ee\/fi\/wp-json\/wp\/v2\/media?parent=2802"}],"curies":[{"name":"wp","href":"https:\/\/api.w.org\/{rel}","templated":true}]}}