{"id":2796,"date":"2025-08-16T12:28:35","date_gmt":"2025-08-16T09:28:35","guid":{"rendered":"https:\/\/www.tektrade.ee\/fi\/?post_type=product&#038;p=2796"},"modified":"2025-08-18T00:02:23","modified_gmt":"2025-08-17T21:02:23","slug":"paineilmalla-ohjattavat-kalvopumput","status":"publish","type":"product","link":"https:\/\/www.tektrade.ee\/fi\/toutteet\/pumput\/kalvopumput\/paineilmalla-ohjattavat-kalvopumput\/","title":{"rendered":"Paineilmalla ohjattavat kalvopumput"},"content":{"rendered":"\n<p>Paineilmalla ohjattavat SAMOA-kalvopumput ovat ilmaohjattuja kaksoiskalvolla varustettuja syrj\u00e4ytyspumppuja, jotka toimivat edestakaisin liikkuen.\u00a0<br>Pumput on suunniteltu erilaisten nesteiden annosteluun, suihkuttamiseen, siirt\u00e4miseen tai jakamiseen.<br>Pumppujen kalvot on liitetty akselilla. Yhden pumppauskerran aikana neste imet\u00e4\u00e4n nestekammioon samaan aikaan kuin se tyhjennet\u00e4\u00e4n vastap\u00e4isest\u00e4 nestekammiosta.<\/p>\n\n\n\n<div class=\"wp-block-group is-nowrap is-layout-flex wp-container-core-group-is-layout-ad2f72ca wp-block-group-is-layout-flex\">\n<div class=\"wp-block-group is-layout-constrained wp-block-group-is-layout-constrained\">\n<figure class=\"wp-block-image alignleft size-full\"><img loading=\"lazy\" decoding=\"async\" width=\"600\" height=\"340\" src=\"https:\/\/www.tektrade.ee\/fi\/wp-content\/uploads\/sites\/5\/2025\/08\/ResizedImage600340-Samoa-diphragm-pumps.jpg\" alt=\"\" class=\"wp-image-2797\" srcset=\"https:\/\/www.tektrade.ee\/fi\/wp-content\/uploads\/sites\/5\/2025\/08\/ResizedImage600340-Samoa-diphragm-pumps.jpg 600w, https:\/\/www.tektrade.ee\/fi\/wp-content\/uploads\/sites\/5\/2025\/08\/ResizedImage600340-Samoa-diphragm-pumps-300x170.jpg 300w\" sizes=\"auto, (max-width: 600px) 100vw, 600px\" \/><figcaption class=\"wp-element-caption\">Paineilmalla ohjattavat kalvopumput<br><br><br><\/figcaption><\/figure>\n<\/div>\n<\/div>\n","protected":false},"featured_media":0,"parent":2794,"menu_order":74,"template":"","class_list":["post-2796","product","type-product","status-publish","hentry"],"acf":[],"_links":{"self":[{"href":"https:\/\/www.tektrade.ee\/fi\/wp-json\/wp\/v2\/product\/2796","targetHints":{"allow":["GET"]}}],"collection":[{"href":"https:\/\/www.tektrade.ee\/fi\/wp-json\/wp\/v2\/product"}],"about":[{"href":"https:\/\/www.tektrade.ee\/fi\/wp-json\/wp\/v2\/types\/product"}],"version-history":[{"count":2,"href":"https:\/\/www.tektrade.ee\/fi\/wp-json\/wp\/v2\/product\/2796\/revisions"}],"predecessor-version":[{"id":3180,"href":"https:\/\/www.tektrade.ee\/fi\/wp-json\/wp\/v2\/product\/2796\/revisions\/3180"}],"up":[{"embeddable":true,"href":"https:\/\/www.tektrade.ee\/fi\/wp-json\/wp\/v2\/product\/2794"}],"wp:attachment":[{"href":"https:\/\/www.tektrade.ee\/fi\/wp-json\/wp\/v2\/media?parent=2796"}],"curies":[{"name":"wp","href":"https:\/\/api.w.org\/{rel}","templated":true}]}}