{"id":2764,"date":"2025-08-16T12:18:23","date_gmt":"2025-08-16T09:18:23","guid":{"rendered":"https:\/\/www.tektrade.ee\/fi\/?post_type=product&#038;p=2764"},"modified":"2025-08-17T23:59:28","modified_gmt":"2025-08-17T20:59:28","slug":"ruuvipumput","status":"publish","type":"product","link":"https:\/\/www.tektrade.ee\/fi\/toutteet\/pumput\/ruuvipumput\/","title":{"rendered":"Ruuvipumput"},"content":{"rendered":"\n<p>KRAL AG-ruuvipumput on jaettu luokkiin seuraavasti:<\/p>\n\n\n\n<p><strong>K-sarja<\/strong><\/p>\n\n\n\n<div class=\"wp-block-group is-nowrap is-layout-flex wp-container-core-group-is-layout-ad2f72ca wp-block-group-is-layout-flex\">\n<div class=\"wp-block-group is-layout-constrained wp-block-group-is-layout-constrained\">\n<figure class=\"wp-block-image alignleft size-full\"><img loading=\"lazy\" decoding=\"async\" width=\"283\" height=\"200\" src=\"https:\/\/www.tektrade.ee\/fi\/wp-content\/uploads\/sites\/5\/2025\/08\/ResizedImage283200-Seeria-K.jpg\" alt=\"\" class=\"wp-image-2765\"\/><\/figure>\n<\/div>\n<\/div>\n\n\n\n<p>Virtausnopeus: 5 &#8211; 2,900&nbsp; l\/min.<br>C Virtausnopeus KFT: 5 &#8211; &nbsp;510 l\/min.<br>Maks. differentiaalinen paine: 16 bar&nbsp;<br>L\u00e4mp\u00f6tilav\u00e4li:&nbsp; -20\u00b0C &#8211; &nbsp;180\u00b0C; magneettikytkin enint.&nbsp; 300\u00b0C<br>Runko: pallografiittivalurauta EN-GJS-400&nbsp;<br>Karat: ter\u00e4s, nitridoitu<br>Sertifikaatit: ABS, BV, CCS, DNV, GL, LRS, RS, NK, RINA<br>ATEX: II 2 GD b\/c ryhm\u00e4 II, luokka 2<br>Kuumentaminen: s\u00e4hk\u00f6inen, neste ja h\u00f6yry.<\/p>\n\n\n\n<div style=\"height:30px\" aria-hidden=\"true\" class=\"wp-block-spacer\"><\/div>\n\n\n\n<p><strong>L-sarja<\/strong><\/p>\n\n\n\n<div class=\"wp-block-group is-nowrap is-layout-flex wp-container-core-group-is-layout-ad2f72ca wp-block-group-is-layout-flex\">\n<div class=\"wp-block-group is-layout-constrained wp-block-group-is-layout-constrained\">\n<figure class=\"wp-block-image alignleft size-full\"><img loading=\"lazy\" decoding=\"async\" width=\"283\" height=\"200\" src=\"https:\/\/www.tektrade.ee\/fi\/wp-content\/uploads\/sites\/5\/2025\/08\/ResizedImage283200-Seeria-L.jpg\" alt=\"\" class=\"wp-image-2766\"\/><\/figure>\n<\/div>\n<\/div>\n\n\n\n<p>Virtausnopeus: 5 &#8211; 200 l\/min.<br>Maks. differentiaalinen paine: 63 bar<br>L\u00e4mp\u00f6tilav\u00e4li: -20\u00b0C &#8211; 180\u00b0C, magneettikytkin enint. 300\u00b0C<br>Runko: pallografiittivalurauta EN-GJS-400<br>Karat: ter\u00e4s, nitridoitu<br>Sertifikaatit: ABS, BV, CCS, DNV, GL, LRS, MRS, NK, RINA, KR<br>ATEX:\u00a0\u00a0\u00a0\u00a0 II 2 GD b\/c ryhm\u00e4 II, luokka 2<br>Kuumentaminen: s\u00e4hk\u00f6inen, neste ja h\u00f6yry.<\/p>\n\n\n\n<div style=\"height:30px\" aria-hidden=\"true\" class=\"wp-block-spacer\"><\/div>\n\n\n\n<p><strong><strong><strong><strong><strong>C-sarja<\/strong><\/strong><\/strong><\/strong><\/strong><\/p>\n\n\n\n<div class=\"wp-block-group is-nowrap is-layout-flex wp-container-core-group-is-layout-ad2f72ca wp-block-group-is-layout-flex\">\n<div class=\"wp-block-group is-layout-constrained wp-block-group-is-layout-constrained\">\n<figure class=\"wp-block-image alignleft size-full\"><img loading=\"lazy\" decoding=\"async\" width=\"221\" height=\"200\" src=\"https:\/\/www.tektrade.ee\/fi\/wp-content\/uploads\/sites\/5\/2025\/08\/ResizedImage221200-Seeria-C.jpg\" alt=\"\" class=\"wp-image-2767\"\/><\/figure>\n<\/div>\n<\/div>\n\n\n\n<p>Virtausnopeus CK: 1,750\u00a0 l\/min.<br>Virtausnopeus CL: 3,550\u00a0 l\/min.<br>Virtausnopeus CG: 3,550\u00a0 l\/min.<br>L\u00e4mp\u00f6tilav\u00e4li: -20\u00b0C &#8211; 180\u00b0C, magneettikytkin enint. 300\u00b0C<br>Painev\u00e4li: 70 bar &#8211; 100 bar<br>Runko: pallografiittivalurauta, ter\u00e4s ja alumiini<br>Karat: ter\u00e4s, nitridoitu.<br>Sertifikaatit: ABS, BV, CCS, DNV, GL, LRS, MRS, NK, RINA, KR<br>ATEX: II 2 GD b\/c ryhm\u00e4 II, luokka 2<br>Kuumentaminen: S\u00e4hk\u00f6inen, neste ja h\u00f6yry<br>Valmistettu API:n mukaisesti.<\/p>\n\n\n\n<div style=\"height:30px\" aria-hidden=\"true\" class=\"wp-block-spacer\"><\/div>\n\n\n\n<p><strong><strong><strong>W-sarja<\/strong><\/strong><\/strong><\/p>\n\n\n\n<div class=\"wp-block-group is-nowrap is-layout-flex wp-container-core-group-is-layout-ad2f72ca wp-block-group-is-layout-flex\">\n<div class=\"wp-block-group is-layout-constrained wp-block-group-is-layout-constrained\">\n<figure class=\"wp-block-image alignleft size-full\"><img loading=\"lazy\" decoding=\"async\" width=\"307\" height=\"200\" src=\"https:\/\/www.tektrade.ee\/fi\/wp-content\/uploads\/sites\/5\/2025\/08\/ResizedImage307200-Seeria-W-1.jpg\" alt=\"\" class=\"wp-image-2768\" srcset=\"https:\/\/www.tektrade.ee\/fi\/wp-content\/uploads\/sites\/5\/2025\/08\/ResizedImage307200-Seeria-W-1.jpg 307w, https:\/\/www.tektrade.ee\/fi\/wp-content\/uploads\/sites\/5\/2025\/08\/ResizedImage307200-Seeria-W-1-300x195.jpg 300w\" sizes=\"auto, (max-width: 307px) 100vw, 307px\" \/><\/figure>\n<\/div>\n<\/div>\n\n\n\n<p>Virtausnopeus: 15 &#8211; 290 l\/min.<br>Maks. differentiaalinen paine: 120 bar<br>Viskoosisuus: &gt; 1 mm2\/sec<br>Maks. l\u00e4mp\u00f6tia: enint. 180\u00b0C, magneettikytkin enint. 300\u00b0C<br>Asennus: m\u00e4rk\u00e4 tai kuiva<br>Karan runko: pallografiittivalurauta EN-GJS-400, polymeerill\u00e4 p\u00e4\u00e4llystetty tai muuta materiaalia<br>Karat: ter\u00e4s, nitridoitu<\/p>\n\n\n\n<p><strong>Magneettikytkin-sarja<\/strong><\/p>\n\n\n\n<p>Virtausnopeus: 5 kuni 3550 l\/min.<br>L\u00e4mp\u00f6tilav\u00e4li:&nbsp;-20\u00b0C&nbsp;kuni 300\u00b0C &nbsp; &nbsp; &nbsp; &nbsp; &nbsp; &nbsp;<br>Paine: 100 bar<\/p>\n","protected":false},"featured_media":0,"parent":2739,"menu_order":71,"template":"","class_list":["post-2764","product","type-product","status-publish","hentry"],"acf":[],"_links":{"self":[{"href":"https:\/\/www.tektrade.ee\/fi\/wp-json\/wp\/v2\/product\/2764","targetHints":{"allow":["GET"]}}],"collection":[{"href":"https:\/\/www.tektrade.ee\/fi\/wp-json\/wp\/v2\/product"}],"about":[{"href":"https:\/\/www.tektrade.ee\/fi\/wp-json\/wp\/v2\/types\/product"}],"version-history":[{"count":2,"href":"https:\/\/www.tektrade.ee\/fi\/wp-json\/wp\/v2\/product\/2764\/revisions"}],"predecessor-version":[{"id":3175,"href":"https:\/\/www.tektrade.ee\/fi\/wp-json\/wp\/v2\/product\/2764\/revisions\/3175"}],"up":[{"embeddable":true,"href":"https:\/\/www.tektrade.ee\/fi\/wp-json\/wp\/v2\/product\/2739"}],"wp:attachment":[{"href":"https:\/\/www.tektrade.ee\/fi\/wp-json\/wp\/v2\/media?parent=2764"}],"curies":[{"name":"wp","href":"https:\/\/api.w.org\/{rel}","templated":true}]}}