{"id":2755,"date":"2025-08-16T12:11:58","date_gmt":"2025-08-16T09:11:58","guid":{"rendered":"https:\/\/www.tektrade.ee\/fi\/?post_type=product&#038;p=2755"},"modified":"2025-08-17T23:57:47","modified_gmt":"2025-08-17T20:57:47","slug":"kalkinpoistopumput-lammanvaihdinten-huuhteluun","status":"publish","type":"product","link":"https:\/\/www.tektrade.ee\/fi\/toutteet\/pumput\/kemikaalipumput\/kalkinpoistopumput-lammanvaihdinten-huuhteluun\/","title":{"rendered":"Kalkinpoistopumput l\u00e4mm\u00e4nvaihdinten huuhteluun"},"content":{"rendered":"\n<p>GEL-kalkinpoistopumput on tarkoitettu l\u00e4mm\u00f6nvaihdinten ja l\u00e4mmitysj\u00e4rjestelmien huuhteluun. Pumpulla ja pesuaineella j\u00e4rjestelm\u00e4st\u00e4 poistetaan kalkki, ruoste ja muu lika. Pumput on valmistettu muovista ja ne ovat kemikaaleja kest\u00e4vi\u00e4.<br>Pumppujen lis\u00e4ksi tarjoamme laajan valikoiman pesuaineita l\u00e4mminvaihdinten ja l\u00e4mmitysj\u00e4rjestelmien huuhteluun. Ks. lis\u00e4\u00e4 GEL-luettelosta ja KALOXI-esitteest\u00e4.<\/p>\n\n\n\n<div class=\"wp-block-file\"><a id=\"wp-block-file--media-e2354909-2edf-4c68-8d9e-3046c3bfef46\" href=\"https:\/\/www.tektrade.ee\/fi\/wp-content\/uploads\/sites\/5\/2025\/08\/GEL-GuidAcqua2017-ENG-def.pdf\" target=\"_blank\" rel=\"noreferrer noopener\">GEL-luettelo<\/a><\/div>\n\n\n\n<div class=\"wp-block-file\"><a id=\"wp-block-file--media-dbc9040d-7041-43f8-b7bc-0693474d2075\" href=\"https:\/\/www.tektrade.ee\/fi\/wp-content\/uploads\/sites\/5\/2025\/08\/Kaloxi-English-2.pdf\" target=\"_blank\" rel=\"noreferrer noopener\">KALOXI-esite<\/a><\/div>\n\n\n\n<div style=\"height:30px\" aria-hidden=\"true\" class=\"wp-block-spacer\"><\/div>\n\n\n\n<p><strong>BOY C<\/strong><\/p>\n\n\n\n<div class=\"wp-block-group is-nowrap is-layout-flex wp-container-core-group-is-layout-ad2f72ca wp-block-group-is-layout-flex\">\n<div class=\"wp-block-group is-layout-constrained wp-block-group-is-layout-constrained\">\n<figure class=\"wp-block-image alignleft size-full\"><img loading=\"lazy\" decoding=\"async\" width=\"300\" height=\"426\" src=\"https:\/\/www.tektrade.ee\/fi\/wp-content\/uploads\/sites\/5\/2025\/08\/ResizedImage300426-BOY-C-130.jpg\" alt=\"\" class=\"wp-image-2759\" srcset=\"https:\/\/www.tektrade.ee\/fi\/wp-content\/uploads\/sites\/5\/2025\/08\/ResizedImage300426-BOY-C-130.jpg 300w, https:\/\/www.tektrade.ee\/fi\/wp-content\/uploads\/sites\/5\/2025\/08\/ResizedImage300426-BOY-C-130-211x300.jpg 211w\" sizes=\"auto, (max-width: 300px) 100vw, 300px\" \/><figcaption class=\"wp-element-caption\">BOY C -PUMPPU<br><\/figcaption><\/figure>\n<\/div>\n<\/div>\n\n\n\n<div style=\"height:30px\" aria-hidden=\"true\" class=\"wp-block-spacer\"><\/div>\n\n\n\n<p>Virtauksen suunnanvaihdolla varustetut pumput:<\/p>\n\n\n\n<figure class=\"wp-block-table is-style-stripes\"><table class=\"has-fixed-layout\"><tbody><tr><td><strong>Tuote<\/strong><\/td><td><strong>S\u00e4ili\u00f6<\/strong><\/td><td><strong>Paine<\/strong><\/td><td><strong>Tuotto<\/strong><\/td><td><strong>Moottori<\/strong><\/td><td><strong>Mitat<\/strong><\/td><\/tr><tr><td>Boy C15 Super<\/td><td>15 l<\/td><td>1,2 bar<\/td><td>33&nbsp;l\/min.<\/td><td>230 V &#8211; Hp 0,20<\/td><td>35 x 48 cm<\/td><\/tr><tr><td>Boy C30<\/td><td>24 l<\/td><td>1,5&nbsp;bar<\/td><td>39&nbsp;l\/min.<\/td><td>230 V &#8211; Hp 0,45<\/td><td>40 x 63 cm<\/td><\/tr><tr><td>Boy C130<\/td><td>100 l<\/td><td>1,5&nbsp;bar<\/td><td>39&nbsp;l\/min.<\/td><td>230 V &#8211; Hp 0,45<\/td><td>53 x 70 cm<\/td><\/tr><tr><td>Boy C190<\/td><td>100 l<\/td><td>1,8&nbsp;bar<\/td><td>102 l\/min.<\/td><td>230 V &#8211; Hp 0,75<\/td><td>53 x 72 cm<\/td><\/tr><tr><td>Boy C230<\/td><td>200 l<\/td><td>1,8&nbsp;bar<\/td><td>102&nbsp;l\/min.<\/td><td>230 V &#8211; Hp 0,75<\/td><td>67 x 85 cm<\/td><\/tr><\/tbody><\/table><\/figure>\n\n\n\n<div style=\"height:30px\" aria-hidden=\"true\" class=\"wp-block-spacer\"><\/div>\n\n\n\n<p>Pumput ilman virtauksen suunnanvaihtoa:\u00a0<\/p>\n\n\n\n<figure class=\"wp-block-table is-style-stripes\"><table class=\"has-fixed-layout\"><tbody><tr><td><strong>Tuote<\/strong><\/td><td><strong>S\u00e4ili\u00f6<\/strong><\/td><td><strong>Paine<\/strong><\/td><td><strong>Tuotto<\/strong><\/td><td><strong>Moottori<\/strong><\/td><td><strong>Mitat<\/strong><\/td><\/tr><tr><td>Boy C10<\/td><td>15 l<\/td><td>1,0 bar<\/td><td>28&nbsp;l\/min.<\/td><td>230 V &#8211; Hp 0,17<\/td><td>35 x 48 cm<\/td><\/tr><tr><td>Boy C20<\/td><td>24 l<\/td><td>1,5&nbsp;bar<\/td><td>39&nbsp;l\/min.<\/td><td>230 V &#8211; Hp 0,45<\/td><td>40 x 63 cm<\/td><\/tr><tr><td>Boy C120<\/td><td>100 l<\/td><td>1,5&nbsp;bar<\/td><td>39&nbsp;l\/min.<\/td><td>230 V &#8211; Hp 0,45<\/td><td>53 x 70 cm<\/td><\/tr><tr><td>Boy C180<\/td><td>100 l<\/td><td>1,8 bar<\/td><td>102 l\/min.<\/td><td>230 V &#8211; Hp 0,75<\/td><td>53 x 72 cm<\/td><\/tr><tr><td>Boy C200<\/td><td>&#8211;<\/td><td>1,8 bar<\/td><td>330 l\/min.<\/td><td>230 V &#8211; Hp 1,5<\/td><td>25 x 45 x 25 cm<\/td><\/tr><tr><td>Boy C220<\/td><td>200 l<\/td><td>1,8&nbsp;bar<\/td><td>102 l\/min.<\/td><td>230 V &#8211; Hp 0,75<\/td><td>67 x 85 cm<\/td><\/tr><\/tbody><\/table><\/figure>\n\n\n\n<div style=\"height:30px\" aria-hidden=\"true\" class=\"wp-block-spacer\"><\/div>\n\n\n\n<p><strong>SUPER FLUSH 40<\/strong><\/p>\n\n\n\n<div class=\"wp-block-group is-nowrap is-layout-flex wp-container-core-group-is-layout-ad2f72ca wp-block-group-is-layout-flex\">\n<div class=\"wp-block-group is-layout-constrained wp-block-group-is-layout-constrained\">\n<figure class=\"wp-block-image alignleft size-full\"><img loading=\"lazy\" decoding=\"async\" width=\"300\" height=\"450\" src=\"https:\/\/www.tektrade.ee\/fi\/wp-content\/uploads\/sites\/5\/2025\/08\/ResizedImage300450-LL-SF40-2017-DSC02262.png\" alt=\"\" class=\"wp-image-2761\" srcset=\"https:\/\/www.tektrade.ee\/fi\/wp-content\/uploads\/sites\/5\/2025\/08\/ResizedImage300450-LL-SF40-2017-DSC02262.png 300w, https:\/\/www.tektrade.ee\/fi\/wp-content\/uploads\/sites\/5\/2025\/08\/ResizedImage300450-LL-SF40-2017-DSC02262-200x300.png 200w\" sizes=\"auto, (max-width: 300px) 100vw, 300px\" \/><figcaption class=\"wp-element-caption\">SUPER FLUSH 40 -PUMPPU<br><\/figcaption><\/figure>\n<\/div>\n<\/div>\n\n\n\n<figure class=\"wp-block-table is-style-stripes\"><table class=\"has-fixed-layout\"><tbody><tr><td><strong>Tuote<\/strong><\/td><td><strong>Moottori&nbsp;<\/strong><\/td><td><strong>Tuotto<\/strong><\/td><td><strong>Paine<\/strong><\/td><td><strong>Mitat&nbsp;&nbsp;<\/strong><\/td><\/tr><tr><td>Super Flush 40<\/td><td>230 V &#8211; Hp 0,75<\/td><td>102 l\/min.&nbsp;<\/td><td>1,8 bar<\/td><td>40 x 95&nbsp;x 70&nbsp;cm&nbsp;<\/td><\/tr><\/tbody><\/table><\/figure>\n\n\n\n<p><a  href=\"https:\/\/www.youtube.com\/watch?v=Rq2VQj9tZfg\"  target=\"_blank\" rel=\"noreferrer noopener\" target=\"_blank\">Super Flush 40 video<\/a><\/p>\n","protected":false},"featured_media":0,"parent":2750,"menu_order":70,"template":"","class_list":["post-2755","product","type-product","status-publish","hentry"],"acf":[],"_links":{"self":[{"href":"https:\/\/www.tektrade.ee\/fi\/wp-json\/wp\/v2\/product\/2755","targetHints":{"allow":["GET"]}}],"collection":[{"href":"https:\/\/www.tektrade.ee\/fi\/wp-json\/wp\/v2\/product"}],"about":[{"href":"https:\/\/www.tektrade.ee\/fi\/wp-json\/wp\/v2\/types\/product"}],"version-history":[{"count":5,"href":"https:\/\/www.tektrade.ee\/fi\/wp-json\/wp\/v2\/product\/2755\/revisions"}],"predecessor-version":[{"id":3171,"href":"https:\/\/www.tektrade.ee\/fi\/wp-json\/wp\/v2\/product\/2755\/revisions\/3171"}],"up":[{"embeddable":true,"href":"https:\/\/www.tektrade.ee\/fi\/wp-json\/wp\/v2\/product\/2750"}],"wp:attachment":[{"href":"https:\/\/www.tektrade.ee\/fi\/wp-json\/wp\/v2\/media?parent=2755"}],"curies":[{"name":"wp","href":"https:\/\/api.w.org\/{rel}","templated":true}]}}