{"id":2752,"date":"2025-08-16T12:11:00","date_gmt":"2025-08-16T09:11:00","guid":{"rendered":"https:\/\/www.tektrade.ee\/fi\/?post_type=product&#038;p=2752"},"modified":"2025-08-17T23:55:49","modified_gmt":"2025-08-17T20:55:49","slug":"muovivuorattu-keskipakopumpput","status":"publish","type":"product","link":"https:\/\/www.tektrade.ee\/fi\/toutteet\/pumput\/kemikaalipumput\/muovivuorattu-keskipakopumpput\/","title":{"rendered":"Muovivuorattu keskipakopumpput"},"content":{"rendered":"\n<div class=\"wp-block-group is-nowrap is-layout-flex wp-container-core-group-is-layout-ad2f72ca wp-block-group-is-layout-flex\">\n<div class=\"wp-block-group is-layout-constrained wp-block-group-is-layout-constrained\">\n<figure class=\"wp-block-image alignleft size-full\"><img loading=\"lazy\" decoding=\"async\" width=\"300\" height=\"240\" src=\"https:\/\/www.tektrade.ee\/fi\/wp-content\/uploads\/sites\/5\/2025\/08\/ResizedImage300240-MUNSCH.jpg\" alt=\"\" class=\"wp-image-2753\"\/><figcaption class=\"wp-element-caption\">Muovivuorattu keskipakopumppu<br><\/figcaption><\/figure>\n<\/div>\n<\/div>\n\n\n\n<p>Muovivuoratut kemikaalipumput ovat toimiva ratkaisu ymp\u00e4rist\u00f6n tai terveydelle haitallisten nesteiden, mm. happojen, em\u00e4sten ja hankaavia hiukkasia sis\u00e4lt\u00e4vien liuosten pumppaamiseen. &nbsp;Kemikaalipumppujen k\u00e4ytt\u00f6kohteet kattavat kemian-ja l\u00e4\u00e4keteollisuuden, elektrolyysi- ja galvanointitehtaat sek\u00e4 metallinjalostusprosessit.<\/p>\n\n\n\n<p>Ei-muovivuoratut kemikaalipumput jaetaan vaakasuuntaisiin metallitiivisteill\u00e4 varustettuihin tai magneettikytkinpumppuihin tai pystysuuntaisiin liukulaakerilla varustettuihin pumppuihin.<\/p>\n\n\n\n<p>Tarjoamme PP, PE-UHMW, PVDF materiaalista tai korroosionkest\u00e4v\u00e4st\u00e4 PFA materiaalista valmistettuja pumppuja.<\/p>\n\n\n\n<p>Tekniset tiedot:<br>Pumpattava nestem\u00e4\u00e4r\u00e4: max. 1200 m\u00b3\/h<br>Pumppauskorkeus: max. 100 m<br>Toimintal\u00e4mp\u00f6tila: -20\u00b0C max. +110 \u00b0C<br>Ty\u00f6paine: max. 10 bar<br>Liit\u00e4nt\u00e4suulakkeen halkaisija: DN 25 max. DN 250<\/p>\n","protected":false},"featured_media":0,"parent":2750,"menu_order":69,"template":"","class_list":["post-2752","product","type-product","status-publish","hentry"],"acf":[],"_links":{"self":[{"href":"https:\/\/www.tektrade.ee\/fi\/wp-json\/wp\/v2\/product\/2752","targetHints":{"allow":["GET"]}}],"collection":[{"href":"https:\/\/www.tektrade.ee\/fi\/wp-json\/wp\/v2\/product"}],"about":[{"href":"https:\/\/www.tektrade.ee\/fi\/wp-json\/wp\/v2\/types\/product"}],"version-history":[{"count":2,"href":"https:\/\/www.tektrade.ee\/fi\/wp-json\/wp\/v2\/product\/2752\/revisions"}],"predecessor-version":[{"id":3168,"href":"https:\/\/www.tektrade.ee\/fi\/wp-json\/wp\/v2\/product\/2752\/revisions\/3168"}],"up":[{"embeddable":true,"href":"https:\/\/www.tektrade.ee\/fi\/wp-json\/wp\/v2\/product\/2750"}],"wp:attachment":[{"href":"https:\/\/www.tektrade.ee\/fi\/wp-json\/wp\/v2\/media?parent=2752"}],"curies":[{"name":"wp","href":"https:\/\/api.w.org\/{rel}","templated":true}]}}