{"id":2736,"date":"2025-08-16T12:06:26","date_gmt":"2025-08-16T09:06:26","guid":{"rendered":"https:\/\/www.tektrade.ee\/fi\/?post_type=product&#038;p=2736"},"modified":"2025-08-18T00:03:13","modified_gmt":"2025-08-17T21:03:13","slug":"tarymyllyt","status":"publish","type":"product","link":"https:\/\/www.tektrade.ee\/fi\/toutteet\/jauheiden-kasittelylaitteet\/tarymyllyt\/","title":{"rendered":"T\u00e4rymyllyt"},"content":{"rendered":"\n<div class=\"wp-block-group is-nowrap is-layout-flex wp-container-core-group-is-layout-ad2f72ca wp-block-group-is-layout-flex\">\n<div class=\"wp-block-group is-layout-constrained wp-block-group-is-layout-constrained\">\n<figure class=\"wp-block-image alignleft size-full\"><img loading=\"lazy\" decoding=\"async\" width=\"305\" height=\"298\" src=\"https:\/\/www.tektrade.ee\/fi\/wp-content\/uploads\/sites\/5\/2025\/08\/Vibroveskid.jpg\" alt=\"\" class=\"wp-image-2737\" srcset=\"https:\/\/www.tektrade.ee\/fi\/wp-content\/uploads\/sites\/5\/2025\/08\/Vibroveskid.jpg 305w, https:\/\/www.tektrade.ee\/fi\/wp-content\/uploads\/sites\/5\/2025\/08\/Vibroveskid-300x293.jpg 300w\" sizes=\"auto, (max-width: 305px) 100vw, 305px\" \/><figcaption class=\"wp-element-caption\">T\u00e4rymyllyt<br><\/figcaption><\/figure>\n<\/div>\n<\/div>\n\n\n\n<p>TekTrade Baltic tuotevalikoimissa on SWECO t\u00e4rymyllyt, jossa materiaalikappaleiden jauhamiseen k\u00e4ytet\u00e4\u00e4n t\u00e4rin\u00e4n liikuttamia keraamisia kuulia, jotka jauhavat ainekappaleet hienoksi.<\/p>\n\n\n\n<p>T\u00e4ryenergian k\u00e4ytt\u00f6 on muihin hienonnusmenetelmiin verrattuna tehokkaampi menetelm\u00e4 yht\u00e4 kulutettua energiayksikk\u00f6\u00e4 kohtaan.<br>Laitteen huoltokustannukset ovat alhaisia, sill\u00e4 siin\u00e4 on v\u00e4h\u00e4n liikkuvia osia ja kotelon vuori on valmistettu kulumiskest\u00e4vist\u00e4 elastomeereista, kovametallista tai keramiikasta.<br>\u201cSWECO Vibro-Energy Mill\u201d on ainutlaatuinen laite, jossa sylinterinmuotoisten kuulien t\u00e4rin\u00e4n vaikutuksesta syntyv\u00e4 liike mahdollistaa aineen pinnan v\u00e4litt\u00f6m\u00e4n kosketuksen kuuliin ja siihen j\u00e4\u00e4 hyvin pieni vapaa alue, joten hienontaminen tapahtuu hyvin v\u00e4h\u00e4isell\u00e4 energiankulutuksella.<br>Esimerkiksi 300 mikrometrin kokoiset hiukkaset voidaan hienontaa 1 mikrometrin kokoisiksi.<br>Korkean energian toimintateholla voidaan hienontaa enint\u00e4\u00e4n 30 cm kokoisia ainekappaleita tai 1 cm kokoisia kappaleita max. 5 mikrometrin kokoisiksi kappaleiksi. Alhaisen energian toimintateholla k\u00e4ytet\u00e4\u00e4n m\u00e4rk\u00e4\u00e4 jauhatusta, mutta korkean energian toimintateholla voidaan k\u00e4ytt\u00e4\u00e4 sek\u00e4 m\u00e4rk\u00e4\u00e4 ett\u00e4 kuivaa jauhatusta.<\/p>\n","protected":false},"featured_media":0,"parent":2645,"menu_order":76,"template":"","class_list":["post-2736","product","type-product","status-publish","hentry"],"acf":[],"_links":{"self":[{"href":"https:\/\/www.tektrade.ee\/fi\/wp-json\/wp\/v2\/product\/2736","targetHints":{"allow":["GET"]}}],"collection":[{"href":"https:\/\/www.tektrade.ee\/fi\/wp-json\/wp\/v2\/product"}],"about":[{"href":"https:\/\/www.tektrade.ee\/fi\/wp-json\/wp\/v2\/types\/product"}],"version-history":[{"count":2,"href":"https:\/\/www.tektrade.ee\/fi\/wp-json\/wp\/v2\/product\/2736\/revisions"}],"predecessor-version":[{"id":3182,"href":"https:\/\/www.tektrade.ee\/fi\/wp-json\/wp\/v2\/product\/2736\/revisions\/3182"}],"up":[{"embeddable":true,"href":"https:\/\/www.tektrade.ee\/fi\/wp-json\/wp\/v2\/product\/2645"}],"wp:attachment":[{"href":"https:\/\/www.tektrade.ee\/fi\/wp-json\/wp\/v2\/media?parent=2736"}],"curies":[{"name":"wp","href":"https:\/\/api.w.org\/{rel}","templated":true}]}}