{"id":2733,"date":"2025-08-16T12:05:50","date_gmt":"2025-08-16T09:05:50","guid":{"rendered":"https:\/\/www.tektrade.ee\/fi\/?post_type=product&#038;p=2733"},"modified":"2025-08-18T00:03:36","modified_gmt":"2025-08-17T21:03:36","slug":"kartiomyllyt","status":"publish","type":"product","link":"https:\/\/www.tektrade.ee\/fi\/toutteet\/jauheiden-kasittelylaitteet\/kartiomyllyt\/","title":{"rendered":"Kartiomyllyt"},"content":{"rendered":"\n<div class=\"wp-block-group is-nowrap is-layout-flex wp-container-core-group-is-layout-ad2f72ca wp-block-group-is-layout-flex\">\n<div class=\"wp-block-group is-layout-constrained wp-block-group-is-layout-constrained\">\n<figure class=\"wp-block-image alignleft size-full\"><img loading=\"lazy\" decoding=\"async\" width=\"300\" height=\"200\" src=\"https:\/\/www.tektrade.ee\/fi\/wp-content\/uploads\/sites\/5\/2025\/08\/ResizedImage300200-Koonilised-veskid.jpg\" alt=\"\" class=\"wp-image-2734\"\/><figcaption class=\"wp-element-caption\">Kartiomylly<br><br><\/figcaption><\/figure>\n<\/div>\n<\/div>\n\n\n\n<p>Koonilised veskid on m\u00f5eldud pulbermaterjalide klompide t\u00fckeldamiseks ja pulbriterade v\u00e4hendamiseks.<br>Kartiomyllyt on tarkoitettu jauhemateriaalikokkareiden paloittelemiseen ja jauherakeiden pienent\u00e4miseen.<br>Mylly\u00e4 voidaan k\u00e4ytt\u00e4\u00e4 erillisen\u00e4 laitteena tai lopulliseen tuotantoketjuun yhdistettyn\u00e4.<br>Kartiomyllyn jauhatuskammioon sy\u00f6tett\u00e4v\u00e4 jauhe painetaan py\u00f6riv\u00e4n juoksupy\u00f6r\u00e4n avulla kartionmuotoisen seulan l\u00e4pi. Hienonnettu jauhe putoaa maan painovoiman vaikutuksesta joko alempana olevaan astiaan tai ohjataan seuraavaan ty\u00f6vaiheeseen.<br>Asetuksia muuttamalla voidaan valmistaa asiakkaan tarvitseman raekoon mukaisia jauheita. N\u00e4ihin asetuksiin k\u00e4ytet\u00e4\u00e4n:<\/p>\n\n\n\n<ol class=\"wp-block-list\">\n<li>Vaihdettavia sihtej\u00e4 (laaja valikoima erimuotoisia aukkoja, erilaiset halkaisijat ja asennot);<\/li>\n\n\n\n<li>juoksupy\u00f6r\u00e4n nopeutta voidaan muuttaa;<\/li>\n\n\n\n<li>juoksupy\u00f6r\u00e4n ja n\u00e4ytt\u00f6p\u00e4\u00e4tteen v\u00e4list\u00e4 et\u00e4isyytt\u00e4.<\/li>\n<\/ol>\n\n\n\n<p>Koska kartiomylly\u00e4 voidaan k\u00e4ytt\u00e4\u00e4 tehokkaissa prosesseissa ja hienontaa hyvin monenlaisia jauheita, mm. hauraita, tahmeita tms. aineita, sopii laite erinomaisesti k\u00e4ytett\u00e4v\u00e4ksi seuraavilla teollisuusaloilla:<\/p>\n\n\n\n<ul class=\"wp-block-list\">\n<li>l\u00e4\u00e4keteollisuus<\/li>\n\n\n\n<li>elintarviketeollisuus<\/li>\n\n\n\n<li>kemianteollisuus<\/li>\n\n\n\n<li>kosmetiikkateollisuus.<\/li>\n<\/ul>\n\n\n\n<p>L\u00e4\u00e4keteollisuudelle tarkoitetut myllyt t\u00e4ytt\u00e4v\u00e4t tiukat cGMP vaatimukset ja poikkeavat toisistaan yksityiskohtien tarkkuuden ja pintojen k\u00e4sittelytavan osalta.<br>Myllyj\u00e4 voidaan k\u00e4ytt\u00e4\u00e4 my\u00f6s r\u00e4j\u00e4hdysalttiissa vy\u00f6hykkeiss\u00e4: ATEX &nbsp;1-21 tai 2-22.<br>Myllyj\u00e4 voidaan k\u00e4ytt\u00e4\u00e4 my\u00f6s eristekaapeissa paloherkkien tai helposti hapettuvien aineiden jauhamiseen, inerttikaasua sis\u00e4lt\u00e4v\u00e4ss\u00e4 ymp\u00e4rist\u00f6ss\u00e4 ty\u00f6skennelt\u00e4ess\u00e4 ja hapen seurantalaitteessa.<\/p>\n","protected":false},"featured_media":0,"parent":2645,"menu_order":77,"template":"","class_list":["post-2733","product","type-product","status-publish","hentry"],"acf":[],"_links":{"self":[{"href":"https:\/\/www.tektrade.ee\/fi\/wp-json\/wp\/v2\/product\/2733","targetHints":{"allow":["GET"]}}],"collection":[{"href":"https:\/\/www.tektrade.ee\/fi\/wp-json\/wp\/v2\/product"}],"about":[{"href":"https:\/\/www.tektrade.ee\/fi\/wp-json\/wp\/v2\/types\/product"}],"version-history":[{"count":2,"href":"https:\/\/www.tektrade.ee\/fi\/wp-json\/wp\/v2\/product\/2733\/revisions"}],"predecessor-version":[{"id":3183,"href":"https:\/\/www.tektrade.ee\/fi\/wp-json\/wp\/v2\/product\/2733\/revisions\/3183"}],"up":[{"embeddable":true,"href":"https:\/\/www.tektrade.ee\/fi\/wp-json\/wp\/v2\/product\/2645"}],"wp:attachment":[{"href":"https:\/\/www.tektrade.ee\/fi\/wp-json\/wp\/v2\/media?parent=2733"}],"curies":[{"name":"wp","href":"https:\/\/api.w.org\/{rel}","templated":true}]}}