{"id":2730,"date":"2025-08-16T12:05:19","date_gmt":"2025-08-16T09:05:19","guid":{"rendered":"https:\/\/www.tektrade.ee\/fi\/?post_type=product&#038;p=2730"},"modified":"2025-08-18T00:03:57","modified_gmt":"2025-08-17T21:03:57","slug":"vaihtelevasti-pyorivat-myllyt","status":"publish","type":"product","link":"https:\/\/www.tektrade.ee\/fi\/toutteet\/jauheiden-kasittelylaitteet\/vaihtelevasti-pyorivat-myllyt\/","title":{"rendered":"Vaihtelevasti py\u00f6riv\u00e4t myllyt"},"content":{"rendered":"\n<div class=\"wp-block-group is-nowrap is-layout-flex wp-container-core-group-is-layout-ad2f72ca wp-block-group-is-layout-flex\">\n<div class=\"wp-block-group is-layout-constrained wp-block-group-is-layout-constrained\">\n<figure class=\"wp-block-image alignleft size-full\"><img loading=\"lazy\" decoding=\"async\" width=\"300\" height=\"270\" src=\"https:\/\/www.tektrade.ee\/fi\/wp-content\/uploads\/sites\/5\/2025\/08\/ResizedImage300270-Vahelduva-poorlemisega-veskid.jpg\" alt=\"\" class=\"wp-image-2731\"\/><figcaption class=\"wp-element-caption\">Vaihtelevasti py\u00f6riv\u00e4 mylly<br><\/figcaption><\/figure>\n<\/div>\n<\/div>\n\n\n\n<div style=\"height:30px\" aria-hidden=\"true\" class=\"wp-block-spacer\"><\/div>\n\n\n\n<p>Vaihtelevasti py\u00f6rivi\u00e4 myllyj\u00e4 k\u00e4ytet\u00e4\u00e4n l\u00e4mp\u00f6herkkien ja vaikeasti hienonnettavien tuotteiden jauhamiseen ja hiukkasten toisiinsa tarttumisen est\u00e4miseen. T\u00e4ss\u00e4 prosessissa voidaan materiaali hienontaa jauheeksi, jossa hiukkasten koko ei ylit\u00e4 250 \u03bcm. Roottorin vaihtelevasti py\u00f6riv\u00e4 liike auttaa jauhamaan homogeenisen kokoiset hiukkaset.<br>Roottori hienontaa tuotteen vaihtelevasti py\u00f6rien herk\u00e4sti verkon l\u00e4pi. Samana pysyv\u00e4 nopeus ja teho sek\u00e4 verkon iso koko varmistavat energian tasaisen siirt\u00e4misen tuotteeseen. Se v\u00e4hent\u00e4\u00e4 merkitt\u00e4v\u00e4sti riski\u00e4, ett\u00e4 tuote jauhautuu liian hienoksi. Jauhetussa tuotteessa on t\u00e4m\u00e4n johdosta hyvin pieni m\u00e4\u00e4r\u00e4 hienoja hiukkasia.<br>M\u00e4rk\u00e4\u00e4 ja kuivaa materiaalia voidaan jauhaa ja homogenisoida ja kokkareet poistetaan.<br>Tuotteen ja tavoitteenmukaisen raekokoon mukaan voidaan k\u00e4ytt\u00e4\u00e4 py\u00f6re\u00e4st\u00e4, neliskulmaisesta langasta tai rei\u2019itetyst\u00e4 levyst\u00e4 valmistettuja verkkoja.<\/p>\n","protected":false},"featured_media":0,"parent":2645,"menu_order":78,"template":"","class_list":["post-2730","product","type-product","status-publish","hentry"],"acf":[],"_links":{"self":[{"href":"https:\/\/www.tektrade.ee\/fi\/wp-json\/wp\/v2\/product\/2730","targetHints":{"allow":["GET"]}}],"collection":[{"href":"https:\/\/www.tektrade.ee\/fi\/wp-json\/wp\/v2\/product"}],"about":[{"href":"https:\/\/www.tektrade.ee\/fi\/wp-json\/wp\/v2\/types\/product"}],"version-history":[{"count":2,"href":"https:\/\/www.tektrade.ee\/fi\/wp-json\/wp\/v2\/product\/2730\/revisions"}],"predecessor-version":[{"id":3184,"href":"https:\/\/www.tektrade.ee\/fi\/wp-json\/wp\/v2\/product\/2730\/revisions\/3184"}],"up":[{"embeddable":true,"href":"https:\/\/www.tektrade.ee\/fi\/wp-json\/wp\/v2\/product\/2645"}],"wp:attachment":[{"href":"https:\/\/www.tektrade.ee\/fi\/wp-json\/wp\/v2\/media?parent=2730"}],"curies":[{"name":"wp","href":"https:\/\/api.w.org\/{rel}","templated":true}]}}