{"id":2727,"date":"2025-08-16T12:04:34","date_gmt":"2025-08-16T09:04:34","guid":{"rendered":"https:\/\/www.tektrade.ee\/fi\/?post_type=product&#038;p=2727"},"modified":"2025-08-18T00:04:25","modified_gmt":"2025-08-17T21:04:25","slug":"vasaramyllyt","status":"publish","type":"product","link":"https:\/\/www.tektrade.ee\/fi\/toutteet\/jauheiden-kasittelylaitteet\/vasaramyllyt\/","title":{"rendered":"Vasaramyllyt"},"content":{"rendered":"\n<div class=\"wp-block-group is-nowrap is-layout-flex wp-container-core-group-is-layout-ad2f72ca wp-block-group-is-layout-flex\">\n<div class=\"wp-block-group is-layout-constrained wp-block-group-is-layout-constrained\">\n<figure class=\"wp-block-image alignleft size-full\"><img loading=\"lazy\" decoding=\"async\" width=\"300\" height=\"306\" src=\"https:\/\/www.tektrade.ee\/fi\/wp-content\/uploads\/sites\/5\/2025\/08\/ResizedImage300306-Haamerveskid.jpg\" alt=\"\" class=\"wp-image-2728\" srcset=\"https:\/\/www.tektrade.ee\/fi\/wp-content\/uploads\/sites\/5\/2025\/08\/ResizedImage300306-Haamerveskid.jpg 300w, https:\/\/www.tektrade.ee\/fi\/wp-content\/uploads\/sites\/5\/2025\/08\/ResizedImage300306-Haamerveskid-294x300.jpg 294w\" sizes=\"auto, (max-width: 300px) 100vw, 300px\" \/><figcaption class=\"wp-element-caption\"><em><em>Vasaramylly<\/em><\/em><\/figcaption><\/figure>\n<\/div>\n<\/div>\n\n\n\n<div style=\"height:30px\" aria-hidden=\"true\" class=\"wp-block-spacer\"><\/div>\n\n\n\n<p>Vasaramyllyj\u00e4 k\u00e4ytet\u00e4\u00e4n irtomateriaalien jauhatukseen. T\u00e4h\u00e4n k\u00e4ytet\u00e4\u00e4n nk. vasaroita, jotka on kiinnitetty py\u00f6riv\u00e4\u00e4n akseliin ja jotka py\u00f6riv\u00e4t suurilla nopeuksilla suljetussa kammiossa. Materiaali hienonnetaan vasaroiden, materiaalin ja seinien toistuvien t\u00f6rm\u00e4ysten johdosta. Myllyn poistoaukon edess\u00e4 on seula tai s\u00e4leikk\u00f6. Materiaalia murskataan kammiossa niin pitk\u00e4\u00e4n, kunnes on saatu sopivan kokoiset hiukkaset, jotka poistuvat seulan aukkojen kautta. Painavat materiaalit, mm. lasi, kivi tai metalli, poistuvat myllyst\u00e4 maan painovoiman vaikutuksesta. Kevyempien tuotteiden, kuten puun, paperin tai muun alhaisen tilavuusmassan tuotteiden kohdalla k\u00e4ytet\u00e4\u00e4n lis\u00e4ksi paineilmalla toimivaa kuljetusta.<\/p>\n","protected":false},"featured_media":0,"parent":2645,"menu_order":79,"template":"","class_list":["post-2727","product","type-product","status-publish","hentry"],"acf":[],"_links":{"self":[{"href":"https:\/\/www.tektrade.ee\/fi\/wp-json\/wp\/v2\/product\/2727","targetHints":{"allow":["GET"]}}],"collection":[{"href":"https:\/\/www.tektrade.ee\/fi\/wp-json\/wp\/v2\/product"}],"about":[{"href":"https:\/\/www.tektrade.ee\/fi\/wp-json\/wp\/v2\/types\/product"}],"version-history":[{"count":2,"href":"https:\/\/www.tektrade.ee\/fi\/wp-json\/wp\/v2\/product\/2727\/revisions"}],"predecessor-version":[{"id":3185,"href":"https:\/\/www.tektrade.ee\/fi\/wp-json\/wp\/v2\/product\/2727\/revisions\/3185"}],"up":[{"embeddable":true,"href":"https:\/\/www.tektrade.ee\/fi\/wp-json\/wp\/v2\/product\/2645"}],"wp:attachment":[{"href":"https:\/\/www.tektrade.ee\/fi\/wp-json\/wp\/v2\/media?parent=2727"}],"curies":[{"name":"wp","href":"https:\/\/api.w.org\/{rel}","templated":true}]}}