{"id":2723,"date":"2025-08-16T12:03:22","date_gmt":"2025-08-16T09:03:22","guid":{"rendered":"https:\/\/www.tektrade.ee\/fi\/?post_type=product&#038;p=2723"},"modified":"2025-08-18T00:04:43","modified_gmt":"2025-08-17T21:04:43","slug":"rumpusekoittimet","status":"publish","type":"product","link":"https:\/\/www.tektrade.ee\/fi\/toutteet\/jauheiden-kasittelylaitteet\/rumpusekoittimet\/","title":{"rendered":"Rumpusekoittimet"},"content":{"rendered":"\n<div class=\"wp-block-group is-nowrap is-layout-flex wp-container-core-group-is-layout-ad2f72ca wp-block-group-is-layout-flex\">\n<div class=\"wp-block-group is-layout-constrained wp-block-group-is-layout-constrained\">\n<figure class=\"wp-block-image alignleft size-full\"><img loading=\"lazy\" decoding=\"async\" width=\"300\" height=\"354\" src=\"https:\/\/www.tektrade.ee\/fi\/wp-content\/uploads\/sites\/5\/2025\/08\/ResizedImage300354-Trummelsegistid2.jpg\" alt=\"\" class=\"wp-image-2725\" srcset=\"https:\/\/www.tektrade.ee\/fi\/wp-content\/uploads\/sites\/5\/2025\/08\/ResizedImage300354-Trummelsegistid2.jpg 300w, https:\/\/www.tektrade.ee\/fi\/wp-content\/uploads\/sites\/5\/2025\/08\/ResizedImage300354-Trummelsegistid2-254x300.jpg 254w\" sizes=\"auto, (max-width: 300px) 100vw, 300px\" \/><figcaption class=\"wp-element-caption\">Rumpusekoitin<br><\/figcaption><\/figure>\n<\/div>\n<\/div>\n\n\n\n<p>Rumpusekoittimen eli blenderin avulla voidaan sekoittaa nesteist\u00e4 ja jauhemaisia aineita. Sekoittimen liikkuvana osana on py\u00f6riv\u00e4 rumpu ja sekoittimessa k\u00e4ytet\u00e4\u00e4n sekoitettavien aineiden mukaan erilaisia rummun py\u00f6rimisnopeuksia. Rummun sis\u00e4ll\u00e4 voivat olla my\u00f6s sekoitussiivet, joiden avulla nostetaan ja pudotetaan sekoitettavat aineet uudelleen pohjaan.<\/p>\n","protected":false},"featured_media":0,"parent":2645,"menu_order":80,"template":"","class_list":["post-2723","product","type-product","status-publish","hentry"],"acf":[],"_links":{"self":[{"href":"https:\/\/www.tektrade.ee\/fi\/wp-json\/wp\/v2\/product\/2723","targetHints":{"allow":["GET"]}}],"collection":[{"href":"https:\/\/www.tektrade.ee\/fi\/wp-json\/wp\/v2\/product"}],"about":[{"href":"https:\/\/www.tektrade.ee\/fi\/wp-json\/wp\/v2\/types\/product"}],"version-history":[{"count":3,"href":"https:\/\/www.tektrade.ee\/fi\/wp-json\/wp\/v2\/product\/2723\/revisions"}],"predecessor-version":[{"id":3186,"href":"https:\/\/www.tektrade.ee\/fi\/wp-json\/wp\/v2\/product\/2723\/revisions\/3186"}],"up":[{"embeddable":true,"href":"https:\/\/www.tektrade.ee\/fi\/wp-json\/wp\/v2\/product\/2645"}],"wp:attachment":[{"href":"https:\/\/www.tektrade.ee\/fi\/wp-json\/wp\/v2\/media?parent=2723"}],"curies":[{"name":"wp","href":"https:\/\/api.w.org\/{rel}","templated":true}]}}