{"id":2720,"date":"2025-08-16T12:02:55","date_gmt":"2025-08-16T09:02:55","guid":{"rendered":"https:\/\/www.tektrade.ee\/fi\/?post_type=product&#038;p=2720"},"modified":"2025-08-18T00:05:04","modified_gmt":"2025-08-17T21:05:04","slug":"kartiosekoittimet","status":"publish","type":"product","link":"https:\/\/www.tektrade.ee\/fi\/toutteet\/jauheiden-kasittelylaitteet\/kartiosekoittimet\/","title":{"rendered":"Kartiosekoittimet"},"content":{"rendered":"\n<div class=\"wp-block-group is-nowrap is-layout-flex wp-container-core-group-is-layout-ad2f72ca wp-block-group-is-layout-flex\">\n<div class=\"wp-block-group is-layout-constrained wp-block-group-is-layout-constrained\">\n<figure class=\"wp-block-image alignleft size-full\"><img loading=\"lazy\" decoding=\"async\" width=\"250\" height=\"269\" src=\"https:\/\/www.tektrade.ee\/fi\/wp-content\/uploads\/sites\/5\/2025\/08\/ResizedImage250269-Koonusmikser.jpg\" alt=\"\" class=\"wp-image-2721\"\/><figcaption class=\"wp-element-caption\"><em>Kartiosekoitin<br><\/em><\/figcaption><\/figure>\n<\/div>\n<\/div>\n\n\n\n<p>Kartiosekoitin on sekoitin, joka koostuu kartionmuotoisesta astiasta ja py\u00f6riv\u00e4st\u00e4 ruuvista. Ruuvi py\u00f6rii akselinsa ymp\u00e4rill\u00e4 ja liikkuu samalla pitkin kartionmuotoisen astian sis\u00e4sein\u00e4\u00e4. Ruuvi nostaa sekoitettavan tuotteen pystysuoraan alhaalta yl\u00f6s ja tuote valuu vapaasti virraten uudelleen alas.<\/p>\n\n\n\n<p>Edut:<\/p>\n\n\n\n<ul class=\"wp-block-list\">\n<li>alhainen energiankulutus, koska ruuvi ei siirr\u00e4 sekoitusastiassa olevaa koko tuotemassaa kerrallaan<\/li>\n\n\n\n<li>tuote l\u00e4mpenee hyvin v\u00e4h\u00e4n<\/li>\n\n\n\n<li>Hell\u00e4varainen sekoitus, joka ei vahingoita tuotetta<\/li>\n\n\n\n<li>Astian t\u00e4ydellinen tyhjentyminen tuotteesta<\/li>\n\n\n\n<li>Voidaan sekoittaa pienempi\u00e4 m\u00e4\u00e4r\u00e4 kuin astian maksimitilavuus mahdollistaisi.<\/li>\n<\/ul>\n","protected":false},"featured_media":0,"parent":2645,"menu_order":81,"template":"","class_list":["post-2720","product","type-product","status-publish","hentry"],"acf":[],"_links":{"self":[{"href":"https:\/\/www.tektrade.ee\/fi\/wp-json\/wp\/v2\/product\/2720","targetHints":{"allow":["GET"]}}],"collection":[{"href":"https:\/\/www.tektrade.ee\/fi\/wp-json\/wp\/v2\/product"}],"about":[{"href":"https:\/\/www.tektrade.ee\/fi\/wp-json\/wp\/v2\/types\/product"}],"version-history":[{"count":2,"href":"https:\/\/www.tektrade.ee\/fi\/wp-json\/wp\/v2\/product\/2720\/revisions"}],"predecessor-version":[{"id":3187,"href":"https:\/\/www.tektrade.ee\/fi\/wp-json\/wp\/v2\/product\/2720\/revisions\/3187"}],"up":[{"embeddable":true,"href":"https:\/\/www.tektrade.ee\/fi\/wp-json\/wp\/v2\/product\/2645"}],"wp:attachment":[{"href":"https:\/\/www.tektrade.ee\/fi\/wp-json\/wp\/v2\/media?parent=2720"}],"curies":[{"name":"wp","href":"https:\/\/api.w.org\/{rel}","templated":true}]}}