{"id":2717,"date":"2025-08-16T12:02:25","date_gmt":"2025-08-16T09:02:25","guid":{"rendered":"https:\/\/www.tektrade.ee\/fi\/?post_type=product&#038;p=2717"},"modified":"2025-08-18T00:05:25","modified_gmt":"2025-08-17T21:05:25","slug":"pyorrekerrostussekoittimet","status":"publish","type":"product","link":"https:\/\/www.tektrade.ee\/fi\/toutteet\/jauheiden-kasittelylaitteet\/pyorrekerrostussekoittimet\/","title":{"rendered":"Py\u00f6rrekerrostussekoittimet"},"content":{"rendered":"\n<div class=\"wp-block-group is-nowrap is-layout-flex wp-container-core-group-is-layout-ad2f72ca wp-block-group-is-layout-flex\">\n<div class=\"wp-block-group is-layout-constrained wp-block-group-is-layout-constrained\">\n<figure class=\"wp-block-image alignleft size-full\"><img loading=\"lazy\" decoding=\"async\" width=\"300\" height=\"211\" src=\"https:\/\/www.tektrade.ee\/fi\/wp-content\/uploads\/sites\/5\/2025\/08\/ResizedImage300211-Pseudoveeldusmikserid.jpg\" alt=\"\" class=\"wp-image-2718\"\/><figcaption class=\"wp-element-caption\"><em><em>Pseudonesteytyssekoitin<\/em><\/em><\/figcaption><\/figure>\n<\/div>\n<\/div>\n\n\n\n<p>Py\u00f6rrekerrostus (eli pseudonesteytys) on samanlainen prosessi kuin nesteytys, jossa rakeinen materiaali muunnetaan staattisen kiinte\u00e4st\u00e4 muodosta dynaamiseen nestem\u00e4isen tilaan. T\u00e4m\u00e4 prosessi tapahtuu silloin, kun ilma tai kaasu l\u00e4p\u00e4isee rakeisen materiaalin alhaalta yl\u00f6sp\u00e4in liikkuen.<br>Kun kaasu- tai ilmavuoro l\u00e4p\u00e4isee alhaalta yl\u00f6sp\u00e4in liikkuen kiinteiden hiukkasten kerroksen, se liikkuu hiukkasten v\u00e4lisen tyhj\u00e4tilan kautta. Virtausnopeuksien kasvaessa alkavat aerodynaamiset voimat kilpailla maan painovoimien kanssa, aiheuttaen t\u00e4ten kerroksen tilavuuden suurentumisen, koska hiukkaset liikkuvat eroon toisistaan. Kaasu- ja ilmavirran nopeuden edelleen kasvaessa saavutetaan kriittinen arvo, jossa yl\u00f6sp\u00e4in kohdistettu ty\u00f6nt\u00f6voima on t\u00e4sm\u00e4lleen sama kuin alasp\u00e4in suunnattu maan painovoima, joka tekee hiukkasista virtaavia. T\u00e4m\u00e4n kriittisen arvon kohdalla alkaa materiaali k\u00e4ytt\u00e4yty\u00e4 nesteen tavoin. T\u00e4ss\u00e4 tilassa olevaa materiaalia on helppo sekoittaa, koska se on kevytt\u00e4 ja se antaa samalla merkitt\u00e4v\u00e4n energians\u00e4\u00e4st\u00f6n.<\/p>\n","protected":false},"featured_media":0,"parent":2645,"menu_order":82,"template":"","class_list":["post-2717","product","type-product","status-publish","hentry"],"acf":[],"_links":{"self":[{"href":"https:\/\/www.tektrade.ee\/fi\/wp-json\/wp\/v2\/product\/2717","targetHints":{"allow":["GET"]}}],"collection":[{"href":"https:\/\/www.tektrade.ee\/fi\/wp-json\/wp\/v2\/product"}],"about":[{"href":"https:\/\/www.tektrade.ee\/fi\/wp-json\/wp\/v2\/types\/product"}],"version-history":[{"count":2,"href":"https:\/\/www.tektrade.ee\/fi\/wp-json\/wp\/v2\/product\/2717\/revisions"}],"predecessor-version":[{"id":3188,"href":"https:\/\/www.tektrade.ee\/fi\/wp-json\/wp\/v2\/product\/2717\/revisions\/3188"}],"up":[{"embeddable":true,"href":"https:\/\/www.tektrade.ee\/fi\/wp-json\/wp\/v2\/product\/2645"}],"wp:attachment":[{"href":"https:\/\/www.tektrade.ee\/fi\/wp-json\/wp\/v2\/media?parent=2717"}],"curies":[{"name":"wp","href":"https:\/\/api.w.org\/{rel}","templated":true}]}}