{"id":2714,"date":"2025-08-16T12:01:53","date_gmt":"2025-08-16T09:01:53","guid":{"rendered":"https:\/\/www.tektrade.ee\/fi\/?post_type=product&#038;p=2714"},"modified":"2025-08-18T00:05:44","modified_gmt":"2025-08-17T21:05:44","slug":"ruuvikuljettimet","status":"publish","type":"product","link":"https:\/\/www.tektrade.ee\/fi\/toutteet\/jauheiden-kasittelylaitteet\/ruuvikuljettimet\/","title":{"rendered":"Ruuvikuljettimet"},"content":{"rendered":"\n<div class=\"wp-block-group is-nowrap is-layout-flex wp-container-core-group-is-layout-ad2f72ca wp-block-group-is-layout-flex\">\n<div class=\"wp-block-group is-layout-constrained wp-block-group-is-layout-constrained\">\n<figure class=\"wp-block-image alignleft size-full\"><img loading=\"lazy\" decoding=\"async\" width=\"150\" height=\"142\" src=\"https:\/\/www.tektrade.ee\/fi\/wp-content\/uploads\/sites\/5\/2025\/08\/ResizedImage150142-Kruvikonveierid.jpg\" alt=\"\" class=\"wp-image-2715\"\/><figcaption class=\"wp-element-caption\"><em>Ruuvikuljetin<br><\/em><\/figcaption><\/figure>\n<\/div>\n<\/div>\n\n\n\n<p>Ruuvikuljettimet on tarkoitettu irtotavaran ja materiaalij\u00e4\u00e4mien kuljettamiseen siiloista, tyhjennyss\u00e4ili\u00f6ist\u00e4 tai toisella tavalla, materiaalien sy\u00f6tt\u00e4miseen siiloon tai s\u00e4ili\u00f6\u00f6n.<br>Ruuvikuljettimia valmistetaan yleens\u00e4 kahtena eri versiona \u2013 kourukuljetin (p\u00e4\u00e4lt\u00e4 avoin) tai putkikuljetin (p\u00e4\u00e4lt\u00e4 suljettu).<br>Kaksisuuntaisena toimiva ruuvikuljetin mahdollistaa materiaalien kuljettamisen molempiin suuntiin. Kun ruuvin py\u00f6rimissuuntaa muutetaan, muuttuu my\u00f6s materiaalin liikkumissuunta.<\/p>\n","protected":false},"featured_media":0,"parent":2645,"menu_order":83,"template":"","class_list":["post-2714","product","type-product","status-publish","hentry"],"acf":[],"_links":{"self":[{"href":"https:\/\/www.tektrade.ee\/fi\/wp-json\/wp\/v2\/product\/2714","targetHints":{"allow":["GET"]}}],"collection":[{"href":"https:\/\/www.tektrade.ee\/fi\/wp-json\/wp\/v2\/product"}],"about":[{"href":"https:\/\/www.tektrade.ee\/fi\/wp-json\/wp\/v2\/types\/product"}],"version-history":[{"count":2,"href":"https:\/\/www.tektrade.ee\/fi\/wp-json\/wp\/v2\/product\/2714\/revisions"}],"predecessor-version":[{"id":3189,"href":"https:\/\/www.tektrade.ee\/fi\/wp-json\/wp\/v2\/product\/2714\/revisions\/3189"}],"up":[{"embeddable":true,"href":"https:\/\/www.tektrade.ee\/fi\/wp-json\/wp\/v2\/product\/2645"}],"wp:attachment":[{"href":"https:\/\/www.tektrade.ee\/fi\/wp-json\/wp\/v2\/media?parent=2714"}],"curies":[{"name":"wp","href":"https:\/\/api.w.org\/{rel}","templated":true}]}}