{"id":2711,"date":"2025-08-16T12:01:21","date_gmt":"2025-08-16T09:01:21","guid":{"rendered":"https:\/\/www.tektrade.ee\/fi\/?post_type=product&#038;p=2711"},"modified":"2025-08-18T00:06:04","modified_gmt":"2025-08-17T21:06:04","slug":"keskipakoseulat","status":"publish","type":"product","link":"https:\/\/www.tektrade.ee\/fi\/toutteet\/jauheiden-kasittelylaitteet\/keskipakoseulat\/","title":{"rendered":"Keskipakoseulat"},"content":{"rendered":"\n<div class=\"wp-block-group is-nowrap is-layout-flex wp-container-core-group-is-layout-ad2f72ca wp-block-group-is-layout-flex\">\n<div class=\"wp-block-group is-layout-constrained wp-block-group-is-layout-constrained\">\n<figure class=\"wp-block-image alignleft size-full\"><img loading=\"lazy\" decoding=\"async\" width=\"300\" height=\"293\" src=\"https:\/\/www.tektrade.ee\/fi\/wp-content\/uploads\/sites\/5\/2025\/08\/ResizedImage300293-Tsentrifugaalsoelad.jpg\" alt=\"\" class=\"wp-image-2712\"\/><figcaption class=\"wp-element-caption\"><em><em>Keskipakoseula<\/em><\/em><\/figcaption><\/figure>\n<\/div>\n<\/div>\n\n\n\n<p>Seulottava tuote sy\u00f6tet\u00e4\u00e4n laitteeseen ruuvikuljettimen avulla, joka kuljettaa jauheen py\u00f6riv\u00e4\u00e4n seulontakammioon. Py\u00f6riv\u00e4t siivet generoivat keskipakovoiman ja jauhe kuljetetaan eteenp\u00e4in korikehyksen avulla. Seulan aukkoa pienemm\u00e4t hiukkaset l\u00e4p\u00e4isev\u00e4t seulan ja poistuvat hienojen hiukkasten siiloon. Seulan aukkoa suuremmat tuotteet kuljetaan korikehyksen avulla toiseen siiloon.<br>T\u00e4llaista laitetta k\u00e4ytet\u00e4\u00e4n yleens\u00e4 isojen jauhem\u00e4\u00e4rien seulomiseen (tai tarkastusseulontaan), jossa seulan l\u00e4p\u00e4isev\u00e4n tuotteen m\u00e4\u00e4r\u00e4 on pieni.<\/p>\n","protected":false},"featured_media":0,"parent":2645,"menu_order":84,"template":"","class_list":["post-2711","product","type-product","status-publish","hentry"],"acf":[],"_links":{"self":[{"href":"https:\/\/www.tektrade.ee\/fi\/wp-json\/wp\/v2\/product\/2711","targetHints":{"allow":["GET"]}}],"collection":[{"href":"https:\/\/www.tektrade.ee\/fi\/wp-json\/wp\/v2\/product"}],"about":[{"href":"https:\/\/www.tektrade.ee\/fi\/wp-json\/wp\/v2\/types\/product"}],"version-history":[{"count":2,"href":"https:\/\/www.tektrade.ee\/fi\/wp-json\/wp\/v2\/product\/2711\/revisions"}],"predecessor-version":[{"id":3190,"href":"https:\/\/www.tektrade.ee\/fi\/wp-json\/wp\/v2\/product\/2711\/revisions\/3190"}],"up":[{"embeddable":true,"href":"https:\/\/www.tektrade.ee\/fi\/wp-json\/wp\/v2\/product\/2645"}],"wp:attachment":[{"href":"https:\/\/www.tektrade.ee\/fi\/wp-json\/wp\/v2\/media?parent=2711"}],"curies":[{"name":"wp","href":"https:\/\/api.w.org\/{rel}","templated":true}]}}