{"id":2701,"date":"2025-08-16T12:00:23","date_gmt":"2025-08-16T09:00:23","guid":{"rendered":"https:\/\/www.tektrade.ee\/fi\/?post_type=product&#038;p=2701"},"modified":"2025-08-18T00:06:54","modified_gmt":"2025-08-17T21:06:54","slug":"tasoseulat","status":"publish","type":"product","link":"https:\/\/www.tektrade.ee\/fi\/toutteet\/jauheiden-kasittelylaitteet\/tasoseulat\/","title":{"rendered":"Tasoseulat"},"content":{"rendered":"\n<p>Tasoseuloja k\u00e4ytet\u00e4\u00e4n nesteiden liasta tai kiinteist\u00e4 partikkeleista suodattamiseen ja koon mukaan lajittelemiseen. Prosessi perustuu seoksen t\u00e4rytt\u00e4miseen ja erotettavien partikkelien maan painovoiman avulla poistamiseen. Partikkelit erotetaan sihdeill\u00e4, joiden aukon koko vaihtelee. Eri raekokojen mukaan lajittelemiseen k\u00e4ytet\u00e4\u00e4n sihtimoduulij\u00e4rjestelm\u00e4\u00e4.\u00a0<\/p>\n\n\n\n<div class=\"wp-block-group is-layout-grid wp-container-core-group-is-layout-baef362d wp-block-group-is-layout-grid\">\n<div class=\"wp-block-group is-content-justification-left is-layout-constrained wp-container-core-group-is-layout-8c890d92 wp-block-group-is-layout-constrained\">\n<figure class=\"wp-block-image aligncenter size-full\"><img loading=\"lazy\" decoding=\"async\" width=\"253\" height=\"250\" src=\"https:\/\/www.tektrade.ee\/fi\/wp-content\/uploads\/sites\/5\/2025\/08\/ResizedImage253250-Moodul-1.jpg\" alt=\"\" class=\"wp-image-2702\" srcset=\"https:\/\/www.tektrade.ee\/fi\/wp-content\/uploads\/sites\/5\/2025\/08\/ResizedImage253250-Moodul-1.jpg 253w, https:\/\/www.tektrade.ee\/fi\/wp-content\/uploads\/sites\/5\/2025\/08\/ResizedImage253250-Moodul-1-100x100.jpg 100w\" sizes=\"auto, (max-width: 253px) 100vw, 253px\" \/><figcaption class=\"wp-element-caption\">Erottaminen koon mukaan. Sihtimoduulij\u00e4rjestelm\u00e4.<br><\/figcaption><\/figure>\n<\/div>\n\n\n\n<div class=\"wp-block-group is-layout-constrained wp-block-group-is-layout-constrained\">\n<figure class=\"wp-block-image aligncenter size-full\"><img loading=\"lazy\" decoding=\"async\" width=\"286\" height=\"250\" src=\"https:\/\/www.tektrade.ee\/fi\/wp-content\/uploads\/sites\/5\/2025\/08\/ResizedImage286250-Filtreerimine-1.jpg\" alt=\"\" class=\"wp-image-2703\"\/><figcaption class=\"wp-element-caption\"><em><em>Suodatus<\/em><\/em><\/figcaption><\/figure>\n<\/div>\n<\/div>\n\n\n\n<div style=\"height:30px\" aria-hidden=\"true\" class=\"wp-block-spacer\"><\/div>\n\n\n\n<p>Laitteeseen yhdistet\u00e4\u00e4n tarvittaessa CIP (&#8221;clean in place&#8221;) j\u00e4rjestelm\u00e4 tai siihen tehd\u00e4\u00e4n r\u00e4j\u00e4hdysalttiissa ATEX-ymp\u00e4rist\u00f6ss\u00e4 k\u00e4ytt\u00e4misen edellytt\u00e4m\u00e4t muunnokset.<\/p>\n\n\n\n<p>SWECO-tasoseuloja k\u00e4ytet\u00e4\u00e4n puutavarateollisuudessa, pesuloissa, kemian- ja l\u00e4\u00e4keteollisuudessa, paperiteollisuudessa, elintarviketeollisuudessa ja olutpanimoissa, mutta my\u00f6s j\u00e4teveden puhdistamiseen kiinteist\u00e4 partikkeleista ja kuiduista.<\/p>\n\n\n\n<p>Tasoseulat jaetaan ty\u00f6tason eli sihdin muodon mukaan kahteen tyyppiin: py\u00f6re\u00e4t ja neliskulmaiset tasoseulat.<\/p>\n\n\n\n<div class=\"wp-block-group is-nowrap is-layout-flex wp-container-core-group-is-layout-ad2f72ca wp-block-group-is-layout-flex\">\n<div class=\"wp-block-group is-layout-constrained wp-block-group-is-layout-constrained\">\n<figure class=\"wp-block-image alignleft size-full\"><img loading=\"lazy\" decoding=\"async\" width=\"189\" height=\"150\" src=\"https:\/\/www.tektrade.ee\/fi\/wp-content\/uploads\/sites\/5\/2025\/08\/ResizedImage189150-Umara-kujuga-vibro-separaator-1.jpg\" alt=\"\" class=\"wp-image-2704\"\/><figcaption class=\"wp-element-caption\">Py\u00f6re\u00e4 tasoseula<br><\/figcaption><\/figure>\n<\/div>\n<\/div>\n\n\n\n<div class=\"wp-block-group is-layout-grid wp-container-core-group-is-layout-baef362d wp-block-group-is-layout-grid\">\n<div class=\"wp-block-group is-content-justification-left is-layout-constrained wp-container-core-group-is-layout-8c890d92 wp-block-group-is-layout-constrained\">\n<figure class=\"wp-block-image aligncenter size-full\"><img loading=\"lazy\" decoding=\"async\" width=\"303\" height=\"150\" src=\"https:\/\/www.tektrade.ee\/fi\/wp-content\/uploads\/sites\/5\/2025\/08\/ResizedImage303150-GyraMax-Vibro-separaator-1.jpg\" alt=\"\" class=\"wp-image-2705\" srcset=\"https:\/\/www.tektrade.ee\/fi\/wp-content\/uploads\/sites\/5\/2025\/08\/ResizedImage303150-GyraMax-Vibro-separaator-1.jpg 303w, https:\/\/www.tektrade.ee\/fi\/wp-content\/uploads\/sites\/5\/2025\/08\/ResizedImage303150-GyraMax-Vibro-separaator-1-300x150.jpg 300w\" sizes=\"auto, (max-width: 303px) 100vw, 303px\" \/><figcaption class=\"wp-element-caption\">Neliskulmainen GyraMax tasoseula<br><\/figcaption><\/figure>\n<\/div>\n\n\n\n<div class=\"wp-block-group is-layout-constrained wp-block-group-is-layout-constrained\">\n<figure class=\"wp-block-image aligncenter size-full\"><img loading=\"lazy\" decoding=\"async\" width=\"173\" height=\"150\" src=\"https:\/\/www.tektrade.ee\/fi\/wp-content\/uploads\/sites\/5\/2025\/08\/ResizedImage173150-Vibroseparaatorid-1.jpg\" alt=\"\" class=\"wp-image-2706\"\/><figcaption class=\"wp-element-caption\">Neliskulmainen tasoseula<br><\/figcaption><\/figure>\n<\/div>\n<\/div>\n\n\n\n<div class=\"wp-block-file\"><a id=\"wp-block-file--media-ac504117-57de-44fd-ad2a-4b7355fa54ec\" href=\"https:\/\/www.tektrade.ee\/fi\/wp-content\/uploads\/sites\/5\/2025\/08\/Sweco-round-separator-1.pdf\" target=\"_blank\" rel=\"noreferrer noopener\">Py\u00f6re\u00e4 tasoseula<\/a><\/div>\n\n\n\n<div class=\"wp-block-file\"><a id=\"wp-block-file--media-906d708e-e99e-4dcb-843b-70377ec71c37\" href=\"https:\/\/www.tektrade.ee\/fi\/wp-content\/uploads\/sites\/5\/2025\/08\/Sweco-rectangular-separator-1.pdf\" target=\"_blank\" rel=\"noreferrer noopener\">Neliskulmainen tasoseula<\/a><\/div>\n\n\n\n<p>Tarjoamme laitteen ostajalle my\u00f6s kaikkia varaosia ja sihtej\u00e4.<\/p>\n\n\n\n<div class=\"wp-block-group is-nowrap is-layout-flex wp-container-core-group-is-layout-ad2f72ca wp-block-group-is-layout-flex\">\n<div class=\"wp-block-group is-layout-constrained wp-block-group-is-layout-constrained\">\n<figure class=\"wp-block-image alignleft size-full\"><img loading=\"lazy\" decoding=\"async\" width=\"275\" height=\"200\" src=\"https:\/\/www.tektrade.ee\/fi\/wp-content\/uploads\/sites\/5\/2025\/08\/ResizedImage275200-Vibroseparaator-soelad-1.jpg\" alt=\"\" class=\"wp-image-2709\"\/><figcaption class=\"wp-element-caption\">Esimerkkej\u00e4 sihdeist\u00e4<br><br><br><\/figcaption><\/figure>\n<\/div>\n<\/div>\n","protected":false},"featured_media":0,"parent":2645,"menu_order":85,"template":"","class_list":["post-2701","product","type-product","status-publish","hentry"],"acf":[],"_links":{"self":[{"href":"https:\/\/www.tektrade.ee\/fi\/wp-json\/wp\/v2\/product\/2701","targetHints":{"allow":["GET"]}}],"collection":[{"href":"https:\/\/www.tektrade.ee\/fi\/wp-json\/wp\/v2\/product"}],"about":[{"href":"https:\/\/www.tektrade.ee\/fi\/wp-json\/wp\/v2\/types\/product"}],"version-history":[{"count":3,"href":"https:\/\/www.tektrade.ee\/fi\/wp-json\/wp\/v2\/product\/2701\/revisions"}],"predecessor-version":[{"id":3191,"href":"https:\/\/www.tektrade.ee\/fi\/wp-json\/wp\/v2\/product\/2701\/revisions\/3191"}],"up":[{"embeddable":true,"href":"https:\/\/www.tektrade.ee\/fi\/wp-json\/wp\/v2\/product\/2645"}],"wp:attachment":[{"href":"https:\/\/www.tektrade.ee\/fi\/wp-json\/wp\/v2\/media?parent=2701"}],"curies":[{"name":"wp","href":"https:\/\/api.w.org\/{rel}","templated":true}]}}