{"id":2698,"date":"2025-08-16T11:57:49","date_gmt":"2025-08-16T08:57:49","guid":{"rendered":"https:\/\/www.tektrade.ee\/fi\/?post_type=product&#038;p=2698"},"modified":"2025-08-18T00:07:23","modified_gmt":"2025-08-17T21:07:23","slug":"vakiomalliset-seulat","status":"publish","type":"product","link":"https:\/\/www.tektrade.ee\/fi\/toutteet\/jauheiden-kasittelylaitteet\/vakiomalliset-seulat\/","title":{"rendered":"Vakiomalliset seulat"},"content":{"rendered":"\n<div class=\"wp-block-group is-nowrap is-layout-flex wp-container-core-group-is-layout-ad2f72ca wp-block-group-is-layout-flex\">\n<div class=\"wp-block-group is-layout-constrained wp-block-group-is-layout-constrained\">\n<figure class=\"wp-block-image alignleft size-full\"><img loading=\"lazy\" decoding=\"async\" width=\"250\" height=\"218\" src=\"https:\/\/www.tektrade.ee\/fi\/wp-content\/uploads\/sites\/5\/2025\/08\/ResizedImage250218-Statsionaarsed-soelad.jpg\" alt=\"\" class=\"wp-image-2699\"\/><figcaption class=\"wp-element-caption\"><em>Vakiomallinen seula<br><\/em><\/figcaption><\/figure>\n<\/div>\n<\/div>\n\n\n\n<p>Vakiomalliset seulat on tarkoitettu kiinteiden aineiden nopeaan ja tehokkaan erottamiseen nestem\u00e4isist\u00e4 aineista. Sopii hyvin prosessiin, jossa k\u00e4ytet\u00e4\u00e4n paljon vett\u00e4.<br>Laitteen etuna ovat sen edullisuus, nesteen suuri virtausnopeus, seulojen pitk\u00e4 k\u00e4ytt\u00f6ik\u00e4 sek\u00e4 seikka, ett\u00e4 laitteessa ei ole liikkuvia osia. Voidaan k\u00e4ytt\u00e4\u00e4 itsen\u00e4isen\u00e4 laitteena tai j\u00e4rjestelm\u00e4n osana.<\/p>\n","protected":false},"featured_media":0,"parent":2645,"menu_order":86,"template":"","class_list":["post-2698","product","type-product","status-publish","hentry"],"acf":[],"_links":{"self":[{"href":"https:\/\/www.tektrade.ee\/fi\/wp-json\/wp\/v2\/product\/2698","targetHints":{"allow":["GET"]}}],"collection":[{"href":"https:\/\/www.tektrade.ee\/fi\/wp-json\/wp\/v2\/product"}],"about":[{"href":"https:\/\/www.tektrade.ee\/fi\/wp-json\/wp\/v2\/types\/product"}],"version-history":[{"count":2,"href":"https:\/\/www.tektrade.ee\/fi\/wp-json\/wp\/v2\/product\/2698\/revisions"}],"predecessor-version":[{"id":3192,"href":"https:\/\/www.tektrade.ee\/fi\/wp-json\/wp\/v2\/product\/2698\/revisions\/3192"}],"up":[{"embeddable":true,"href":"https:\/\/www.tektrade.ee\/fi\/wp-json\/wp\/v2\/product\/2645"}],"wp:attachment":[{"href":"https:\/\/www.tektrade.ee\/fi\/wp-json\/wp\/v2\/media?parent=2698"}],"curies":[{"name":"wp","href":"https:\/\/api.w.org\/{rel}","templated":true}]}}