{"id":2695,"date":"2025-08-16T11:57:18","date_gmt":"2025-08-16T08:57:18","guid":{"rendered":"https:\/\/www.tektrade.ee\/fi\/?post_type=product&#038;p=2695"},"modified":"2025-08-18T00:08:02","modified_gmt":"2025-08-17T21:08:02","slug":"kokkareiden-murskaimet","status":"publish","type":"product","link":"https:\/\/www.tektrade.ee\/fi\/toutteet\/jauheiden-kasittelylaitteet\/kokkareiden-murskaimet\/","title":{"rendered":"Kokkareiden murskaimet"},"content":{"rendered":"\n<div class=\"wp-block-group is-nowrap is-layout-flex wp-container-core-group-is-layout-ad2f72ca wp-block-group-is-layout-flex\">\n<div class=\"wp-block-group is-layout-constrained wp-block-group-is-layout-constrained\">\n<figure class=\"wp-block-image alignleft size-full\"><img loading=\"lazy\" decoding=\"async\" width=\"300\" height=\"280\" src=\"https:\/\/www.tektrade.ee\/fi\/wp-content\/uploads\/sites\/5\/2025\/08\/ResizedImage300280-Klompide-purustid.jpg\" alt=\"\" class=\"wp-image-2696\"\/><figcaption class=\"wp-element-caption\">Kokkareiden murskain<br><\/figcaption><\/figure>\n<\/div>\n<\/div>\n\n\n\n<p>Kokkareiden murskaimia k\u00e4ytet\u00e4\u00e4n jauhekokkareiden murskaamiseen ja hienontamiseen. Kokkareita syntyy yleens\u00e4 jauheiden varastoinnissa ja ne hienonnetaan ennen niiden jatkok\u00e4sittely\u00e4 tai kuljettamista. Murskaimia voidaan hankkia tarpeen mukaisen kokoisena ja erilaisilla tuotantotehoilla.<\/p>\n\n\n\n<p>Kokkareista materiaalia jauhetaan erimuotoisilla veitsill\u00e4, joista osa on kiinnitetty py\u00f6riv\u00e4\u00e4n akseliin ja osa passiivisina murskaimen runkoon.<br><br>Kun materiaali on painava ja kiinte\u00e4 ja murskattujen kappaleiden koko pit\u00e4\u00e4 tarkistaa, murskaukseen yhdistet\u00e4\u00e4n seula. Isommat kokkareet j\u00e4\u00e4v\u00e4t t\u00e4ll\u00f6in seulaan ja jauhetaan murskaimen veitsill\u00e4 sopivaan kokoon, jotta ne l\u00e4p\u00e4isiv\u00e4t seulan aukot.<\/p>\n\n\n\n<p><\/p>\n","protected":false},"featured_media":0,"parent":2645,"menu_order":87,"template":"","class_list":["post-2695","product","type-product","status-publish","hentry"],"acf":[],"_links":{"self":[{"href":"https:\/\/www.tektrade.ee\/fi\/wp-json\/wp\/v2\/product\/2695","targetHints":{"allow":["GET"]}}],"collection":[{"href":"https:\/\/www.tektrade.ee\/fi\/wp-json\/wp\/v2\/product"}],"about":[{"href":"https:\/\/www.tektrade.ee\/fi\/wp-json\/wp\/v2\/types\/product"}],"version-history":[{"count":2,"href":"https:\/\/www.tektrade.ee\/fi\/wp-json\/wp\/v2\/product\/2695\/revisions"}],"predecessor-version":[{"id":3193,"href":"https:\/\/www.tektrade.ee\/fi\/wp-json\/wp\/v2\/product\/2695\/revisions\/3193"}],"up":[{"embeddable":true,"href":"https:\/\/www.tektrade.ee\/fi\/wp-json\/wp\/v2\/product\/2645"}],"wp:attachment":[{"href":"https:\/\/www.tektrade.ee\/fi\/wp-json\/wp\/v2\/media?parent=2695"}],"curies":[{"name":"wp","href":"https:\/\/api.w.org\/{rel}","templated":true}]}}