{"id":2692,"date":"2025-08-16T11:56:39","date_gmt":"2025-08-16T08:56:39","guid":{"rendered":"https:\/\/www.tektrade.ee\/fi\/?post_type=product&#038;p=2692"},"modified":"2025-08-18T00:08:24","modified_gmt":"2025-08-17T21:08:24","slug":"vakuumikuljettimet","status":"publish","type":"product","link":"https:\/\/www.tektrade.ee\/fi\/toutteet\/jauheiden-kasittelylaitteet\/vakuumikuljettimet\/","title":{"rendered":"Vakuumikuljettimet"},"content":{"rendered":"\n<div class=\"wp-block-group is-nowrap is-layout-flex wp-container-core-group-is-layout-ad2f72ca wp-block-group-is-layout-flex\">\n<div class=\"wp-block-group is-layout-constrained wp-block-group-is-layout-constrained\">\n<figure class=\"wp-block-image alignleft size-full\"><img loading=\"lazy\" decoding=\"async\" width=\"300\" height=\"323\" src=\"https:\/\/www.tektrade.ee\/fi\/wp-content\/uploads\/sites\/5\/2025\/08\/ResizedImage300323-Vaakumkonveierid.jpg\" alt=\"\" class=\"wp-image-2693\" srcset=\"https:\/\/www.tektrade.ee\/fi\/wp-content\/uploads\/sites\/5\/2025\/08\/ResizedImage300323-Vaakumkonveierid.jpg 300w, https:\/\/www.tektrade.ee\/fi\/wp-content\/uploads\/sites\/5\/2025\/08\/ResizedImage300323-Vaakumkonveierid-279x300.jpg 279w\" sizes=\"auto, (max-width: 300px) 100vw, 300px\" \/><figcaption class=\"wp-element-caption\"><em>Vakuumikuljetin<br><\/em><\/figcaption><\/figure>\n<\/div>\n<\/div>\n\n\n\n<p>Vakuumikuljettimet ovat rakenteeltaan yksinkertaisia. Niiss\u00e4 on v\u00e4h\u00e4n liikkuvia osia ja niit\u00e4 on helppo k\u00e4ytt\u00e4\u00e4 ja huoltaa.<br><br>Suurin osa vakuumikuljetinj\u00e4rjestelmi\u00e4 toimivat syklisen toiminnan periaatteen mukaisesti, jossa j\u00e4rjestelm\u00e4 kuljettaa jauheen jonkin ajan sis\u00e4ll\u00e4 eteenp\u00e4in tai jollekin tasolle. Sen j\u00e4lkeen liike pys\u00e4htyy, tyhjennysventtiili avataan, jauhe poistetaan ja suodattimet puhdistetaan. Sen j\u00e4lkeen prosessi toistuu.<\/p>\n\n\n\n<p>Vakuumikuljetinj\u00e4rjestelm\u00e4n toiminnan varmistavat kuljetinlaitteen lis\u00e4ksi kolme muuta t\u00e4rke\u00e4\u00e4 elementti\u00e4:<\/p>\n\n\n\n<ol class=\"wp-block-list\">\n<li>materiaalin lastauspaikka \u2013 suppilo, astia, s\u00e4kintyhjennysj\u00e4rjestelm\u00e4;<\/li>\n\n\n\n<li>vakuumivastaanotin \u2013 erottaa tuotteen kuljettavasta p\u00f6lyisest\u00e4 ilmasta;<\/li>\n\n\n\n<li>vakuumipumppupaketti \u2013 koostuu vakuumin luovasta pumpusta, ilmasuodattimesta ja s\u00e4\u00e4t\u00f6venttiilist\u00e4.<\/li>\n<\/ol>\n","protected":false},"featured_media":0,"parent":2645,"menu_order":88,"template":"","class_list":["post-2692","product","type-product","status-publish","hentry"],"acf":[],"_links":{"self":[{"href":"https:\/\/www.tektrade.ee\/fi\/wp-json\/wp\/v2\/product\/2692","targetHints":{"allow":["GET"]}}],"collection":[{"href":"https:\/\/www.tektrade.ee\/fi\/wp-json\/wp\/v2\/product"}],"about":[{"href":"https:\/\/www.tektrade.ee\/fi\/wp-json\/wp\/v2\/types\/product"}],"version-history":[{"count":2,"href":"https:\/\/www.tektrade.ee\/fi\/wp-json\/wp\/v2\/product\/2692\/revisions"}],"predecessor-version":[{"id":3194,"href":"https:\/\/www.tektrade.ee\/fi\/wp-json\/wp\/v2\/product\/2692\/revisions\/3194"}],"up":[{"embeddable":true,"href":"https:\/\/www.tektrade.ee\/fi\/wp-json\/wp\/v2\/product\/2645"}],"wp:attachment":[{"href":"https:\/\/www.tektrade.ee\/fi\/wp-json\/wp\/v2\/media?parent=2692"}],"curies":[{"name":"wp","href":"https:\/\/api.w.org\/{rel}","templated":true}]}}