{"id":2689,"date":"2025-08-16T11:56:05","date_gmt":"2025-08-16T08:56:05","guid":{"rendered":"https:\/\/www.tektrade.ee\/fi\/?post_type=product&#038;p=2689"},"modified":"2025-08-18T00:08:50","modified_gmt":"2025-08-17T21:08:50","slug":"kauhakuljettimet","status":"publish","type":"product","link":"https:\/\/www.tektrade.ee\/fi\/toutteet\/jauheiden-kasittelylaitteet\/kauhakuljettimet\/","title":{"rendered":"Kauhakuljettimet"},"content":{"rendered":"\n<div class=\"wp-block-group is-nowrap is-layout-flex wp-container-core-group-is-layout-ad2f72ca wp-block-group-is-layout-flex\">\n<div class=\"wp-block-group is-layout-constrained wp-block-group-is-layout-constrained\">\n<figure class=\"wp-block-image alignleft size-full\"><img loading=\"lazy\" decoding=\"async\" width=\"300\" height=\"287\" src=\"https:\/\/www.tektrade.ee\/fi\/wp-content\/uploads\/sites\/5\/2025\/08\/ResizedImage300287-Konveierid.jpg\" alt=\"\" class=\"wp-image-2690\"\/><figcaption class=\"wp-element-caption\">Kauhakuljettimet<\/figcaption><\/figure>\n<\/div>\n<\/div>\n\n\n\n<div style=\"height:30px\" aria-hidden=\"true\" class=\"wp-block-spacer\"><\/div>\n\n\n\n<p>Kauhakuljetin tai hissi on tarkoitettu irtotavaran tai hauraiden tuotteiden jatkuvatoimiseen pystysuuntaiseen kuljettamiseen. T\u00e4llainen menetelm\u00e4 on siirrett\u00e4v\u00e4n materiaalin m\u00e4\u00e4r\u00e4 huomioiden hyvin taloudellinen ja helppok\u00e4ytt\u00f6inen.<\/p>\n\n\n\n<p>Kauhakuljetin koostuu k\u00e4ytt\u00f6moottorista, kantavasta rakenteesta, johon kuuluvat kuljetinhihna ja ketju sek\u00e4 vaihteistosta.<\/p>\n","protected":false},"featured_media":0,"parent":2645,"menu_order":89,"template":"","class_list":["post-2689","product","type-product","status-publish","hentry"],"acf":[],"_links":{"self":[{"href":"https:\/\/www.tektrade.ee\/fi\/wp-json\/wp\/v2\/product\/2689","targetHints":{"allow":["GET"]}}],"collection":[{"href":"https:\/\/www.tektrade.ee\/fi\/wp-json\/wp\/v2\/product"}],"about":[{"href":"https:\/\/www.tektrade.ee\/fi\/wp-json\/wp\/v2\/types\/product"}],"version-history":[{"count":2,"href":"https:\/\/www.tektrade.ee\/fi\/wp-json\/wp\/v2\/product\/2689\/revisions"}],"predecessor-version":[{"id":3195,"href":"https:\/\/www.tektrade.ee\/fi\/wp-json\/wp\/v2\/product\/2689\/revisions\/3195"}],"up":[{"embeddable":true,"href":"https:\/\/www.tektrade.ee\/fi\/wp-json\/wp\/v2\/product\/2645"}],"wp:attachment":[{"href":"https:\/\/www.tektrade.ee\/fi\/wp-json\/wp\/v2\/media?parent=2689"}],"curies":[{"name":"wp","href":"https:\/\/api.w.org\/{rel}","templated":true}]}}