{"id":2686,"date":"2025-08-16T11:55:29","date_gmt":"2025-08-16T08:55:29","guid":{"rendered":"https:\/\/www.tektrade.ee\/fi\/?post_type=product&#038;p=2686"},"modified":"2025-08-18T00:09:10","modified_gmt":"2025-08-17T21:09:10","slug":"liukukuljetin","status":"publish","type":"product","link":"https:\/\/www.tektrade.ee\/fi\/toutteet\/jauheiden-kasittelylaitteet\/liukukuljetin\/","title":{"rendered":"Liukukuljetin"},"content":{"rendered":"\n<div class=\"wp-block-group is-nowrap is-layout-flex wp-container-core-group-is-layout-ad2f72ca wp-block-group-is-layout-flex\">\n<div class=\"wp-block-group is-layout-constrained wp-block-group-is-layout-constrained\">\n<figure class=\"wp-block-image alignleft size-full\"><img loading=\"lazy\" decoding=\"async\" width=\"300\" height=\"204\" src=\"https:\/\/www.tektrade.ee\/fi\/wp-content\/uploads\/sites\/5\/2025\/08\/ResizedImage300204-Liugurid.jpg\" alt=\"\" class=\"wp-image-2687\"\/><figcaption class=\"wp-element-caption\"><em>Liukukuljetin<br><\/em><\/figcaption><\/figure>\n<\/div>\n<\/div>\n\n\n\n<p>Liukukuljetin on kaikkien taloudellisen tapa jauheiden siirt\u00e4miseen. Liukukuljetin pystyy kuljettamaan nesteydytty\u00e4 irtotavaraa. Materiaalin nesteytt\u00e4miseen puhalletaan jauheeseen alta ilmaa ja jauheessa tapahtuu nk. pseudonesteytysprosessi. Liukukuljetin toimii yleens\u00e4 5-15\u00b0 kulmassa, kulmaan vaikuttaa kuljetettava materiaali. Liukukuljettimia k\u00e4ytet\u00e4\u00e4n erityisesti pitkiss\u00e4, muutaman sadan metrin siirtoreiteill\u00e4.<\/p>\n\n\n\n<p>Liukukuljettimen edut:<\/p>\n\n\n\n<ul class=\"wp-block-list\">\n<li>alhaiset huoltokustannukset, koska py\u00f6rivi\u00e4, materiaaliin kosketuksiin joutuvia osia ei ole;<\/li>\n\n\n\n<li>V\u00e4h\u00e4iset huoltokustannukset (vaatii vain kankaan asentamisen);<\/li>\n\n\n\n<li>Erinomainen energias\u00e4\u00e4st\u00f6 kuljetettavan materiaalin yksikk\u00f6\u00e4 kohtaan;<\/li>\n\n\n\n<li>Alhaiset sijoituskustannukset.<\/li>\n<\/ul>\n","protected":false},"featured_media":0,"parent":2645,"menu_order":90,"template":"","class_list":["post-2686","product","type-product","status-publish","hentry"],"acf":[],"_links":{"self":[{"href":"https:\/\/www.tektrade.ee\/fi\/wp-json\/wp\/v2\/product\/2686","targetHints":{"allow":["GET"]}}],"collection":[{"href":"https:\/\/www.tektrade.ee\/fi\/wp-json\/wp\/v2\/product"}],"about":[{"href":"https:\/\/www.tektrade.ee\/fi\/wp-json\/wp\/v2\/types\/product"}],"version-history":[{"count":2,"href":"https:\/\/www.tektrade.ee\/fi\/wp-json\/wp\/v2\/product\/2686\/revisions"}],"predecessor-version":[{"id":3196,"href":"https:\/\/www.tektrade.ee\/fi\/wp-json\/wp\/v2\/product\/2686\/revisions\/3196"}],"up":[{"embeddable":true,"href":"https:\/\/www.tektrade.ee\/fi\/wp-json\/wp\/v2\/product\/2645"}],"wp:attachment":[{"href":"https:\/\/www.tektrade.ee\/fi\/wp-json\/wp\/v2\/media?parent=2686"}],"curies":[{"name":"wp","href":"https:\/\/api.w.org\/{rel}","templated":true}]}}